{"id":1246,"date":"2019-01-15T14:34:35","date_gmt":"2019-01-15T13:34:35","guid":{"rendered":"https:\/\/tia.fr\/empresa-y-valores\/"},"modified":"2019-01-15T14:34:35","modified_gmt":"2019-01-15T13:34:35","slug":"empresa-y-valores","status":"publish","type":"page","link":"https:\/\/tia.fr\/es\/la-empresa\/empresa-y-valores\/","title":{"rendered":"Empresa y Valores"},"content":{"rendered":"<p>Fundada en 1989, la empresa T.I.A. dise\u00f1a, fabrica y ofrece instalaciones industriales y pilotos utilizando las t\u00e9cnicas de filtraci\u00f3n por membrana. Tenemos la ambici\u00f3n de convertirnos en una empresa reconocida por todos gracias a su experiencia, la calidad y el rendimiento de las unidades y servicios que brinda.<\/p>\n<h2>Nuestros valores <\/h2>\n<div class=\"gca-column one-third first\"><h3>Excelencia<\/h3>\n<p>Diversidad, versatilidad, flexibilidad, cooperaci\u00f3n,  proximidad son tantas ventajas que permiten a los hombres y mujeres de la empresa ofrecer los mejores asesoramientos y brindar respuestas personalizadas a las necesidades de nuestros clientes y socios.<br \/><\/div>\n<div class=\"gca-column one-third\"><h3> Esp\u00edritu de equipo<\/h3>\n<p>El esp\u00edritu de equipo es un valor primordial en T.I.A. Todos los proyectos son llevados a cabo en equipo y la transdisciplinariedad es un principio de trabajo constante, como lo es la escucha, el respecto de los dem\u00e1s y la transparencia. Estamos convencidos de que la suma de las inteligencias individuales forma la inteligencia colectiva.<br \/><\/div>\n<div class=\"gca-column one-third\"><h3>Agilidad<\/h3>\n<p>T.I.A. es una empresa en movimiento en mercados en movimiento. Deseamos ser de aquellos y  estar con aquellos que tienen ideas para imaginar, compartir, experimentar. La proximidad, la escucha y la colaboraci\u00f3n riman a la perfecci\u00f3n con nuestro deseo de mejorar siempre nuestras capacidades de reacci\u00f3n y adaptaci\u00f3n.<br \/><\/div>\n","protected":false},"excerpt":{"rendered":"<p>Fundada en 1989, la empresa T.I.A. dise\u00f1a, fabrica y ofrece instalaciones industriales y pilotos utilizando las t\u00e9cnicas de filtraci\u00f3n por membrana. Tenemos la ambici\u00f3n de<br \/><a class=\"excerpt-read-more bouton\" href=\"https:\/\/tia.fr\/es\/la-empresa\/empresa-y-valores\/\" title=\"Empresa y Valores\">M\u00e1s informaci\u00f3n<\/a><\/p>\n","protected":false},"author":12,"featured_media":0,"parent":1263,"menu_order":1,"comment_status":"closed","ping_status":"closed","template":"","meta":{"_acf_changed":false,"footnotes":""},"class_list":["post-1246","page","type-page","status-publish","hentry"],"acf":[],"yoast_head":"<!-- This site is optimized with the Yoast SEO plugin v26.9 - https:\/\/yoast.com\/product\/yoast-seo-wordpress\/ -->\n<title>Empresa y Valores - TIA<\/title>\n<meta name=\"robots\" content=\"index, follow, max-snippet:-1, max-image-preview:large, max-video-preview:-1\" \/>\n<link rel=\"canonical\" href=\"https:\/\/tia.fr\/es\/la-empresa\/empresa-y-valores\/\" \/>\n<meta property=\"og:locale\" content=\"es_ES\" \/>\n<meta property=\"og:type\" content=\"article\" \/>\n<meta property=\"og:title\" content=\"Empresa y Valores - TIA\" \/>\n<meta property=\"og:description\" content=\"Fundada en 1989, la empresa T.I.A. dise\u00f1a, fabrica y ofrece instalaciones industriales y pilotos utilizando las t\u00e9cnicas de filtraci\u00f3n por membrana. Tenemos la ambici\u00f3n deM\u00e1s informaci\u00f3n\" \/>\n<meta property=\"og:url\" content=\"https:\/\/tia.fr\/es\/la-empresa\/empresa-y-valores\/\" \/>\n<meta property=\"og:site_name\" content=\"TIA\" \/>\n<meta name=\"twitter:card\" content=\"summary_large_image\" \/>\n<meta name=\"twitter:label1\" content=\"Tiempo de lectura\" \/>\n\t<meta name=\"twitter:data1\" content=\"1 minuto\" \/>\n<script type=\"application\/ld+json\" class=\"yoast-schema-graph\">{\"@context\":\"https:\/\/schema.org\",\"@graph\":[{\"@type\":\"WebPage\",\"@id\":\"https:\/\/tia.fr\/es\/la-empresa\/empresa-y-valores\/\",\"url\":\"https:\/\/tia.fr\/es\/la-empresa\/empresa-y-valores\/\",\"name\":\"Empresa y Valores - TIA\",\"isPartOf\":{\"@id\":\"https:\/\/tia.fr\/es\/#website\"},\"datePublished\":\"2019-01-15T13:34:35+00:00\",\"breadcrumb\":{\"@id\":\"https:\/\/tia.fr\/es\/la-empresa\/empresa-y-valores\/#breadcrumb\"},\"inLanguage\":\"es\",\"potentialAction\":[{\"@type\":\"ReadAction\",\"target\":[\"https:\/\/tia.fr\/es\/la-empresa\/empresa-y-valores\/\"]}]},{\"@type\":\"BreadcrumbList\",\"@id\":\"https:\/\/tia.fr\/es\/la-empresa\/empresa-y-valores\/#breadcrumb\",\"itemListElement\":[{\"@type\":\"ListItem\",\"position\":1,\"name\":\"Inicio\",\"item\":\"https:\/\/tia.fr\/es\/\"},{\"@type\":\"ListItem\",\"position\":2,\"name\":\"La empresa\",\"item\":\"https:\/\/tia.fr\/es\/la-empresa\/\"},{\"@type\":\"ListItem\",\"position\":3,\"name\":\"Empresa y Valores\"}]},{\"@type\":\"WebSite\",\"@id\":\"https:\/\/tia.fr\/es\/#website\",\"url\":\"https:\/\/tia.fr\/es\/\",\"name\":\"TIA\",\"description\":\"la filtraci\u00f3n de membrana a medida.\",\"potentialAction\":[{\"@type\":\"SearchAction\",\"target\":{\"@type\":\"EntryPoint\",\"urlTemplate\":\"https:\/\/tia.fr\/es\/?s={search_term_string}\"},\"query-input\":{\"@type\":\"PropertyValueSpecification\",\"valueRequired\":true,\"valueName\":\"search_term_string\"}}],\"inLanguage\":\"es\"}]}<\/script>\n<!-- \/ Yoast SEO plugin. -->","yoast_head_json":{"title":"Empresa y Valores - TIA","robots":{"index":"index","follow":"follow","max-snippet":"max-snippet:-1","max-image-preview":"max-image-preview:large","max-video-preview":"max-video-preview:-1"},"canonical":"https:\/\/tia.fr\/es\/la-empresa\/empresa-y-valores\/","og_locale":"es_ES","og_type":"article","og_title":"Empresa y Valores - TIA","og_description":"Fundada en 1989, la empresa T.I.A. dise\u00f1a, fabrica y ofrece instalaciones industriales y pilotos utilizando las t\u00e9cnicas de filtraci\u00f3n por membrana. Tenemos la ambici\u00f3n deM\u00e1s informaci\u00f3n","og_url":"https:\/\/tia.fr\/es\/la-empresa\/empresa-y-valores\/","og_site_name":"TIA","twitter_card":"summary_large_image","twitter_misc":{"Tiempo de lectura":"1 minuto"},"schema":{"@context":"https:\/\/schema.org","@graph":[{"@type":"WebPage","@id":"https:\/\/tia.fr\/es\/la-empresa\/empresa-y-valores\/","url":"https:\/\/tia.fr\/es\/la-empresa\/empresa-y-valores\/","name":"Empresa y Valores - TIA","isPartOf":{"@id":"https:\/\/tia.fr\/es\/#website"},"datePublished":"2019-01-15T13:34:35+00:00","breadcrumb":{"@id":"https:\/\/tia.fr\/es\/la-empresa\/empresa-y-valores\/#breadcrumb"},"inLanguage":"es","potentialAction":[{"@type":"ReadAction","target":["https:\/\/tia.fr\/es\/la-empresa\/empresa-y-valores\/"]}]},{"@type":"BreadcrumbList","@id":"https:\/\/tia.fr\/es\/la-empresa\/empresa-y-valores\/#breadcrumb","itemListElement":[{"@type":"ListItem","position":1,"name":"Inicio","item":"https:\/\/tia.fr\/es\/"},{"@type":"ListItem","position":2,"name":"La empresa","item":"https:\/\/tia.fr\/es\/la-empresa\/"},{"@type":"ListItem","position":3,"name":"Empresa y Valores"}]},{"@type":"WebSite","@id":"https:\/\/tia.fr\/es\/#website","url":"https:\/\/tia.fr\/es\/","name":"TIA","description":"la filtraci\u00f3n de membrana a medida.","potentialAction":[{"@type":"SearchAction","target":{"@type":"EntryPoint","urlTemplate":"https:\/\/tia.fr\/es\/?s={search_term_string}"},"query-input":{"@type":"PropertyValueSpecification","valueRequired":true,"valueName":"search_term_string"}}],"inLanguage":"es"}]}},"_links":{"self":[{"href":"https:\/\/tia.fr\/es\/wp-json\/wp\/v2\/pages\/1246","targetHints":{"allow":["GET"]}}],"collection":[{"href":"https:\/\/tia.fr\/es\/wp-json\/wp\/v2\/pages"}],"about":[{"href":"https:\/\/tia.fr\/es\/wp-json\/wp\/v2\/types\/page"}],"author":[{"embeddable":true,"href":"https:\/\/tia.fr\/es\/wp-json\/wp\/v2\/users\/12"}],"replies":[{"embeddable":true,"href":"https:\/\/tia.fr\/es\/wp-json\/wp\/v2\/comments?post=1246"}],"version-history":[{"count":0,"href":"https:\/\/tia.fr\/es\/wp-json\/wp\/v2\/pages\/1246\/revisions"}],"up":[{"embeddable":true,"href":"https:\/\/tia.fr\/es\/wp-json\/wp\/v2\/pages\/1263"}],"wp:attachment":[{"href":"https:\/\/tia.fr\/es\/wp-json\/wp\/v2\/media?parent=1246"}],"curies":[{"name":"wp","href":"https:\/\/api.w.org\/{rel}","templated":true}]}}