{"id":1247,"date":"2019-01-15T14:35:05","date_gmt":"2019-01-15T13:35:05","guid":{"rendered":"https:\/\/tia.fr\/actividad-innovacion\/"},"modified":"2019-01-15T14:35:05","modified_gmt":"2019-01-15T13:35:05","slug":"actividad-innovacion","status":"publish","type":"page","link":"https:\/\/tia.fr\/es\/la-empresa\/actividad-innovacion\/","title":{"rendered":"Actividad &#038; Innovaci\u00f3n"},"content":{"rendered":"<p>Acompa\u00f1amos nuestros clientes en sus tr\u00e1mites innovadores para implementar t\u00e9cnicas de filtraci\u00f3n por membrana. Hemos elegido nuestra independencia y, por lo tanto, podemos unirnos para responder con pertinencia a todas las solicitudes de nuestros clientes.<\/p>\n<h2>Experiencia<\/h2>\n<p>Durante casi treinta a\u00f1os, hemos desarrollado una base de datos de referencia que nos permite sugerir la tecnolog\u00eda de filtraci\u00f3n tangencial m\u00e1s pertinente. Nuestro equipo multidisciplinario te acompa\u00f1ar\u00e1 durante la duraci\u00f3n de tu proyecto y analizar\u00e1 contigo tus limitaciones espec\u00edficas. Nuestro enfoque es pragm\u00e1tico y orientado hacia el \u00e9xito.<\/p>\n<h2>Pilotaje<\/h2>\n<p>Con una gran flota de instalaciones piloto, que nos permiten implementar todas las t\u00e9cnicas de filtraci\u00f3n por membrana, tenemos la posibilidad de brindarte asistencia durante tus pruebas de viabilidad y tu desarrollo. Los datos recopilados en estos equipos, que var\u00edan en tama\u00f1o desde el piloto de sobremesa hasta la instalaci\u00f3n preindustrial, nos permitir\u00e1n ofrecer el tama\u00f1o \u00f3ptimo para tu instalaci\u00f3n del proceso.<\/p>\n<h2>Cambio de escala<\/h2>\n<p>Pasar de resultados experimentales a la producci\u00f3n industrial requiere la experiencia y los conocimientos t\u00e9cnicos que poseemos. Nuestro equipo, formado por ingenieros y t\u00e9cnicos con capacitaciones muy diversas, es capaz de comprender estos desaf\u00edos y ofrecerte la mejor soluci\u00f3n. La operaci\u00f3n unitaria de filtraci\u00f3n se puede integrar armoniosamente en una nueva instalaci\u00f3n de producci\u00f3n industrial o en un proceso ya presente en tu sitio.<\/p>\n<h2>Innovaci\u00f3n<\/h2>\n<p>Cada a\u00f1o, dedicamos una parte significativa de nuestros ingresos a nuestras actividades de investigaci\u00f3n y desarrollo para imaginar soluciones futuras para tecnolog\u00edas de membrana. TIA posee as\u00ed varias patentes francesas y europeas.<\/p>\n","protected":false},"excerpt":{"rendered":"<p>Acompa\u00f1amos nuestros clientes en sus tr\u00e1mites innovadores para implementar t\u00e9cnicas de filtraci\u00f3n por membrana. Hemos elegido nuestra independencia y, por lo tanto, podemos unirnos para<br \/><a class=\"excerpt-read-more bouton\" href=\"https:\/\/tia.fr\/es\/la-empresa\/actividad-innovacion\/\" title=\"Actividad &#038; Innovaci\u00f3n\">M\u00e1s informaci\u00f3n<\/a><\/p>\n","protected":false},"author":12,"featured_media":0,"parent":1263,"menu_order":2,"comment_status":"closed","ping_status":"closed","template":"","meta":{"_acf_changed":false,"footnotes":""},"class_list":["post-1247","page","type-page","status-publish","hentry"],"acf":[],"yoast_head":"<!-- This site is optimized with the Yoast SEO plugin v26.9 - https:\/\/yoast.com\/product\/yoast-seo-wordpress\/ -->\n<title>Actividad &amp; Innovaci\u00f3n - TIA<\/title>\n<meta name=\"robots\" content=\"index, follow, max-snippet:-1, max-image-preview:large, max-video-preview:-1\" \/>\n<link rel=\"canonical\" href=\"https:\/\/tia.fr\/es\/la-empresa\/actividad-innovacion\/\" \/>\n<meta property=\"og:locale\" content=\"es_ES\" \/>\n<meta property=\"og:type\" content=\"article\" \/>\n<meta property=\"og:title\" content=\"Actividad &amp; Innovaci\u00f3n - TIA\" \/>\n<meta property=\"og:description\" content=\"Acompa\u00f1amos nuestros clientes en sus tr\u00e1mites innovadores para implementar t\u00e9cnicas de filtraci\u00f3n por membrana. Hemos elegido nuestra independencia y, por lo tanto, podemos unirnos paraM\u00e1s informaci\u00f3n\" \/>\n<meta property=\"og:url\" content=\"https:\/\/tia.fr\/es\/la-empresa\/actividad-innovacion\/\" \/>\n<meta property=\"og:site_name\" content=\"TIA\" \/>\n<meta name=\"twitter:card\" content=\"summary_large_image\" \/>\n<meta name=\"twitter:label1\" content=\"Tiempo de lectura\" \/>\n\t<meta name=\"twitter:data1\" content=\"1 minuto\" \/>\n<script type=\"application\/ld+json\" class=\"yoast-schema-graph\">{\"@context\":\"https:\/\/schema.org\",\"@graph\":[{\"@type\":\"WebPage\",\"@id\":\"https:\/\/tia.fr\/es\/la-empresa\/actividad-innovacion\/\",\"url\":\"https:\/\/tia.fr\/es\/la-empresa\/actividad-innovacion\/\",\"name\":\"Actividad & Innovaci\u00f3n - TIA\",\"isPartOf\":{\"@id\":\"https:\/\/tia.fr\/es\/#website\"},\"datePublished\":\"2019-01-15T13:35:05+00:00\",\"breadcrumb\":{\"@id\":\"https:\/\/tia.fr\/es\/la-empresa\/actividad-innovacion\/#breadcrumb\"},\"inLanguage\":\"es\",\"potentialAction\":[{\"@type\":\"ReadAction\",\"target\":[\"https:\/\/tia.fr\/es\/la-empresa\/actividad-innovacion\/\"]}]},{\"@type\":\"BreadcrumbList\",\"@id\":\"https:\/\/tia.fr\/es\/la-empresa\/actividad-innovacion\/#breadcrumb\",\"itemListElement\":[{\"@type\":\"ListItem\",\"position\":1,\"name\":\"Inicio\",\"item\":\"https:\/\/tia.fr\/es\/\"},{\"@type\":\"ListItem\",\"position\":2,\"name\":\"La empresa\",\"item\":\"https:\/\/tia.fr\/es\/la-empresa\/\"},{\"@type\":\"ListItem\",\"position\":3,\"name\":\"Actividad &#038; Innovaci\u00f3n\"}]},{\"@type\":\"WebSite\",\"@id\":\"https:\/\/tia.fr\/es\/#website\",\"url\":\"https:\/\/tia.fr\/es\/\",\"name\":\"TIA\",\"description\":\"la filtraci\u00f3n de membrana a medida.\",\"potentialAction\":[{\"@type\":\"SearchAction\",\"target\":{\"@type\":\"EntryPoint\",\"urlTemplate\":\"https:\/\/tia.fr\/es\/?s={search_term_string}\"},\"query-input\":{\"@type\":\"PropertyValueSpecification\",\"valueRequired\":true,\"valueName\":\"search_term_string\"}}],\"inLanguage\":\"es\"}]}<\/script>\n<!-- \/ Yoast SEO plugin. -->","yoast_head_json":{"title":"Actividad & Innovaci\u00f3n - TIA","robots":{"index":"index","follow":"follow","max-snippet":"max-snippet:-1","max-image-preview":"max-image-preview:large","max-video-preview":"max-video-preview:-1"},"canonical":"https:\/\/tia.fr\/es\/la-empresa\/actividad-innovacion\/","og_locale":"es_ES","og_type":"article","og_title":"Actividad & Innovaci\u00f3n - TIA","og_description":"Acompa\u00f1amos nuestros clientes en sus tr\u00e1mites innovadores para implementar t\u00e9cnicas de filtraci\u00f3n por membrana. Hemos elegido nuestra independencia y, por lo tanto, podemos unirnos paraM\u00e1s informaci\u00f3n","og_url":"https:\/\/tia.fr\/es\/la-empresa\/actividad-innovacion\/","og_site_name":"TIA","twitter_card":"summary_large_image","twitter_misc":{"Tiempo de lectura":"1 minuto"},"schema":{"@context":"https:\/\/schema.org","@graph":[{"@type":"WebPage","@id":"https:\/\/tia.fr\/es\/la-empresa\/actividad-innovacion\/","url":"https:\/\/tia.fr\/es\/la-empresa\/actividad-innovacion\/","name":"Actividad & Innovaci\u00f3n - TIA","isPartOf":{"@id":"https:\/\/tia.fr\/es\/#website"},"datePublished":"2019-01-15T13:35:05+00:00","breadcrumb":{"@id":"https:\/\/tia.fr\/es\/la-empresa\/actividad-innovacion\/#breadcrumb"},"inLanguage":"es","potentialAction":[{"@type":"ReadAction","target":["https:\/\/tia.fr\/es\/la-empresa\/actividad-innovacion\/"]}]},{"@type":"BreadcrumbList","@id":"https:\/\/tia.fr\/es\/la-empresa\/actividad-innovacion\/#breadcrumb","itemListElement":[{"@type":"ListItem","position":1,"name":"Inicio","item":"https:\/\/tia.fr\/es\/"},{"@type":"ListItem","position":2,"name":"La empresa","item":"https:\/\/tia.fr\/es\/la-empresa\/"},{"@type":"ListItem","position":3,"name":"Actividad &#038; Innovaci\u00f3n"}]},{"@type":"WebSite","@id":"https:\/\/tia.fr\/es\/#website","url":"https:\/\/tia.fr\/es\/","name":"TIA","description":"la filtraci\u00f3n de membrana a medida.","potentialAction":[{"@type":"SearchAction","target":{"@type":"EntryPoint","urlTemplate":"https:\/\/tia.fr\/es\/?s={search_term_string}"},"query-input":{"@type":"PropertyValueSpecification","valueRequired":true,"valueName":"search_term_string"}}],"inLanguage":"es"}]}},"_links":{"self":[{"href":"https:\/\/tia.fr\/es\/wp-json\/wp\/v2\/pages\/1247","targetHints":{"allow":["GET"]}}],"collection":[{"href":"https:\/\/tia.fr\/es\/wp-json\/wp\/v2\/pages"}],"about":[{"href":"https:\/\/tia.fr\/es\/wp-json\/wp\/v2\/types\/page"}],"author":[{"embeddable":true,"href":"https:\/\/tia.fr\/es\/wp-json\/wp\/v2\/users\/12"}],"replies":[{"embeddable":true,"href":"https:\/\/tia.fr\/es\/wp-json\/wp\/v2\/comments?post=1247"}],"version-history":[{"count":0,"href":"https:\/\/tia.fr\/es\/wp-json\/wp\/v2\/pages\/1247\/revisions"}],"up":[{"embeddable":true,"href":"https:\/\/tia.fr\/es\/wp-json\/wp\/v2\/pages\/1263"}],"wp:attachment":[{"href":"https:\/\/tia.fr\/es\/wp-json\/wp\/v2\/media?parent=1247"}],"curies":[{"name":"wp","href":"https:\/\/api.w.org\/{rel}","templated":true}]}}