{"id":1248,"date":"2019-01-15T14:35:52","date_gmt":"2019-01-15T13:35:52","guid":{"rendered":"https:\/\/tia.fr\/equipo\/"},"modified":"2019-01-15T14:35:52","modified_gmt":"2019-01-15T13:35:52","slug":"equipo","status":"publish","type":"page","link":"https:\/\/tia.fr\/es\/la-empresa\/equipo\/","title":{"rendered":"Equipo"},"content":{"rendered":"<p><a href=\"https:\/\/tia.fr\/wp-content\/uploads\/2017\/09\/Photo-Groupe.jpg\"><img loading=\"lazy\" decoding=\"async\" class=\"alignright wp-image-1164\" src=\"https:\/\/tia.fr\/wp-content\/uploads\/2017\/09\/Photo-Groupe-1200x908.jpg\" alt=\"photo \u00e9quipe TIA\" width=\"603\" height=\"610\" \/><\/a><\/p>\n<p>Nuestro equipo es experimentado y calificado. Estar\u00e1 a tu disposici\u00f3n y te ofrecer\u00e1 la soluci\u00f3n t\u00e9cnica y financiera m\u00e1s adecuada para tu proyecto.<\/p>\n<p>Hemos desarrollado una organizaci\u00f3n en equipos aut\u00f3nomos y responsables, enfocados en la eficiencia al servicio de nuestros clientes; una gesti\u00f3n at\u00edpica que promueve la confianza en las personas, la responsabilidad y la participaci\u00f3n.<br \/>\n&nbsp;<\/p>\n","protected":false},"excerpt":{"rendered":"<p>Nuestro equipo es experimentado y calificado. Estar\u00e1 a tu disposici\u00f3n y te ofrecer\u00e1 la soluci\u00f3n t\u00e9cnica y financiera m\u00e1s adecuada para tu proyecto. Hemos desarrollado<br \/><a class=\"excerpt-read-more bouton\" href=\"https:\/\/tia.fr\/es\/la-empresa\/equipo\/\" title=\"Equipo\">M\u00e1s informaci\u00f3n<\/a><\/p>\n","protected":false},"author":12,"featured_media":0,"parent":1263,"menu_order":3,"comment_status":"closed","ping_status":"closed","template":"","meta":{"_acf_changed":false,"footnotes":""},"class_list":["post-1248","page","type-page","status-publish","hentry"],"acf":[],"yoast_head":"<!-- This site is optimized with the Yoast SEO plugin v26.9 - https:\/\/yoast.com\/product\/yoast-seo-wordpress\/ -->\n<title>Equipo - TIA<\/title>\n<meta name=\"robots\" content=\"index, follow, max-snippet:-1, max-image-preview:large, max-video-preview:-1\" \/>\n<link rel=\"canonical\" href=\"https:\/\/tia.fr\/es\/la-empresa\/equipo\/\" \/>\n<meta property=\"og:locale\" content=\"es_ES\" \/>\n<meta property=\"og:type\" content=\"article\" \/>\n<meta property=\"og:title\" content=\"Equipo - TIA\" \/>\n<meta property=\"og:description\" content=\"Nuestro equipo es experimentado y calificado. Estar\u00e1 a tu disposici\u00f3n y te ofrecer\u00e1 la soluci\u00f3n t\u00e9cnica y financiera m\u00e1s adecuada para tu proyecto. Hemos desarrolladoM\u00e1s informaci\u00f3n\" \/>\n<meta property=\"og:url\" content=\"https:\/\/tia.fr\/es\/la-empresa\/equipo\/\" \/>\n<meta property=\"og:site_name\" content=\"TIA\" \/>\n<meta property=\"og:image\" content=\"https:\/\/tia.fr\/wp-content\/uploads\/2017\/09\/Photo-Groupe-1200x908.jpg\" \/>\n<meta name=\"twitter:card\" content=\"summary_large_image\" \/>\n<script type=\"application\/ld+json\" class=\"yoast-schema-graph\">{\"@context\":\"https:\/\/schema.org\",\"@graph\":[{\"@type\":\"WebPage\",\"@id\":\"https:\/\/tia.fr\/es\/la-empresa\/equipo\/\",\"url\":\"https:\/\/tia.fr\/es\/la-empresa\/equipo\/\",\"name\":\"Equipo - TIA\",\"isPartOf\":{\"@id\":\"https:\/\/tia.fr\/es\/#website\"},\"primaryImageOfPage\":{\"@id\":\"https:\/\/tia.fr\/es\/la-empresa\/equipo\/#primaryimage\"},\"image\":{\"@id\":\"https:\/\/tia.fr\/es\/la-empresa\/equipo\/#primaryimage\"},\"thumbnailUrl\":\"https:\/\/tia.fr\/wp-content\/uploads\/2017\/09\/Photo-Groupe-1200x908.jpg\",\"datePublished\":\"2019-01-15T13:35:52+00:00\",\"breadcrumb\":{\"@id\":\"https:\/\/tia.fr\/es\/la-empresa\/equipo\/#breadcrumb\"},\"inLanguage\":\"es\",\"potentialAction\":[{\"@type\":\"ReadAction\",\"target\":[\"https:\/\/tia.fr\/es\/la-empresa\/equipo\/\"]}]},{\"@type\":\"ImageObject\",\"inLanguage\":\"es\",\"@id\":\"https:\/\/tia.fr\/es\/la-empresa\/equipo\/#primaryimage\",\"url\":\"https:\/\/tia.fr\/wp-content\/uploads\/2017\/09\/Photo-Groupe-1200x908.jpg\",\"contentUrl\":\"https:\/\/tia.fr\/wp-content\/uploads\/2017\/09\/Photo-Groupe-1200x908.jpg\"},{\"@type\":\"BreadcrumbList\",\"@id\":\"https:\/\/tia.fr\/es\/la-empresa\/equipo\/#breadcrumb\",\"itemListElement\":[{\"@type\":\"ListItem\",\"position\":1,\"name\":\"Inicio\",\"item\":\"https:\/\/tia.fr\/es\/\"},{\"@type\":\"ListItem\",\"position\":2,\"name\":\"La empresa\",\"item\":\"https:\/\/tia.fr\/es\/la-empresa\/\"},{\"@type\":\"ListItem\",\"position\":3,\"name\":\"Equipo\"}]},{\"@type\":\"WebSite\",\"@id\":\"https:\/\/tia.fr\/es\/#website\",\"url\":\"https:\/\/tia.fr\/es\/\",\"name\":\"TIA\",\"description\":\"la filtraci\u00f3n de membrana a medida.\",\"potentialAction\":[{\"@type\":\"SearchAction\",\"target\":{\"@type\":\"EntryPoint\",\"urlTemplate\":\"https:\/\/tia.fr\/es\/?s={search_term_string}\"},\"query-input\":{\"@type\":\"PropertyValueSpecification\",\"valueRequired\":true,\"valueName\":\"search_term_string\"}}],\"inLanguage\":\"es\"}]}<\/script>\n<!-- \/ Yoast SEO plugin. -->","yoast_head_json":{"title":"Equipo - TIA","robots":{"index":"index","follow":"follow","max-snippet":"max-snippet:-1","max-image-preview":"max-image-preview:large","max-video-preview":"max-video-preview:-1"},"canonical":"https:\/\/tia.fr\/es\/la-empresa\/equipo\/","og_locale":"es_ES","og_type":"article","og_title":"Equipo - TIA","og_description":"Nuestro equipo es experimentado y calificado. Estar\u00e1 a tu disposici\u00f3n y te ofrecer\u00e1 la soluci\u00f3n t\u00e9cnica y financiera m\u00e1s adecuada para tu proyecto. Hemos desarrolladoM\u00e1s informaci\u00f3n","og_url":"https:\/\/tia.fr\/es\/la-empresa\/equipo\/","og_site_name":"TIA","og_image":[{"url":"https:\/\/tia.fr\/wp-content\/uploads\/2017\/09\/Photo-Groupe-1200x908.jpg","type":"","width":"","height":""}],"twitter_card":"summary_large_image","schema":{"@context":"https:\/\/schema.org","@graph":[{"@type":"WebPage","@id":"https:\/\/tia.fr\/es\/la-empresa\/equipo\/","url":"https:\/\/tia.fr\/es\/la-empresa\/equipo\/","name":"Equipo - TIA","isPartOf":{"@id":"https:\/\/tia.fr\/es\/#website"},"primaryImageOfPage":{"@id":"https:\/\/tia.fr\/es\/la-empresa\/equipo\/#primaryimage"},"image":{"@id":"https:\/\/tia.fr\/es\/la-empresa\/equipo\/#primaryimage"},"thumbnailUrl":"https:\/\/tia.fr\/wp-content\/uploads\/2017\/09\/Photo-Groupe-1200x908.jpg","datePublished":"2019-01-15T13:35:52+00:00","breadcrumb":{"@id":"https:\/\/tia.fr\/es\/la-empresa\/equipo\/#breadcrumb"},"inLanguage":"es","potentialAction":[{"@type":"ReadAction","target":["https:\/\/tia.fr\/es\/la-empresa\/equipo\/"]}]},{"@type":"ImageObject","inLanguage":"es","@id":"https:\/\/tia.fr\/es\/la-empresa\/equipo\/#primaryimage","url":"https:\/\/tia.fr\/wp-content\/uploads\/2017\/09\/Photo-Groupe-1200x908.jpg","contentUrl":"https:\/\/tia.fr\/wp-content\/uploads\/2017\/09\/Photo-Groupe-1200x908.jpg"},{"@type":"BreadcrumbList","@id":"https:\/\/tia.fr\/es\/la-empresa\/equipo\/#breadcrumb","itemListElement":[{"@type":"ListItem","position":1,"name":"Inicio","item":"https:\/\/tia.fr\/es\/"},{"@type":"ListItem","position":2,"name":"La empresa","item":"https:\/\/tia.fr\/es\/la-empresa\/"},{"@type":"ListItem","position":3,"name":"Equipo"}]},{"@type":"WebSite","@id":"https:\/\/tia.fr\/es\/#website","url":"https:\/\/tia.fr\/es\/","name":"TIA","description":"la filtraci\u00f3n de membrana a medida.","potentialAction":[{"@type":"SearchAction","target":{"@type":"EntryPoint","urlTemplate":"https:\/\/tia.fr\/es\/?s={search_term_string}"},"query-input":{"@type":"PropertyValueSpecification","valueRequired":true,"valueName":"search_term_string"}}],"inLanguage":"es"}]}},"_links":{"self":[{"href":"https:\/\/tia.fr\/es\/wp-json\/wp\/v2\/pages\/1248","targetHints":{"allow":["GET"]}}],"collection":[{"href":"https:\/\/tia.fr\/es\/wp-json\/wp\/v2\/pages"}],"about":[{"href":"https:\/\/tia.fr\/es\/wp-json\/wp\/v2\/types\/page"}],"author":[{"embeddable":true,"href":"https:\/\/tia.fr\/es\/wp-json\/wp\/v2\/users\/12"}],"replies":[{"embeddable":true,"href":"https:\/\/tia.fr\/es\/wp-json\/wp\/v2\/comments?post=1248"}],"version-history":[{"count":0,"href":"https:\/\/tia.fr\/es\/wp-json\/wp\/v2\/pages\/1248\/revisions"}],"up":[{"embeddable":true,"href":"https:\/\/tia.fr\/es\/wp-json\/wp\/v2\/pages\/1263"}],"wp:attachment":[{"href":"https:\/\/tia.fr\/es\/wp-json\/wp\/v2\/media?parent=1248"}],"curies":[{"name":"wp","href":"https:\/\/api.w.org\/{rel}","templated":true}]}}