{"id":1251,"date":"2019-01-15T14:38:09","date_gmt":"2019-01-15T13:38:09","guid":{"rendered":"https:\/\/tia.fr\/principio\/"},"modified":"2019-01-15T14:38:09","modified_gmt":"2019-01-15T13:38:09","slug":"principio","status":"publish","type":"page","link":"https:\/\/tia.fr\/es\/filtracion-de-membrana\/principio\/","title":{"rendered":"Principio"},"content":{"rendered":"<p>La filtraci\u00f3n por membrana es un proceso de separaci\u00f3n f\u00edsica que tiene por objeto purificar, concentrar o fraccionar especies disueltas o suspendidas. Bajo el efecto de una fuerza motriz, generalmente la presi\u00f3n, las especies de tama\u00f1o inferior al umbral de corte de la membrana pasan a trav\u00e9s de los poros de la membrana (permeado) y las especies m\u00e1s grandes son retenidas (retenci\u00f3n).<\/p>\n<p>La implementaci\u00f3n industrial de esta t\u00e9cnica de separaci\u00f3n est\u00e1 condicionada al mantenimiento del flujo de producci\u00f3n durante la filtraci\u00f3n. \u00c9ste se garantiza mediante la aplicaci\u00f3n de una gran velocidad de circulaci\u00f3n que permite controlar la obstrucci\u00f3n al barrer la superficie de la membrana: hablamos de filtraci\u00f3n tangencial.<\/p>\n<p>&nbsp;<\/p>\n<p style=\"text-align: center;\"><img loading=\"lazy\" decoding=\"async\" class=\" wp-image-602 alignleft\" src=\"https:\/\/tia.fr\/wp-content\/uploads\/2017\/09\/Sans-titre.png\" alt=\"\" width=\"436\" height=\"201\" \/> <img loading=\"lazy\" decoding=\"async\" class=\"size-full wp-image-763 alignleft\" src=\"https:\/\/tia.fr\/wp-content\/uploads\/2017\/09\/Filtration_membranaire2.jpg\" alt=\"\" width=\"454\" height=\"135\" srcset=\"https:\/\/tia.fr\/wp-content\/uploads\/2017\/09\/Filtration_membranaire2.jpg 454w, https:\/\/tia.fr\/wp-content\/uploads\/2017\/09\/Filtration_membranaire2-160x48.jpg 160w, https:\/\/tia.fr\/wp-content\/uploads\/2017\/09\/Filtration_membranaire2-320x95.jpg 320w, https:\/\/tia.fr\/wp-content\/uploads\/2017\/09\/Filtration_membranaire2-260x77.jpg 260w\" sizes=\"auto, (max-width: 454px) 100vw, 454px\" \/><\/p>\n","protected":false},"excerpt":{"rendered":"<p>La filtraci\u00f3n por membrana es un proceso de separaci\u00f3n f\u00edsica que tiene por objeto purificar, concentrar o fraccionar especies disueltas o suspendidas. Bajo el efecto<br \/><a class=\"excerpt-read-more bouton\" href=\"https:\/\/tia.fr\/es\/filtracion-de-membrana\/principio\/\" title=\"Principio\">M\u00e1s informaci\u00f3n<\/a><\/p>\n","protected":false},"author":12,"featured_media":0,"parent":1264,"menu_order":0,"comment_status":"closed","ping_status":"closed","template":"","meta":{"_acf_changed":false,"footnotes":""},"class_list":["post-1251","page","type-page","status-publish","hentry"],"acf":[],"yoast_head":"<!-- This site is optimized with the Yoast SEO plugin v26.9 - https:\/\/yoast.com\/product\/yoast-seo-wordpress\/ -->\n<title>Principio - TIA<\/title>\n<meta name=\"robots\" content=\"index, follow, max-snippet:-1, max-image-preview:large, max-video-preview:-1\" \/>\n<link rel=\"canonical\" href=\"https:\/\/tia.fr\/es\/filtracion-de-membrana\/principio\/\" \/>\n<meta property=\"og:locale\" content=\"es_ES\" \/>\n<meta property=\"og:type\" content=\"article\" \/>\n<meta property=\"og:title\" content=\"Principio - TIA\" \/>\n<meta property=\"og:description\" content=\"La filtraci\u00f3n por membrana es un proceso de separaci\u00f3n f\u00edsica que tiene por objeto purificar, concentrar o fraccionar especies disueltas o suspendidas. Bajo el efectoM\u00e1s informaci\u00f3n\" \/>\n<meta property=\"og:url\" content=\"https:\/\/tia.fr\/es\/filtracion-de-membrana\/principio\/\" \/>\n<meta property=\"og:site_name\" content=\"TIA\" \/>\n<meta property=\"og:image\" content=\"https:\/\/tia.fr\/wp-content\/uploads\/2017\/09\/Sans-titre.png\" \/>\n<meta name=\"twitter:card\" content=\"summary_large_image\" \/>\n<meta name=\"twitter:label1\" content=\"Tiempo de lectura\" \/>\n\t<meta name=\"twitter:data1\" content=\"1 minuto\" \/>\n<script type=\"application\/ld+json\" class=\"yoast-schema-graph\">{\"@context\":\"https:\/\/schema.org\",\"@graph\":[{\"@type\":\"WebPage\",\"@id\":\"https:\/\/tia.fr\/es\/filtracion-de-membrana\/principio\/\",\"url\":\"https:\/\/tia.fr\/es\/filtracion-de-membrana\/principio\/\",\"name\":\"Principio - TIA\",\"isPartOf\":{\"@id\":\"https:\/\/tia.fr\/es\/#website\"},\"primaryImageOfPage\":{\"@id\":\"https:\/\/tia.fr\/es\/filtracion-de-membrana\/principio\/#primaryimage\"},\"image\":{\"@id\":\"https:\/\/tia.fr\/es\/filtracion-de-membrana\/principio\/#primaryimage\"},\"thumbnailUrl\":\"https:\/\/tia.fr\/wp-content\/uploads\/2017\/09\/Sans-titre.png\",\"datePublished\":\"2019-01-15T13:38:09+00:00\",\"breadcrumb\":{\"@id\":\"https:\/\/tia.fr\/es\/filtracion-de-membrana\/principio\/#breadcrumb\"},\"inLanguage\":\"es\",\"potentialAction\":[{\"@type\":\"ReadAction\",\"target\":[\"https:\/\/tia.fr\/es\/filtracion-de-membrana\/principio\/\"]}]},{\"@type\":\"ImageObject\",\"inLanguage\":\"es\",\"@id\":\"https:\/\/tia.fr\/es\/filtracion-de-membrana\/principio\/#primaryimage\",\"url\":\"https:\/\/tia.fr\/wp-content\/uploads\/2017\/09\/Sans-titre.png\",\"contentUrl\":\"https:\/\/tia.fr\/wp-content\/uploads\/2017\/09\/Sans-titre.png\"},{\"@type\":\"BreadcrumbList\",\"@id\":\"https:\/\/tia.fr\/es\/filtracion-de-membrana\/principio\/#breadcrumb\",\"itemListElement\":[{\"@type\":\"ListItem\",\"position\":1,\"name\":\"Inicio\",\"item\":\"https:\/\/tia.fr\/es\/\"},{\"@type\":\"ListItem\",\"position\":2,\"name\":\"Filtraci\u00f3n de membrana\",\"item\":\"https:\/\/tia.fr\/es\/filtracion-de-membrana\/\"},{\"@type\":\"ListItem\",\"position\":3,\"name\":\"Principio\"}]},{\"@type\":\"WebSite\",\"@id\":\"https:\/\/tia.fr\/es\/#website\",\"url\":\"https:\/\/tia.fr\/es\/\",\"name\":\"TIA\",\"description\":\"la filtraci\u00f3n de membrana a medida.\",\"potentialAction\":[{\"@type\":\"SearchAction\",\"target\":{\"@type\":\"EntryPoint\",\"urlTemplate\":\"https:\/\/tia.fr\/es\/?s={search_term_string}\"},\"query-input\":{\"@type\":\"PropertyValueSpecification\",\"valueRequired\":true,\"valueName\":\"search_term_string\"}}],\"inLanguage\":\"es\"}]}<\/script>\n<!-- \/ Yoast SEO plugin. -->","yoast_head_json":{"title":"Principio - TIA","robots":{"index":"index","follow":"follow","max-snippet":"max-snippet:-1","max-image-preview":"max-image-preview:large","max-video-preview":"max-video-preview:-1"},"canonical":"https:\/\/tia.fr\/es\/filtracion-de-membrana\/principio\/","og_locale":"es_ES","og_type":"article","og_title":"Principio - TIA","og_description":"La filtraci\u00f3n por membrana es un proceso de separaci\u00f3n f\u00edsica que tiene por objeto purificar, concentrar o fraccionar especies disueltas o suspendidas. Bajo el efectoM\u00e1s informaci\u00f3n","og_url":"https:\/\/tia.fr\/es\/filtracion-de-membrana\/principio\/","og_site_name":"TIA","og_image":[{"url":"https:\/\/tia.fr\/wp-content\/uploads\/2017\/09\/Sans-titre.png","type":"","width":"","height":""}],"twitter_card":"summary_large_image","twitter_misc":{"Tiempo de lectura":"1 minuto"},"schema":{"@context":"https:\/\/schema.org","@graph":[{"@type":"WebPage","@id":"https:\/\/tia.fr\/es\/filtracion-de-membrana\/principio\/","url":"https:\/\/tia.fr\/es\/filtracion-de-membrana\/principio\/","name":"Principio - TIA","isPartOf":{"@id":"https:\/\/tia.fr\/es\/#website"},"primaryImageOfPage":{"@id":"https:\/\/tia.fr\/es\/filtracion-de-membrana\/principio\/#primaryimage"},"image":{"@id":"https:\/\/tia.fr\/es\/filtracion-de-membrana\/principio\/#primaryimage"},"thumbnailUrl":"https:\/\/tia.fr\/wp-content\/uploads\/2017\/09\/Sans-titre.png","datePublished":"2019-01-15T13:38:09+00:00","breadcrumb":{"@id":"https:\/\/tia.fr\/es\/filtracion-de-membrana\/principio\/#breadcrumb"},"inLanguage":"es","potentialAction":[{"@type":"ReadAction","target":["https:\/\/tia.fr\/es\/filtracion-de-membrana\/principio\/"]}]},{"@type":"ImageObject","inLanguage":"es","@id":"https:\/\/tia.fr\/es\/filtracion-de-membrana\/principio\/#primaryimage","url":"https:\/\/tia.fr\/wp-content\/uploads\/2017\/09\/Sans-titre.png","contentUrl":"https:\/\/tia.fr\/wp-content\/uploads\/2017\/09\/Sans-titre.png"},{"@type":"BreadcrumbList","@id":"https:\/\/tia.fr\/es\/filtracion-de-membrana\/principio\/#breadcrumb","itemListElement":[{"@type":"ListItem","position":1,"name":"Inicio","item":"https:\/\/tia.fr\/es\/"},{"@type":"ListItem","position":2,"name":"Filtraci\u00f3n de membrana","item":"https:\/\/tia.fr\/es\/filtracion-de-membrana\/"},{"@type":"ListItem","position":3,"name":"Principio"}]},{"@type":"WebSite","@id":"https:\/\/tia.fr\/es\/#website","url":"https:\/\/tia.fr\/es\/","name":"TIA","description":"la filtraci\u00f3n de membrana a medida.","potentialAction":[{"@type":"SearchAction","target":{"@type":"EntryPoint","urlTemplate":"https:\/\/tia.fr\/es\/?s={search_term_string}"},"query-input":{"@type":"PropertyValueSpecification","valueRequired":true,"valueName":"search_term_string"}}],"inLanguage":"es"}]}},"_links":{"self":[{"href":"https:\/\/tia.fr\/es\/wp-json\/wp\/v2\/pages\/1251","targetHints":{"allow":["GET"]}}],"collection":[{"href":"https:\/\/tia.fr\/es\/wp-json\/wp\/v2\/pages"}],"about":[{"href":"https:\/\/tia.fr\/es\/wp-json\/wp\/v2\/types\/page"}],"author":[{"embeddable":true,"href":"https:\/\/tia.fr\/es\/wp-json\/wp\/v2\/users\/12"}],"replies":[{"embeddable":true,"href":"https:\/\/tia.fr\/es\/wp-json\/wp\/v2\/comments?post=1251"}],"version-history":[{"count":0,"href":"https:\/\/tia.fr\/es\/wp-json\/wp\/v2\/pages\/1251\/revisions"}],"up":[{"embeddable":true,"href":"https:\/\/tia.fr\/es\/wp-json\/wp\/v2\/pages\/1264"}],"wp:attachment":[{"href":"https:\/\/tia.fr\/es\/wp-json\/wp\/v2\/media?parent=1251"}],"curies":[{"name":"wp","href":"https:\/\/api.w.org\/{rel}","templated":true}]}}