{"id":1252,"date":"2019-01-15T14:38:59","date_gmt":"2019-01-15T13:38:59","guid":{"rendered":"https:\/\/tia.fr\/tecnicas-de-filtracion\/"},"modified":"2019-01-15T14:38:59","modified_gmt":"2019-01-15T13:38:59","slug":"tecnicas-de-filtracion","status":"publish","type":"page","link":"https:\/\/tia.fr\/es\/filtracion-de-membrana\/tecnicas-de-filtracion\/","title":{"rendered":"T\u00e9cnicas de filtraci\u00f3n"},"content":{"rendered":"<p>4 \u00e1mbitos de filtraci\u00f3n generalmente se distinguen de acuerdo con el umbral de corte\/rechazo de la membrana: Microfiltraci\u00f3n (MF), Ultrafiltraci\u00f3n (UF), Nanofiltraci\u00f3n (NF) y Osmosis inversa (OI). Para un producto dado m\u00e1s el umbral de rechazo de la membrana ser\u00e1 peque\u00f1o y m\u00e1s la presi\u00f3n a aplicar ser\u00e1 importante.<\/p>\n<table>\n<tbody>\n<tr>\n<td width=\"151\"><strong> Ambitos<\/strong><\/td>\n<td width=\u00ab 151\"><strong>Umbrales de corte<\/strong><\/td>\n<td width=\u00ab 151\"><strong>Presi\u00f3n de trabajo<\/strong><\/td>\n<\/tr>\n<tr>\n<td width=\"151\"><strong> Microfiltraci\u00f3n <\/strong><\/td>\n<td width=\"151\">0.1 \u00e0 5 \u00b5m<\/td>\n<td width=\"151\">0.5 \u00e0 3 barras<\/td>\n<\/tr>\n<tr>\n<td width=\"151\"><strong> Ultrafiltraci\u00f3n <\/strong><\/td>\n<td width=\"151\">0.01 \u00e0 0.1 \u00b5m<\/td>\n<td width=\"151\">2 \u00e0 10 barras<\/td>\n<\/tr>\n<tr>\n<td width=\"151\"><strong> Nanofiltraci\u00f3n <\/strong><\/td>\n<td width=\"151\">150 \u00e0 1000 Daltons<\/td>\n<td width=\"151\">10 \u00e0 30 barras<\/td>\n<\/tr>\n<tr>\n<td width=\u00ab 151\"><strong>Osmosis Inversa<\/strong><\/td>\n<td width=\"151\">30 \u00e0 150 Daltons<\/td>\n<td width=\"151\">10 \u00e0 80 barras<\/td>\n<\/tr>\n<\/tbody>\n<\/table>\n<p>&nbsp;<\/p>\n<h2>Algunos ejemplos de retenci\u00f3n seg\u00fan el \u00e1mbito de filtraci\u00f3n <\/h2>\n<p><a href=\"https:\/\/tia.fr\/wp-content\/uploads\/2017\/09\/Sans-titre-1.png\"><img loading=\"lazy\" decoding=\"async\" class=\"aligncenter wp-image-606 size-full\" src=\"https:\/\/tia.fr\/wp-content\/uploads\/2017\/09\/Sans-titre-1.png\" alt=\"\" width=\"945\" height=\"476\" srcset=\"https:\/\/tia.fr\/wp-content\/uploads\/2017\/09\/Sans-titre-1.png 945w, https:\/\/tia.fr\/wp-content\/uploads\/2017\/09\/Sans-titre-1-160x81.png 160w, https:\/\/tia.fr\/wp-content\/uploads\/2017\/09\/Sans-titre-1-320x161.png 320w, https:\/\/tia.fr\/wp-content\/uploads\/2017\/09\/Sans-titre-1-768x387.png 768w, https:\/\/tia.fr\/wp-content\/uploads\/2017\/09\/Sans-titre-1-260x131.png 260w\" sizes=\"auto, (max-width: 945px) 100vw, 945px\" \/><\/a><\/p>\n<p>TIA participa en el desarrollo de nuevas tecnolog\u00edas de membrana: evaporaci\u00f3n osm\u00f3tica, pervaporaci\u00f3n de gases y contactores de membrana.<\/p>\n","protected":false},"excerpt":{"rendered":"<p>4 \u00e1mbitos de filtraci\u00f3n generalmente se distinguen de acuerdo con el umbral de corte\/rechazo de la membrana: Microfiltraci\u00f3n (MF), Ultrafiltraci\u00f3n (UF), Nanofiltraci\u00f3n (NF) y Osmosis<br \/><a class=\"excerpt-read-more bouton\" href=\"https:\/\/tia.fr\/es\/filtracion-de-membrana\/tecnicas-de-filtracion\/\" title=\"T\u00e9cnicas de filtraci\u00f3n\">M\u00e1s informaci\u00f3n<\/a><\/p>\n","protected":false},"author":12,"featured_media":0,"parent":1264,"menu_order":0,"comment_status":"closed","ping_status":"closed","template":"modele-tech.php","meta":{"_acf_changed":false,"footnotes":""},"class_list":["post-1252","page","type-page","status-publish","hentry"],"acf":[],"yoast_head":"<!-- This site is optimized with the Yoast SEO plugin v26.9 - https:\/\/yoast.com\/product\/yoast-seo-wordpress\/ -->\n<title>T\u00e9cnicas de filtraci\u00f3n - TIA<\/title>\n<meta name=\"robots\" content=\"index, follow, max-snippet:-1, max-image-preview:large, max-video-preview:-1\" \/>\n<link rel=\"canonical\" href=\"https:\/\/tia.fr\/es\/filtracion-de-membrana\/tecnicas-de-filtracion\/\" \/>\n<meta property=\"og:locale\" content=\"es_ES\" \/>\n<meta property=\"og:type\" content=\"article\" \/>\n<meta property=\"og:title\" content=\"T\u00e9cnicas de filtraci\u00f3n - TIA\" \/>\n<meta property=\"og:description\" content=\"4 \u00e1mbitos de filtraci\u00f3n generalmente se distinguen de acuerdo con el umbral de corte\/rechazo de la membrana: Microfiltraci\u00f3n (MF), Ultrafiltraci\u00f3n (UF), Nanofiltraci\u00f3n (NF) y OsmosisM\u00e1s informaci\u00f3n\" \/>\n<meta property=\"og:url\" content=\"https:\/\/tia.fr\/es\/filtracion-de-membrana\/tecnicas-de-filtracion\/\" \/>\n<meta property=\"og:site_name\" content=\"TIA\" \/>\n<meta property=\"og:image\" content=\"https:\/\/tia.fr\/wp-content\/uploads\/2017\/09\/Sans-titre-1.png\" \/>\n<meta name=\"twitter:card\" content=\"summary_large_image\" \/>\n<script type=\"application\/ld+json\" class=\"yoast-schema-graph\">{\"@context\":\"https:\/\/schema.org\",\"@graph\":[{\"@type\":\"WebPage\",\"@id\":\"https:\/\/tia.fr\/es\/filtracion-de-membrana\/tecnicas-de-filtracion\/\",\"url\":\"https:\/\/tia.fr\/es\/filtracion-de-membrana\/tecnicas-de-filtracion\/\",\"name\":\"T\u00e9cnicas de filtraci\u00f3n - TIA\",\"isPartOf\":{\"@id\":\"https:\/\/tia.fr\/es\/#website\"},\"primaryImageOfPage\":{\"@id\":\"https:\/\/tia.fr\/es\/filtracion-de-membrana\/tecnicas-de-filtracion\/#primaryimage\"},\"image\":{\"@id\":\"https:\/\/tia.fr\/es\/filtracion-de-membrana\/tecnicas-de-filtracion\/#primaryimage\"},\"thumbnailUrl\":\"https:\/\/tia.fr\/wp-content\/uploads\/2017\/09\/Sans-titre-1.png\",\"datePublished\":\"2019-01-15T13:38:59+00:00\",\"breadcrumb\":{\"@id\":\"https:\/\/tia.fr\/es\/filtracion-de-membrana\/tecnicas-de-filtracion\/#breadcrumb\"},\"inLanguage\":\"es\",\"potentialAction\":[{\"@type\":\"ReadAction\",\"target\":[\"https:\/\/tia.fr\/es\/filtracion-de-membrana\/tecnicas-de-filtracion\/\"]}]},{\"@type\":\"ImageObject\",\"inLanguage\":\"es\",\"@id\":\"https:\/\/tia.fr\/es\/filtracion-de-membrana\/tecnicas-de-filtracion\/#primaryimage\",\"url\":\"https:\/\/tia.fr\/wp-content\/uploads\/2017\/09\/Sans-titre-1.png\",\"contentUrl\":\"https:\/\/tia.fr\/wp-content\/uploads\/2017\/09\/Sans-titre-1.png\"},{\"@type\":\"BreadcrumbList\",\"@id\":\"https:\/\/tia.fr\/es\/filtracion-de-membrana\/tecnicas-de-filtracion\/#breadcrumb\",\"itemListElement\":[{\"@type\":\"ListItem\",\"position\":1,\"name\":\"Inicio\",\"item\":\"https:\/\/tia.fr\/es\/\"},{\"@type\":\"ListItem\",\"position\":2,\"name\":\"Filtraci\u00f3n de membrana\",\"item\":\"https:\/\/tia.fr\/es\/filtracion-de-membrana\/\"},{\"@type\":\"ListItem\",\"position\":3,\"name\":\"T\u00e9cnicas de filtraci\u00f3n\"}]},{\"@type\":\"WebSite\",\"@id\":\"https:\/\/tia.fr\/es\/#website\",\"url\":\"https:\/\/tia.fr\/es\/\",\"name\":\"TIA\",\"description\":\"la filtraci\u00f3n de membrana a medida.\",\"potentialAction\":[{\"@type\":\"SearchAction\",\"target\":{\"@type\":\"EntryPoint\",\"urlTemplate\":\"https:\/\/tia.fr\/es\/?s={search_term_string}\"},\"query-input\":{\"@type\":\"PropertyValueSpecification\",\"valueRequired\":true,\"valueName\":\"search_term_string\"}}],\"inLanguage\":\"es\"}]}<\/script>\n<!-- \/ Yoast SEO plugin. -->","yoast_head_json":{"title":"T\u00e9cnicas de filtraci\u00f3n - TIA","robots":{"index":"index","follow":"follow","max-snippet":"max-snippet:-1","max-image-preview":"max-image-preview:large","max-video-preview":"max-video-preview:-1"},"canonical":"https:\/\/tia.fr\/es\/filtracion-de-membrana\/tecnicas-de-filtracion\/","og_locale":"es_ES","og_type":"article","og_title":"T\u00e9cnicas de filtraci\u00f3n - TIA","og_description":"4 \u00e1mbitos de filtraci\u00f3n generalmente se distinguen de acuerdo con el umbral de corte\/rechazo de la membrana: Microfiltraci\u00f3n (MF), Ultrafiltraci\u00f3n (UF), Nanofiltraci\u00f3n (NF) y OsmosisM\u00e1s informaci\u00f3n","og_url":"https:\/\/tia.fr\/es\/filtracion-de-membrana\/tecnicas-de-filtracion\/","og_site_name":"TIA","og_image":[{"url":"https:\/\/tia.fr\/wp-content\/uploads\/2017\/09\/Sans-titre-1.png","type":"","width":"","height":""}],"twitter_card":"summary_large_image","schema":{"@context":"https:\/\/schema.org","@graph":[{"@type":"WebPage","@id":"https:\/\/tia.fr\/es\/filtracion-de-membrana\/tecnicas-de-filtracion\/","url":"https:\/\/tia.fr\/es\/filtracion-de-membrana\/tecnicas-de-filtracion\/","name":"T\u00e9cnicas de filtraci\u00f3n - TIA","isPartOf":{"@id":"https:\/\/tia.fr\/es\/#website"},"primaryImageOfPage":{"@id":"https:\/\/tia.fr\/es\/filtracion-de-membrana\/tecnicas-de-filtracion\/#primaryimage"},"image":{"@id":"https:\/\/tia.fr\/es\/filtracion-de-membrana\/tecnicas-de-filtracion\/#primaryimage"},"thumbnailUrl":"https:\/\/tia.fr\/wp-content\/uploads\/2017\/09\/Sans-titre-1.png","datePublished":"2019-01-15T13:38:59+00:00","breadcrumb":{"@id":"https:\/\/tia.fr\/es\/filtracion-de-membrana\/tecnicas-de-filtracion\/#breadcrumb"},"inLanguage":"es","potentialAction":[{"@type":"ReadAction","target":["https:\/\/tia.fr\/es\/filtracion-de-membrana\/tecnicas-de-filtracion\/"]}]},{"@type":"ImageObject","inLanguage":"es","@id":"https:\/\/tia.fr\/es\/filtracion-de-membrana\/tecnicas-de-filtracion\/#primaryimage","url":"https:\/\/tia.fr\/wp-content\/uploads\/2017\/09\/Sans-titre-1.png","contentUrl":"https:\/\/tia.fr\/wp-content\/uploads\/2017\/09\/Sans-titre-1.png"},{"@type":"BreadcrumbList","@id":"https:\/\/tia.fr\/es\/filtracion-de-membrana\/tecnicas-de-filtracion\/#breadcrumb","itemListElement":[{"@type":"ListItem","position":1,"name":"Inicio","item":"https:\/\/tia.fr\/es\/"},{"@type":"ListItem","position":2,"name":"Filtraci\u00f3n de membrana","item":"https:\/\/tia.fr\/es\/filtracion-de-membrana\/"},{"@type":"ListItem","position":3,"name":"T\u00e9cnicas de filtraci\u00f3n"}]},{"@type":"WebSite","@id":"https:\/\/tia.fr\/es\/#website","url":"https:\/\/tia.fr\/es\/","name":"TIA","description":"la filtraci\u00f3n de membrana a medida.","potentialAction":[{"@type":"SearchAction","target":{"@type":"EntryPoint","urlTemplate":"https:\/\/tia.fr\/es\/?s={search_term_string}"},"query-input":{"@type":"PropertyValueSpecification","valueRequired":true,"valueName":"search_term_string"}}],"inLanguage":"es"}]}},"_links":{"self":[{"href":"https:\/\/tia.fr\/es\/wp-json\/wp\/v2\/pages\/1252","targetHints":{"allow":["GET"]}}],"collection":[{"href":"https:\/\/tia.fr\/es\/wp-json\/wp\/v2\/pages"}],"about":[{"href":"https:\/\/tia.fr\/es\/wp-json\/wp\/v2\/types\/page"}],"author":[{"embeddable":true,"href":"https:\/\/tia.fr\/es\/wp-json\/wp\/v2\/users\/12"}],"replies":[{"embeddable":true,"href":"https:\/\/tia.fr\/es\/wp-json\/wp\/v2\/comments?post=1252"}],"version-history":[{"count":0,"href":"https:\/\/tia.fr\/es\/wp-json\/wp\/v2\/pages\/1252\/revisions"}],"up":[{"embeddable":true,"href":"https:\/\/tia.fr\/es\/wp-json\/wp\/v2\/pages\/1264"}],"wp:attachment":[{"href":"https:\/\/tia.fr\/es\/wp-json\/wp\/v2\/media?parent=1252"}],"curies":[{"name":"wp","href":"https:\/\/api.w.org\/{rel}","templated":true}]}}