{"id":1253,"date":"2019-01-15T14:40:03","date_gmt":"2019-01-15T13:40:03","guid":{"rendered":"https:\/\/tia.fr\/membranas\/"},"modified":"2019-01-15T14:40:03","modified_gmt":"2019-01-15T13:40:03","slug":"membranas","status":"publish","type":"page","link":"https:\/\/tia.fr\/es\/filtracion-de-membrana\/membranas\/","title":{"rendered":"Membranas"},"content":{"rendered":"<p>TIA ha elegido su independencia con respecto a los proveedores de membranas y seleccionar\u00e1 la membrana m\u00e1s adecuada para tus necesidades. El umbral de corte, el tipo, la geometr\u00eda y los materiales constituyentes de la membrana deben determinarse de manera \u00f3ptima para cada producto y para cada aplicaci\u00f3n.<\/p>\n<p>Se distingue generalmente dos familias principales de membranas:<\/p>\n<p><strong>Membranas minerales o inorganicas <\/strong><\/p>\n<ul>\n<li>Materiales : Carbono, al\u00famina, \u00f3xido de circonio, \u00f3xido de titanio, carburo de silicio<\/li>\n<li>Ambito : MF\/UF\/NF<\/li>\n<\/ul>\n<p>Estas membranas est\u00e1n com\u00fanmente en forma tubular multicanal.<br \/>\n&nbsp;<\/p>\n<p><a href=\"https:\/\/tia.fr\/wp-content\/uploads\/2017\/09\/Membrane_tubulaire.jpg\"><img loading=\"lazy\" decoding=\"async\" class=\"size-full wp-image-776 alignleft\" src=\"https:\/\/tia.fr\/wp-content\/uploads\/2017\/09\/Membrane_tubulaire.jpg\" alt=\"\" width=\"170\" height=\"125\" srcset=\"https:\/\/tia.fr\/wp-content\/uploads\/2017\/09\/Membrane_tubulaire.jpg 170w, https:\/\/tia.fr\/wp-content\/uploads\/2017\/09\/Membrane_tubulaire-160x118.jpg 160w\" sizes=\"auto, (max-width: 170px) 100vw, 170px\" \/><\/a> <a href=\"https:\/\/tia.fr\/wp-content\/uploads\/2017\/09\/Membrane_tubulaire2.jpg\"><img loading=\"lazy\" decoding=\"async\" class=\"size-medium wp-image-777 alignleft\" src=\"https:\/\/tia.fr\/wp-content\/uploads\/2017\/09\/Membrane_tubulaire2.jpg\" alt=\"\" width=\"246\" height=\"147\" srcset=\"https:\/\/tia.fr\/wp-content\/uploads\/2017\/09\/Membrane_tubulaire2.jpg 246w, https:\/\/tia.fr\/wp-content\/uploads\/2017\/09\/Membrane_tubulaire2-160x96.jpg 160w\" sizes=\"auto, (max-width: 246px) 100vw, 246px\" \/><\/a><\/p>\n<p>&nbsp;<\/p>\n<p>&nbsp;<\/p>\n<p>&nbsp;<\/p>\n<p>&nbsp;<\/p>\n<p><strong>Membranas organicas <\/strong><\/p>\n<ul>\n<li>Materiales : acetato de celulosa, polisulfona, polietersulfona, poliamida, aleaci\u00f3n de pol\u00edmero\u2026<\/li>\n<li>Ambito : MF\/UF\/NF\/OI<\/li>\n<li>En espiral, fibras huecas, planas<\/li>\n<\/ul>\n<p>&nbsp;<\/p>\n<p><a href=\"https:\/\/tia.fr\/wp-content\/uploads\/2017\/09\/membrane.png\"><img loading=\"lazy\" decoding=\"async\" class=\"size-medium wp-image-762 aligncenter\" src=\"https:\/\/tia.fr\/wp-content\/uploads\/2017\/09\/membrane-320x181.png\" alt=\"\" width=\"320\" height=\"181\" srcset=\"https:\/\/tia.fr\/wp-content\/uploads\/2017\/09\/membrane-320x181.png 320w, https:\/\/tia.fr\/wp-content\/uploads\/2017\/09\/membrane-160x90.png 160w, https:\/\/tia.fr\/wp-content\/uploads\/2017\/09\/membrane-260x147.png 260w, https:\/\/tia.fr\/wp-content\/uploads\/2017\/09\/membrane.png 487w\" sizes=\"auto, (max-width: 320px) 100vw, 320px\" \/><\/a><\/p>\n<p>&nbsp;<\/p>\n<div class=\"gca-column one-half first\"><a href=\"https:\/\/tia.fr\/wp-content\/uploads\/2017\/09\/Rouleau_membrane2.jpg\"><img loading=\"lazy\" decoding=\"async\" class=\"wp-image-760 aligncenter\" src=\"https:\/\/tia.fr\/wp-content\/uploads\/2017\/09\/Rouleau_membrane2-320x80.jpg\" alt=\"\" width=\"352\" height=\"88\" srcset=\"https:\/\/tia.fr\/wp-content\/uploads\/2017\/09\/Rouleau_membrane2-320x80.jpg 320w, https:\/\/tia.fr\/wp-content\/uploads\/2017\/09\/Rouleau_membrane2-160x40.jpg 160w, https:\/\/tia.fr\/wp-content\/uploads\/2017\/09\/Rouleau_membrane2-768x192.jpg 768w, https:\/\/tia.fr\/wp-content\/uploads\/2017\/09\/Rouleau_membrane2-260x65.jpg 260w, https:\/\/tia.fr\/wp-content\/uploads\/2017\/09\/Rouleau_membrane2.jpg 800w\" sizes=\"auto, (max-width: 352px) 100vw, 352px\" \/><\/a><\/div>\n<div class=\"gca-column one-half\"><a href=\"https:\/\/tia.fr\/wp-content\/uploads\/2017\/09\/rouleau-membrane.jpg\"><img loading=\"lazy\" decoding=\"async\" class=\"wp-image-785 aligncenter\" src=\"https:\/\/tia.fr\/wp-content\/uploads\/2017\/09\/rouleau-membrane-320x181.jpg\" alt=\"\" width=\"364\" height=\"206\" srcset=\"https:\/\/tia.fr\/wp-content\/uploads\/2017\/09\/rouleau-membrane-320x181.jpg 320w, https:\/\/tia.fr\/wp-content\/uploads\/2017\/09\/rouleau-membrane-160x90.jpg 160w, https:\/\/tia.fr\/wp-content\/uploads\/2017\/09\/rouleau-membrane-768x434.jpg 768w, https:\/\/tia.fr\/wp-content\/uploads\/2017\/09\/rouleau-membrane-260x147.jpg 260w, https:\/\/tia.fr\/wp-content\/uploads\/2017\/09\/rouleau-membrane.jpg 800w\" sizes=\"auto, (max-width: 364px) 100vw, 364px\" \/><\/a><\/div>\n<p>&nbsp;<\/p>\n<table>\n<tbody>\n<tr>\n<td width=\"151\"><\/td>\n<td width=\"151\"><strong>Organicas<\/strong><\/td>\n<td width=\"151\"><strong>MINERALES<\/strong><\/td>\n<\/tr>\n<tr>\n<td width=\u00ab 151\"><strong>Presion (barra)<\/strong><\/td>\n<td width=\"151\">1 \u00e0 120<\/td>\n<td width=\"151\">1 \u00e0 10<\/td>\n<\/tr>\n<tr>\n<td width=\"151\"><strong>Temperatura max (\u00b0C)<\/strong><\/td>\n<td width=\"151\">80\u00b0C<\/td>\n<td width=\"151\">90\u00b0C (aplicaciones convencionales)<br \/>\n121\u00b0C (aplicaciones de esterilizaci\u00f3n al vapor)<\/td>\n<\/tr>\n<tr>\n<td width=\"151\"><strong>pH<\/strong><\/td>\n<td width=\"151\">1 \u00e0 14<\/td>\n<td width=\"151\">0 \u00e0 14<\/td>\n<\/tr>\n<tr>\n<td width=\"151\"><strong>Cloro<\/strong><\/td>\n<td width=\"151\">200 ppm MF UF<\/p>\n<p>&lt;0.1 ppm NF OI<\/td>\n<td width=\u00ab 151 \u00bb>Sin limite<\/td>\n<\/tr>\n<tr>\n<td width=\u00ab 151\"><strong>Vida util (seg\u00fan aplicaciones)<\/strong><\/td>\n<td width=\"151\">12 \u2013 36 meses<\/td>\n<td width=\"151\">5 \u00e0 10 a\u00f1os <\/td>\n<\/tr>\n<\/tbody>\n<\/table>\n<p>La amplia selecci\u00f3n de membranas ofrecidas por un mercado din\u00e1mico e innovador permite responder a los problemas planteados por un gran n\u00famero de sectores industriales.<\/p>\n<p>Cada configuraci\u00f3n presenta distintas ventajas y la selecci\u00f3n de membranas adecuadas para filtrar un fluido dado requiere experiencia y pruebas de viabilidad con pilotos.<\/p>\n","protected":false},"excerpt":{"rendered":"<p>TIA ha elegido su independencia con respecto a los proveedores de membranas y seleccionar\u00e1 la membrana m\u00e1s adecuada para tus necesidades. El umbral de corte,<br \/><a class=\"excerpt-read-more bouton\" href=\"https:\/\/tia.fr\/es\/filtracion-de-membrana\/membranas\/\" title=\"Membranas\">M\u00e1s informaci\u00f3n<\/a><\/p>\n","protected":false},"author":12,"featured_media":0,"parent":1264,"menu_order":0,"comment_status":"closed","ping_status":"closed","template":"","meta":{"_acf_changed":false,"footnotes":""},"class_list":["post-1253","page","type-page","status-publish","hentry"],"acf":[],"yoast_head":"<!-- This site is optimized with the Yoast SEO plugin v26.9 - https:\/\/yoast.com\/product\/yoast-seo-wordpress\/ -->\n<title>Membranas - TIA<\/title>\n<meta name=\"robots\" content=\"index, follow, max-snippet:-1, max-image-preview:large, max-video-preview:-1\" \/>\n<link rel=\"canonical\" href=\"https:\/\/tia.fr\/es\/filtracion-de-membrana\/membranas\/\" \/>\n<meta property=\"og:locale\" content=\"es_ES\" \/>\n<meta property=\"og:type\" content=\"article\" \/>\n<meta property=\"og:title\" content=\"Membranas - TIA\" \/>\n<meta property=\"og:description\" content=\"TIA ha elegido su independencia con respecto a los proveedores de membranas y seleccionar\u00e1 la membrana m\u00e1s adecuada para tus necesidades. El umbral de corte,M\u00e1s informaci\u00f3n\" \/>\n<meta property=\"og:url\" content=\"https:\/\/tia.fr\/es\/filtracion-de-membrana\/membranas\/\" \/>\n<meta property=\"og:site_name\" content=\"TIA\" \/>\n<meta property=\"og:image\" content=\"https:\/\/tia.fr\/wp-content\/uploads\/2017\/09\/Membrane_tubulaire.jpg\" \/>\n<meta name=\"twitter:card\" content=\"summary_large_image\" \/>\n<meta name=\"twitter:label1\" content=\"Tiempo de lectura\" \/>\n\t<meta name=\"twitter:data1\" content=\"1 minuto\" \/>\n<script type=\"application\/ld+json\" class=\"yoast-schema-graph\">{\"@context\":\"https:\/\/schema.org\",\"@graph\":[{\"@type\":\"WebPage\",\"@id\":\"https:\/\/tia.fr\/es\/filtracion-de-membrana\/membranas\/\",\"url\":\"https:\/\/tia.fr\/es\/filtracion-de-membrana\/membranas\/\",\"name\":\"Membranas - TIA\",\"isPartOf\":{\"@id\":\"https:\/\/tia.fr\/es\/#website\"},\"primaryImageOfPage\":{\"@id\":\"https:\/\/tia.fr\/es\/filtracion-de-membrana\/membranas\/#primaryimage\"},\"image\":{\"@id\":\"https:\/\/tia.fr\/es\/filtracion-de-membrana\/membranas\/#primaryimage\"},\"thumbnailUrl\":\"https:\/\/tia.fr\/wp-content\/uploads\/2017\/09\/Membrane_tubulaire.jpg\",\"datePublished\":\"2019-01-15T13:40:03+00:00\",\"breadcrumb\":{\"@id\":\"https:\/\/tia.fr\/es\/filtracion-de-membrana\/membranas\/#breadcrumb\"},\"inLanguage\":\"es\",\"potentialAction\":[{\"@type\":\"ReadAction\",\"target\":[\"https:\/\/tia.fr\/es\/filtracion-de-membrana\/membranas\/\"]}]},{\"@type\":\"ImageObject\",\"inLanguage\":\"es\",\"@id\":\"https:\/\/tia.fr\/es\/filtracion-de-membrana\/membranas\/#primaryimage\",\"url\":\"https:\/\/tia.fr\/wp-content\/uploads\/2017\/09\/Membrane_tubulaire.jpg\",\"contentUrl\":\"https:\/\/tia.fr\/wp-content\/uploads\/2017\/09\/Membrane_tubulaire.jpg\"},{\"@type\":\"BreadcrumbList\",\"@id\":\"https:\/\/tia.fr\/es\/filtracion-de-membrana\/membranas\/#breadcrumb\",\"itemListElement\":[{\"@type\":\"ListItem\",\"position\":1,\"name\":\"Inicio\",\"item\":\"https:\/\/tia.fr\/es\/\"},{\"@type\":\"ListItem\",\"position\":2,\"name\":\"Filtraci\u00f3n de membrana\",\"item\":\"https:\/\/tia.fr\/es\/filtracion-de-membrana\/\"},{\"@type\":\"ListItem\",\"position\":3,\"name\":\"Membranas\"}]},{\"@type\":\"WebSite\",\"@id\":\"https:\/\/tia.fr\/es\/#website\",\"url\":\"https:\/\/tia.fr\/es\/\",\"name\":\"TIA\",\"description\":\"la filtraci\u00f3n de membrana a medida.\",\"potentialAction\":[{\"@type\":\"SearchAction\",\"target\":{\"@type\":\"EntryPoint\",\"urlTemplate\":\"https:\/\/tia.fr\/es\/?s={search_term_string}\"},\"query-input\":{\"@type\":\"PropertyValueSpecification\",\"valueRequired\":true,\"valueName\":\"search_term_string\"}}],\"inLanguage\":\"es\"}]}<\/script>\n<!-- \/ Yoast SEO plugin. -->","yoast_head_json":{"title":"Membranas - TIA","robots":{"index":"index","follow":"follow","max-snippet":"max-snippet:-1","max-image-preview":"max-image-preview:large","max-video-preview":"max-video-preview:-1"},"canonical":"https:\/\/tia.fr\/es\/filtracion-de-membrana\/membranas\/","og_locale":"es_ES","og_type":"article","og_title":"Membranas - TIA","og_description":"TIA ha elegido su independencia con respecto a los proveedores de membranas y seleccionar\u00e1 la membrana m\u00e1s adecuada para tus necesidades. El umbral de corte,M\u00e1s informaci\u00f3n","og_url":"https:\/\/tia.fr\/es\/filtracion-de-membrana\/membranas\/","og_site_name":"TIA","og_image":[{"url":"https:\/\/tia.fr\/wp-content\/uploads\/2017\/09\/Membrane_tubulaire.jpg","type":"","width":"","height":""}],"twitter_card":"summary_large_image","twitter_misc":{"Tiempo de lectura":"1 minuto"},"schema":{"@context":"https:\/\/schema.org","@graph":[{"@type":"WebPage","@id":"https:\/\/tia.fr\/es\/filtracion-de-membrana\/membranas\/","url":"https:\/\/tia.fr\/es\/filtracion-de-membrana\/membranas\/","name":"Membranas - TIA","isPartOf":{"@id":"https:\/\/tia.fr\/es\/#website"},"primaryImageOfPage":{"@id":"https:\/\/tia.fr\/es\/filtracion-de-membrana\/membranas\/#primaryimage"},"image":{"@id":"https:\/\/tia.fr\/es\/filtracion-de-membrana\/membranas\/#primaryimage"},"thumbnailUrl":"https:\/\/tia.fr\/wp-content\/uploads\/2017\/09\/Membrane_tubulaire.jpg","datePublished":"2019-01-15T13:40:03+00:00","breadcrumb":{"@id":"https:\/\/tia.fr\/es\/filtracion-de-membrana\/membranas\/#breadcrumb"},"inLanguage":"es","potentialAction":[{"@type":"ReadAction","target":["https:\/\/tia.fr\/es\/filtracion-de-membrana\/membranas\/"]}]},{"@type":"ImageObject","inLanguage":"es","@id":"https:\/\/tia.fr\/es\/filtracion-de-membrana\/membranas\/#primaryimage","url":"https:\/\/tia.fr\/wp-content\/uploads\/2017\/09\/Membrane_tubulaire.jpg","contentUrl":"https:\/\/tia.fr\/wp-content\/uploads\/2017\/09\/Membrane_tubulaire.jpg"},{"@type":"BreadcrumbList","@id":"https:\/\/tia.fr\/es\/filtracion-de-membrana\/membranas\/#breadcrumb","itemListElement":[{"@type":"ListItem","position":1,"name":"Inicio","item":"https:\/\/tia.fr\/es\/"},{"@type":"ListItem","position":2,"name":"Filtraci\u00f3n de membrana","item":"https:\/\/tia.fr\/es\/filtracion-de-membrana\/"},{"@type":"ListItem","position":3,"name":"Membranas"}]},{"@type":"WebSite","@id":"https:\/\/tia.fr\/es\/#website","url":"https:\/\/tia.fr\/es\/","name":"TIA","description":"la filtraci\u00f3n de membrana a medida.","potentialAction":[{"@type":"SearchAction","target":{"@type":"EntryPoint","urlTemplate":"https:\/\/tia.fr\/es\/?s={search_term_string}"},"query-input":{"@type":"PropertyValueSpecification","valueRequired":true,"valueName":"search_term_string"}}],"inLanguage":"es"}]}},"_links":{"self":[{"href":"https:\/\/tia.fr\/es\/wp-json\/wp\/v2\/pages\/1253","targetHints":{"allow":["GET"]}}],"collection":[{"href":"https:\/\/tia.fr\/es\/wp-json\/wp\/v2\/pages"}],"about":[{"href":"https:\/\/tia.fr\/es\/wp-json\/wp\/v2\/types\/page"}],"author":[{"embeddable":true,"href":"https:\/\/tia.fr\/es\/wp-json\/wp\/v2\/users\/12"}],"replies":[{"embeddable":true,"href":"https:\/\/tia.fr\/es\/wp-json\/wp\/v2\/comments?post=1253"}],"version-history":[{"count":0,"href":"https:\/\/tia.fr\/es\/wp-json\/wp\/v2\/pages\/1253\/revisions"}],"up":[{"embeddable":true,"href":"https:\/\/tia.fr\/es\/wp-json\/wp\/v2\/pages\/1264"}],"wp:attachment":[{"href":"https:\/\/tia.fr\/es\/wp-json\/wp\/v2\/media?parent=1253"}],"curies":[{"name":"wp","href":"https:\/\/api.w.org\/{rel}","templated":true}]}}