{"id":1254,"date":"2019-01-15T14:40:59","date_gmt":"2019-01-15T13:40:59","guid":{"rendered":"https:\/\/tia.fr\/estudio-ingenieria\/"},"modified":"2019-10-01T10:18:29","modified_gmt":"2019-10-01T08:18:29","slug":"estudio-ingenieria","status":"publish","type":"page","link":"https:\/\/tia.fr\/es\/conocimientos\/estudio-ingenieria\/","title":{"rendered":"Estudio &amp; Ingenier\u00eda"},"content":{"rendered":"<p><strong> TIA tiene el conocimiento para asistir sus clientes en cada etapa de sus proyecto: desde la realizaci\u00f3n de pruebas de viabilidad hasta la puesta en servicio de instalaciones industriales <\/strong><\/p>\n<p>La experiencia de TIA adquirida en la realizaci\u00f3n de pruebas de filtraci\u00f3n con piloto efectuadas en productos diversos y variados le permite contar con una metodolog\u00eda eficaz para validar una prueba de factibilidad o de predimensionamiento industrial en un corto plazo.<span style=\"font-size: 16px\"><img loading=\"lazy\" decoding=\"async\" class=\"wp-image-660 alignright\" src=\"https:\/\/tia.fr\/wp-content\/uploads\/2018\/05\/FDA3ADINEHEDGGAMP-320x298.png\" alt=\"\" width=\"182\" height=\"170\" srcset=\"https:\/\/tia.fr\/wp-content\/uploads\/2018\/05\/FDA3ADINEHEDGGAMP-320x298.png 320w, https:\/\/tia.fr\/wp-content\/uploads\/2018\/05\/FDA3ADINEHEDGGAMP-160x149.png 160w, https:\/\/tia.fr\/wp-content\/uploads\/2018\/05\/FDA3ADINEHEDGGAMP-260x242.png 260w, https:\/\/tia.fr\/wp-content\/uploads\/2018\/05\/FDA3ADINEHEDGGAMP.png 332w\" sizes=\"auto, (max-width: 182px) 100vw, 182px\" \/><\/span><\/p>\n<p>A partir de los datos recopilados, nuestros equipos pueden dimensionar y realizar una instalaci\u00f3n personalizada. La gran diversidad de instalaciones industriales y pilotos realizadas por TIA desde 1989, le permite tener una gran variedad de soluciones de procesos para responder con la mayor precisi\u00f3n posible a las especificaciones de sus clientes. Sobre la base de un software de dimensionamiento, desarrollado sobre la base de las muchas pruebas realizadas durante los 29 a\u00f1os de existencia de la empresa, podemos optimizar el dimensionamiento pertinente de las instalaciones industriales que fabricamos.<\/p>\n<p>Durante las fases de estudio previas a la instalaci\u00f3n, nuestros equipos intercambian con los equipos de nuestros clientes para validar los documentos de proceso (P&amp;ID), la lista de componentes previstos y la implementaci\u00f3n \u00f3ptima de las unidades que se construir\u00e1n. TIA tambi\u00e9n ofrece la realizaci\u00f3n de una FAT (Factory Acceptance Test), al final de la fabricaci\u00f3n y antes del env\u00edo del equipo a las instalaciones del cliente.<\/p>\n<p>El montaje de la instalaci\u00f3n en las instalaciones puede ser supervisado por nuestros equipos. Un ingeniero de TIA se encargar\u00e1 de la puesta en funcionamiento de la instalaci\u00f3n acompa\u00f1ado si es necesario por un ingeniero de automatizaci\u00f3n. Somos capaces de adaptarnos con agilidad y capacidad de respuesta a las condiciones y modalidades de los proyectos de nuestros clientes. TIA tiene el know-how para realizar instalaciones que cumplen con los m\u00e1s altos requisitos de las industrias agroalimentaria, biotecnol\u00f3gicas, cosm\u00e9ticas, farmac\u00e9uticas y ambientales.<\/p>\n","protected":false},"excerpt":{"rendered":"<p>TIA tiene el conocimiento para asistir sus clientes en cada etapa de sus proyecto: desde la realizaci\u00f3n de pruebas de viabilidad hasta la puesta en<br \/><a class=\"excerpt-read-more bouton\" href=\"https:\/\/tia.fr\/es\/conocimientos\/estudio-ingenieria\/\" title=\"Estudio &amp; Ingenier\u00eda\">M\u00e1s informaci\u00f3n<\/a><\/p>\n","protected":false},"author":12,"featured_media":0,"parent":1269,"menu_order":0,"comment_status":"closed","ping_status":"closed","template":"","meta":{"_acf_changed":false,"footnotes":""},"class_list":["post-1254","page","type-page","status-publish","hentry"],"acf":[],"yoast_head":"<!-- This site is optimized with the Yoast SEO plugin v26.9 - https:\/\/yoast.com\/product\/yoast-seo-wordpress\/ -->\n<title>Estudio &amp; Ingenier\u00eda - TIA<\/title>\n<meta name=\"robots\" content=\"index, follow, max-snippet:-1, max-image-preview:large, max-video-preview:-1\" \/>\n<link rel=\"canonical\" href=\"https:\/\/tia.fr\/es\/conocimientos\/estudio-ingenieria\/\" \/>\n<meta property=\"og:locale\" content=\"es_ES\" \/>\n<meta property=\"og:type\" content=\"article\" \/>\n<meta property=\"og:title\" content=\"Estudio &amp; Ingenier\u00eda - TIA\" \/>\n<meta property=\"og:description\" content=\"TIA tiene el conocimiento para asistir sus clientes en cada etapa de sus proyecto: desde la realizaci\u00f3n de pruebas de viabilidad hasta la puesta enM\u00e1s informaci\u00f3n\" \/>\n<meta property=\"og:url\" content=\"https:\/\/tia.fr\/es\/conocimientos\/estudio-ingenieria\/\" \/>\n<meta property=\"og:site_name\" content=\"TIA\" \/>\n<meta property=\"article:modified_time\" content=\"2019-10-01T08:18:29+00:00\" \/>\n<meta property=\"og:image\" content=\"https:\/\/tia.fr\/wp-content\/uploads\/2018\/05\/FDA3ADINEHEDGGAMP-320x298.png\" \/>\n<meta name=\"twitter:card\" content=\"summary_large_image\" \/>\n<meta name=\"twitter:label1\" content=\"Tiempo de lectura\" \/>\n\t<meta name=\"twitter:data1\" content=\"2 minutos\" \/>\n<script type=\"application\/ld+json\" class=\"yoast-schema-graph\">{\"@context\":\"https:\/\/schema.org\",\"@graph\":[{\"@type\":\"WebPage\",\"@id\":\"https:\/\/tia.fr\/es\/conocimientos\/estudio-ingenieria\/\",\"url\":\"https:\/\/tia.fr\/es\/conocimientos\/estudio-ingenieria\/\",\"name\":\"Estudio &amp; Ingenier\u00eda - TIA\",\"isPartOf\":{\"@id\":\"https:\/\/tia.fr\/es\/#website\"},\"primaryImageOfPage\":{\"@id\":\"https:\/\/tia.fr\/es\/conocimientos\/estudio-ingenieria\/#primaryimage\"},\"image\":{\"@id\":\"https:\/\/tia.fr\/es\/conocimientos\/estudio-ingenieria\/#primaryimage\"},\"thumbnailUrl\":\"https:\/\/tia.fr\/wp-content\/uploads\/2018\/05\/FDA3ADINEHEDGGAMP-320x298.png\",\"datePublished\":\"2019-01-15T13:40:59+00:00\",\"dateModified\":\"2019-10-01T08:18:29+00:00\",\"breadcrumb\":{\"@id\":\"https:\/\/tia.fr\/es\/conocimientos\/estudio-ingenieria\/#breadcrumb\"},\"inLanguage\":\"es\",\"potentialAction\":[{\"@type\":\"ReadAction\",\"target\":[\"https:\/\/tia.fr\/es\/conocimientos\/estudio-ingenieria\/\"]}]},{\"@type\":\"ImageObject\",\"inLanguage\":\"es\",\"@id\":\"https:\/\/tia.fr\/es\/conocimientos\/estudio-ingenieria\/#primaryimage\",\"url\":\"https:\/\/tia.fr\/wp-content\/uploads\/2018\/05\/FDA3ADINEHEDGGAMP-320x298.png\",\"contentUrl\":\"https:\/\/tia.fr\/wp-content\/uploads\/2018\/05\/FDA3ADINEHEDGGAMP-320x298.png\"},{\"@type\":\"BreadcrumbList\",\"@id\":\"https:\/\/tia.fr\/es\/conocimientos\/estudio-ingenieria\/#breadcrumb\",\"itemListElement\":[{\"@type\":\"ListItem\",\"position\":1,\"name\":\"Inicio\",\"item\":\"https:\/\/tia.fr\/es\/\"},{\"@type\":\"ListItem\",\"position\":2,\"name\":\"Conocimientos\",\"item\":\"https:\/\/tia.fr\/es\/conocimientos\/\"},{\"@type\":\"ListItem\",\"position\":3,\"name\":\"Estudio &amp; Ingenier\u00eda\"}]},{\"@type\":\"WebSite\",\"@id\":\"https:\/\/tia.fr\/es\/#website\",\"url\":\"https:\/\/tia.fr\/es\/\",\"name\":\"TIA\",\"description\":\"la filtraci\u00f3n de membrana a medida.\",\"potentialAction\":[{\"@type\":\"SearchAction\",\"target\":{\"@type\":\"EntryPoint\",\"urlTemplate\":\"https:\/\/tia.fr\/es\/?s={search_term_string}\"},\"query-input\":{\"@type\":\"PropertyValueSpecification\",\"valueRequired\":true,\"valueName\":\"search_term_string\"}}],\"inLanguage\":\"es\"}]}<\/script>\n<!-- \/ Yoast SEO plugin. -->","yoast_head_json":{"title":"Estudio &amp; Ingenier\u00eda - TIA","robots":{"index":"index","follow":"follow","max-snippet":"max-snippet:-1","max-image-preview":"max-image-preview:large","max-video-preview":"max-video-preview:-1"},"canonical":"https:\/\/tia.fr\/es\/conocimientos\/estudio-ingenieria\/","og_locale":"es_ES","og_type":"article","og_title":"Estudio &amp; Ingenier\u00eda - TIA","og_description":"TIA tiene el conocimiento para asistir sus clientes en cada etapa de sus proyecto: desde la realizaci\u00f3n de pruebas de viabilidad hasta la puesta enM\u00e1s informaci\u00f3n","og_url":"https:\/\/tia.fr\/es\/conocimientos\/estudio-ingenieria\/","og_site_name":"TIA","article_modified_time":"2019-10-01T08:18:29+00:00","og_image":[{"url":"https:\/\/tia.fr\/wp-content\/uploads\/2018\/05\/FDA3ADINEHEDGGAMP-320x298.png","type":"","width":"","height":""}],"twitter_card":"summary_large_image","twitter_misc":{"Tiempo de lectura":"2 minutos"},"schema":{"@context":"https:\/\/schema.org","@graph":[{"@type":"WebPage","@id":"https:\/\/tia.fr\/es\/conocimientos\/estudio-ingenieria\/","url":"https:\/\/tia.fr\/es\/conocimientos\/estudio-ingenieria\/","name":"Estudio &amp; Ingenier\u00eda - TIA","isPartOf":{"@id":"https:\/\/tia.fr\/es\/#website"},"primaryImageOfPage":{"@id":"https:\/\/tia.fr\/es\/conocimientos\/estudio-ingenieria\/#primaryimage"},"image":{"@id":"https:\/\/tia.fr\/es\/conocimientos\/estudio-ingenieria\/#primaryimage"},"thumbnailUrl":"https:\/\/tia.fr\/wp-content\/uploads\/2018\/05\/FDA3ADINEHEDGGAMP-320x298.png","datePublished":"2019-01-15T13:40:59+00:00","dateModified":"2019-10-01T08:18:29+00:00","breadcrumb":{"@id":"https:\/\/tia.fr\/es\/conocimientos\/estudio-ingenieria\/#breadcrumb"},"inLanguage":"es","potentialAction":[{"@type":"ReadAction","target":["https:\/\/tia.fr\/es\/conocimientos\/estudio-ingenieria\/"]}]},{"@type":"ImageObject","inLanguage":"es","@id":"https:\/\/tia.fr\/es\/conocimientos\/estudio-ingenieria\/#primaryimage","url":"https:\/\/tia.fr\/wp-content\/uploads\/2018\/05\/FDA3ADINEHEDGGAMP-320x298.png","contentUrl":"https:\/\/tia.fr\/wp-content\/uploads\/2018\/05\/FDA3ADINEHEDGGAMP-320x298.png"},{"@type":"BreadcrumbList","@id":"https:\/\/tia.fr\/es\/conocimientos\/estudio-ingenieria\/#breadcrumb","itemListElement":[{"@type":"ListItem","position":1,"name":"Inicio","item":"https:\/\/tia.fr\/es\/"},{"@type":"ListItem","position":2,"name":"Conocimientos","item":"https:\/\/tia.fr\/es\/conocimientos\/"},{"@type":"ListItem","position":3,"name":"Estudio &amp; Ingenier\u00eda"}]},{"@type":"WebSite","@id":"https:\/\/tia.fr\/es\/#website","url":"https:\/\/tia.fr\/es\/","name":"TIA","description":"la filtraci\u00f3n de membrana a medida.","potentialAction":[{"@type":"SearchAction","target":{"@type":"EntryPoint","urlTemplate":"https:\/\/tia.fr\/es\/?s={search_term_string}"},"query-input":{"@type":"PropertyValueSpecification","valueRequired":true,"valueName":"search_term_string"}}],"inLanguage":"es"}]}},"_links":{"self":[{"href":"https:\/\/tia.fr\/es\/wp-json\/wp\/v2\/pages\/1254","targetHints":{"allow":["GET"]}}],"collection":[{"href":"https:\/\/tia.fr\/es\/wp-json\/wp\/v2\/pages"}],"about":[{"href":"https:\/\/tia.fr\/es\/wp-json\/wp\/v2\/types\/page"}],"author":[{"embeddable":true,"href":"https:\/\/tia.fr\/es\/wp-json\/wp\/v2\/users\/12"}],"replies":[{"embeddable":true,"href":"https:\/\/tia.fr\/es\/wp-json\/wp\/v2\/comments?post=1254"}],"version-history":[{"count":1,"href":"https:\/\/tia.fr\/es\/wp-json\/wp\/v2\/pages\/1254\/revisions"}],"predecessor-version":[{"id":4278,"href":"https:\/\/tia.fr\/es\/wp-json\/wp\/v2\/pages\/1254\/revisions\/4278"}],"up":[{"embeddable":true,"href":"https:\/\/tia.fr\/es\/wp-json\/wp\/v2\/pages\/1269"}],"wp:attachment":[{"href":"https:\/\/tia.fr\/es\/wp-json\/wp\/v2\/media?parent=1254"}],"curies":[{"name":"wp","href":"https:\/\/api.w.org\/{rel}","templated":true}]}}