{"id":1255,"date":"2019-01-15T14:41:52","date_gmt":"2019-01-15T13:41:52","guid":{"rendered":"https:\/\/tia.fr\/alquiler-de-pilotos\/"},"modified":"2019-10-01T10:43:43","modified_gmt":"2019-10-01T08:43:43","slug":"alquiler-de-pilotos","status":"publish","type":"page","link":"https:\/\/tia.fr\/es\/conocimientos\/alquiler-de-pilotos\/","title":{"rendered":"Alquiler de pilotos"},"content":{"rendered":"<p>TIA ofrece a sus clientes el alquiler de pilotos de filtraci\u00f3n de membrana. La gran flota de 36 pilotos garantiza que nuestros clientes puedan encontrar la unidad que permitir\u00e1 realizar, directamente en sus instalaciones, las pruebas de viabilidad y de predimensionamiento del producto, o incluso producir muestras para las pruebas t\u00e9cnicas y comerciales.<\/p>\n<p>Los pilotos disponibles permiten realizar pruebas en membranas org\u00e1nicas y minerales. Est\u00e1n dise\u00f1ados para permitir probar varias configuraciones y elegir la membrana que mejor se adapte a las particularidades del producto a tratar.<\/p>\n<p><strong>Algunos ejemplos:<\/strong><\/p>\n<ul>\n<li>Org\u00e1nica en espiral o mineral<\/li>\n<li>Org\u00e1nica en espiral 2.5\u2019\u2019 ou 3.8\u2019\u2019<\/li>\n<li>Org\u00e1nica en espiral 6\u2019\u2019<\/li>\n<li>Org\u00e1nica en espirale 3.8\u2019\u2019 ou 8\u2019\u2019<\/li>\n<li>Org\u00e1nica fibras huecas y\/o tubulares<\/li>\n<li>Mineral 1, 2 ou 4 modulos<\/li>\n<li>Selecci\u00f3n de la cantidad de modulos en serie<\/li>\n<li>\u2026<\/li>\n<\/ul>\n<p>Pruebas de dimensionamiento industrial se realizan principalmente en membranas que ofrecen una f\u00e1cil transposici\u00f3n del piloto a la instalaci\u00f3n a escala 1 (ejemplo de membrana tipo 6 \u00bb u 8 \u00bb).<br \/>\nPara efectuar pruebas de viabilidad, las membranas de d\u00e9bil superficie son suficientes para reducir los vol\u00famenes de trabajo. TIA tambi\u00e9n ha desarrollado un micropiloto para trabajar con un volumen muy peque\u00f1o de trabajo en membranas superficiales muy d\u00e9biles, org\u00e1nicas y minerales. Varios micropilotes est\u00e1n disponibles para alquilar. Estos dispositivos son ideales para determinar el umbral de corte adecuado para una aplicaci\u00f3n.<\/p>\n<p>La mayor\u00eda de los pilotos disponibles son de funcionamiento manual. Algunos pilotos permiten el funcionamiento semiautom\u00e1tico para una mayor precisi\u00f3n y facilitan el trabajo del operador al realizar pruebas de resistencia.<\/p>\n<p>A solicitud del cliente, un ingeniero de TIA puede desplazarse hasta su instalaci\u00f3n al comienzo del contrato de alquiler para la puesta en servicio del piloto, la capacitaci\u00f3n de los operadores, la realizaci\u00f3n de las primeras pruebas de filtraci\u00f3n del producto y la implementaci\u00f3n de la metodolog\u00eda de trabajo y la recopilaci\u00f3n de informaci\u00f3n relevante. A lo largo del alquiler de la instalaci\u00f3n piloto, nuestro ingeniero sigue siendo un contacto disponible y atento al buen funcionamiento de sus pruebas; \u00c9l te acompa\u00f1ar\u00e1 y te brindar\u00e1 los consejos que necesitas para recopilar datos valiosos para tu proyecto.<\/p>\n<p><img loading=\"lazy\" decoding=\"async\" class=\"alignnone  wp-image-4295\" src=\"https:\/\/tia.fr\/wp-content\/uploads\/2019\/10\/PILOTE-2.jpg\" alt=\"\" width=\"198\" height=\"166\" srcset=\"https:\/\/tia.fr\/wp-content\/uploads\/2019\/10\/PILOTE-2.jpg 189w, https:\/\/tia.fr\/wp-content\/uploads\/2019\/10\/PILOTE-2-160x134.jpg 160w\" sizes=\"auto, (max-width: 198px) 100vw, 198px\" \/>\u00a0 \u00a0<img loading=\"lazy\" decoding=\"async\" class=\"alignnone  wp-image-4301\" src=\"https:\/\/tia.fr\/wp-content\/uploads\/2019\/10\/PILOTE-4.jpg\" alt=\"\" width=\"134\" height=\"166\" srcset=\"https:\/\/tia.fr\/wp-content\/uploads\/2019\/10\/PILOTE-4.jpg 147w, https:\/\/tia.fr\/wp-content\/uploads\/2019\/10\/PILOTE-4-129x160.jpg 129w\" sizes=\"auto, (max-width: 134px) 100vw, 134px\" \/> \u00a0 <img loading=\"lazy\" decoding=\"async\" class=\"alignnone  wp-image-4304\" src=\"https:\/\/tia.fr\/wp-content\/uploads\/2019\/10\/PILOTE-5.jpg\" alt=\"\" width=\"216\" height=\"162\" srcset=\"https:\/\/tia.fr\/wp-content\/uploads\/2019\/10\/PILOTE-5.jpg 225w, https:\/\/tia.fr\/wp-content\/uploads\/2019\/10\/PILOTE-5-160x119.jpg 160w\" sizes=\"auto, (max-width: 216px) 100vw, 216px\" \/> \u00a0 <img loading=\"lazy\" decoding=\"async\" class=\"alignnone  wp-image-4307\" src=\"https:\/\/tia.fr\/wp-content\/uploads\/2019\/10\/PILOTE-6.jpg\" alt=\"\" width=\"170\" height=\"166\" srcset=\"https:\/\/tia.fr\/wp-content\/uploads\/2019\/10\/PILOTE-6.jpg 183w, https:\/\/tia.fr\/wp-content\/uploads\/2019\/10\/PILOTE-6-160x157.jpg 160w\" sizes=\"auto, (max-width: 170px) 100vw, 170px\" \/> \u00a0 <img loading=\"lazy\" decoding=\"async\" class=\"alignnone  wp-image-4310\" src=\"https:\/\/tia.fr\/wp-content\/uploads\/2019\/10\/PILOTE-7.jpg\" alt=\"\" width=\"186\" height=\"166\" srcset=\"https:\/\/tia.fr\/wp-content\/uploads\/2019\/10\/PILOTE-7.jpg 191w, https:\/\/tia.fr\/wp-content\/uploads\/2019\/10\/PILOTE-7-160x143.jpg 160w\" sizes=\"auto, (max-width: 186px) 100vw, 186px\" \/><\/p>\n","protected":false},"excerpt":{"rendered":"<p>TIA ofrece a sus clientes el alquiler de pilotos de filtraci\u00f3n de membrana. La gran flota de 36 pilotos garantiza que nuestros clientes puedan encontrar<br \/><a class=\"excerpt-read-more bouton\" href=\"https:\/\/tia.fr\/es\/conocimientos\/alquiler-de-pilotos\/\" title=\"Alquiler de pilotos\">M\u00e1s informaci\u00f3n<\/a><\/p>\n","protected":false},"author":12,"featured_media":0,"parent":1269,"menu_order":0,"comment_status":"closed","ping_status":"closed","template":"","meta":{"_acf_changed":false,"footnotes":""},"class_list":["post-1255","page","type-page","status-publish","hentry"],"acf":[],"yoast_head":"<!-- This site is optimized with the Yoast SEO plugin v26.9 - https:\/\/yoast.com\/product\/yoast-seo-wordpress\/ -->\n<title>Alquiler de pilotos - TIA<\/title>\n<meta name=\"robots\" content=\"index, follow, max-snippet:-1, max-image-preview:large, max-video-preview:-1\" \/>\n<link rel=\"canonical\" href=\"https:\/\/tia.fr\/es\/conocimientos\/alquiler-de-pilotos\/\" \/>\n<meta property=\"og:locale\" content=\"es_ES\" \/>\n<meta property=\"og:type\" content=\"article\" \/>\n<meta property=\"og:title\" content=\"Alquiler de pilotos - TIA\" \/>\n<meta property=\"og:description\" content=\"TIA ofrece a sus clientes el alquiler de pilotos de filtraci\u00f3n de membrana. La gran flota de 36 pilotos garantiza que nuestros clientes puedan encontrarM\u00e1s informaci\u00f3n\" \/>\n<meta property=\"og:url\" content=\"https:\/\/tia.fr\/es\/conocimientos\/alquiler-de-pilotos\/\" \/>\n<meta property=\"og:site_name\" content=\"TIA\" \/>\n<meta property=\"article:modified_time\" content=\"2019-10-01T08:43:43+00:00\" \/>\n<meta property=\"og:image\" content=\"https:\/\/tia.fr\/wp-content\/uploads\/2019\/10\/PILOTE-2.jpg\" \/>\n<meta name=\"twitter:card\" content=\"summary_large_image\" \/>\n<meta name=\"twitter:label1\" content=\"Tiempo de lectura\" \/>\n\t<meta name=\"twitter:data1\" content=\"2 minutos\" \/>\n<script type=\"application\/ld+json\" class=\"yoast-schema-graph\">{\"@context\":\"https:\/\/schema.org\",\"@graph\":[{\"@type\":\"WebPage\",\"@id\":\"https:\/\/tia.fr\/es\/conocimientos\/alquiler-de-pilotos\/\",\"url\":\"https:\/\/tia.fr\/es\/conocimientos\/alquiler-de-pilotos\/\",\"name\":\"Alquiler de pilotos - TIA\",\"isPartOf\":{\"@id\":\"https:\/\/tia.fr\/es\/#website\"},\"primaryImageOfPage\":{\"@id\":\"https:\/\/tia.fr\/es\/conocimientos\/alquiler-de-pilotos\/#primaryimage\"},\"image\":{\"@id\":\"https:\/\/tia.fr\/es\/conocimientos\/alquiler-de-pilotos\/#primaryimage\"},\"thumbnailUrl\":\"https:\/\/tia.fr\/wp-content\/uploads\/2019\/10\/PILOTE-2.jpg\",\"datePublished\":\"2019-01-15T13:41:52+00:00\",\"dateModified\":\"2019-10-01T08:43:43+00:00\",\"breadcrumb\":{\"@id\":\"https:\/\/tia.fr\/es\/conocimientos\/alquiler-de-pilotos\/#breadcrumb\"},\"inLanguage\":\"es\",\"potentialAction\":[{\"@type\":\"ReadAction\",\"target\":[\"https:\/\/tia.fr\/es\/conocimientos\/alquiler-de-pilotos\/\"]}]},{\"@type\":\"ImageObject\",\"inLanguage\":\"es\",\"@id\":\"https:\/\/tia.fr\/es\/conocimientos\/alquiler-de-pilotos\/#primaryimage\",\"url\":\"https:\/\/tia.fr\/wp-content\/uploads\/2019\/10\/PILOTE-2.jpg\",\"contentUrl\":\"https:\/\/tia.fr\/wp-content\/uploads\/2019\/10\/PILOTE-2.jpg\"},{\"@type\":\"BreadcrumbList\",\"@id\":\"https:\/\/tia.fr\/es\/conocimientos\/alquiler-de-pilotos\/#breadcrumb\",\"itemListElement\":[{\"@type\":\"ListItem\",\"position\":1,\"name\":\"Inicio\",\"item\":\"https:\/\/tia.fr\/es\/\"},{\"@type\":\"ListItem\",\"position\":2,\"name\":\"Conocimientos\",\"item\":\"https:\/\/tia.fr\/es\/conocimientos\/\"},{\"@type\":\"ListItem\",\"position\":3,\"name\":\"Alquiler de pilotos\"}]},{\"@type\":\"WebSite\",\"@id\":\"https:\/\/tia.fr\/es\/#website\",\"url\":\"https:\/\/tia.fr\/es\/\",\"name\":\"TIA\",\"description\":\"la filtraci\u00f3n de membrana a medida.\",\"potentialAction\":[{\"@type\":\"SearchAction\",\"target\":{\"@type\":\"EntryPoint\",\"urlTemplate\":\"https:\/\/tia.fr\/es\/?s={search_term_string}\"},\"query-input\":{\"@type\":\"PropertyValueSpecification\",\"valueRequired\":true,\"valueName\":\"search_term_string\"}}],\"inLanguage\":\"es\"}]}<\/script>\n<!-- \/ Yoast SEO plugin. -->","yoast_head_json":{"title":"Alquiler de pilotos - TIA","robots":{"index":"index","follow":"follow","max-snippet":"max-snippet:-1","max-image-preview":"max-image-preview:large","max-video-preview":"max-video-preview:-1"},"canonical":"https:\/\/tia.fr\/es\/conocimientos\/alquiler-de-pilotos\/","og_locale":"es_ES","og_type":"article","og_title":"Alquiler de pilotos - TIA","og_description":"TIA ofrece a sus clientes el alquiler de pilotos de filtraci\u00f3n de membrana. La gran flota de 36 pilotos garantiza que nuestros clientes puedan encontrarM\u00e1s informaci\u00f3n","og_url":"https:\/\/tia.fr\/es\/conocimientos\/alquiler-de-pilotos\/","og_site_name":"TIA","article_modified_time":"2019-10-01T08:43:43+00:00","og_image":[{"url":"https:\/\/tia.fr\/wp-content\/uploads\/2019\/10\/PILOTE-2.jpg","type":"","width":"","height":""}],"twitter_card":"summary_large_image","twitter_misc":{"Tiempo de lectura":"2 minutos"},"schema":{"@context":"https:\/\/schema.org","@graph":[{"@type":"WebPage","@id":"https:\/\/tia.fr\/es\/conocimientos\/alquiler-de-pilotos\/","url":"https:\/\/tia.fr\/es\/conocimientos\/alquiler-de-pilotos\/","name":"Alquiler de pilotos - TIA","isPartOf":{"@id":"https:\/\/tia.fr\/es\/#website"},"primaryImageOfPage":{"@id":"https:\/\/tia.fr\/es\/conocimientos\/alquiler-de-pilotos\/#primaryimage"},"image":{"@id":"https:\/\/tia.fr\/es\/conocimientos\/alquiler-de-pilotos\/#primaryimage"},"thumbnailUrl":"https:\/\/tia.fr\/wp-content\/uploads\/2019\/10\/PILOTE-2.jpg","datePublished":"2019-01-15T13:41:52+00:00","dateModified":"2019-10-01T08:43:43+00:00","breadcrumb":{"@id":"https:\/\/tia.fr\/es\/conocimientos\/alquiler-de-pilotos\/#breadcrumb"},"inLanguage":"es","potentialAction":[{"@type":"ReadAction","target":["https:\/\/tia.fr\/es\/conocimientos\/alquiler-de-pilotos\/"]}]},{"@type":"ImageObject","inLanguage":"es","@id":"https:\/\/tia.fr\/es\/conocimientos\/alquiler-de-pilotos\/#primaryimage","url":"https:\/\/tia.fr\/wp-content\/uploads\/2019\/10\/PILOTE-2.jpg","contentUrl":"https:\/\/tia.fr\/wp-content\/uploads\/2019\/10\/PILOTE-2.jpg"},{"@type":"BreadcrumbList","@id":"https:\/\/tia.fr\/es\/conocimientos\/alquiler-de-pilotos\/#breadcrumb","itemListElement":[{"@type":"ListItem","position":1,"name":"Inicio","item":"https:\/\/tia.fr\/es\/"},{"@type":"ListItem","position":2,"name":"Conocimientos","item":"https:\/\/tia.fr\/es\/conocimientos\/"},{"@type":"ListItem","position":3,"name":"Alquiler de pilotos"}]},{"@type":"WebSite","@id":"https:\/\/tia.fr\/es\/#website","url":"https:\/\/tia.fr\/es\/","name":"TIA","description":"la filtraci\u00f3n de membrana a medida.","potentialAction":[{"@type":"SearchAction","target":{"@type":"EntryPoint","urlTemplate":"https:\/\/tia.fr\/es\/?s={search_term_string}"},"query-input":{"@type":"PropertyValueSpecification","valueRequired":true,"valueName":"search_term_string"}}],"inLanguage":"es"}]}},"_links":{"self":[{"href":"https:\/\/tia.fr\/es\/wp-json\/wp\/v2\/pages\/1255","targetHints":{"allow":["GET"]}}],"collection":[{"href":"https:\/\/tia.fr\/es\/wp-json\/wp\/v2\/pages"}],"about":[{"href":"https:\/\/tia.fr\/es\/wp-json\/wp\/v2\/types\/page"}],"author":[{"embeddable":true,"href":"https:\/\/tia.fr\/es\/wp-json\/wp\/v2\/users\/12"}],"replies":[{"embeddable":true,"href":"https:\/\/tia.fr\/es\/wp-json\/wp\/v2\/comments?post=1255"}],"version-history":[{"count":1,"href":"https:\/\/tia.fr\/es\/wp-json\/wp\/v2\/pages\/1255\/revisions"}],"predecessor-version":[{"id":4328,"href":"https:\/\/tia.fr\/es\/wp-json\/wp\/v2\/pages\/1255\/revisions\/4328"}],"up":[{"embeddable":true,"href":"https:\/\/tia.fr\/es\/wp-json\/wp\/v2\/pages\/1269"}],"wp:attachment":[{"href":"https:\/\/tia.fr\/es\/wp-json\/wp\/v2\/media?parent=1255"}],"curies":[{"name":"wp","href":"https:\/\/api.w.org\/{rel}","templated":true}]}}