{"id":1256,"date":"2019-01-15T14:42:48","date_gmt":"2019-01-15T13:42:48","guid":{"rendered":"https:\/\/tia.fr\/fabricacion-de-instalacion\/"},"modified":"2019-10-01T10:21:49","modified_gmt":"2019-10-01T08:21:49","slug":"fabricacion-de-instalacion","status":"publish","type":"page","link":"https:\/\/tia.fr\/es\/conocimientos\/fabricacion-de-instalacion\/","title":{"rendered":"Fabricaci\u00f3n de instalaci\u00f3n"},"content":{"rendered":"<div id=\"attachment_1166\" style=\"width: 330px\" class=\"wp-caption alignright\"><a href=\"https:\/\/tia.fr\/wp-content\/uploads\/2017\/09\/instalaci\u00f3n-mineral-automatizada\"><img loading=\"lazy\" decoding=\"async\" aria-describedby=\"caption-attachment-1166\" class=\"wp-image-1166 size-medium\" src=\"https:\/\/tia.fr\/wp-content\/uploads\/2017\/09\/Installation-mine\u0301rale-automatise\u0301e-320x180.jpg\" alt=\"\" width=\"320\" height=\"180\" srcset=\"https:\/\/tia.fr\/wp-content\/uploads\/2017\/09\/Installation-mine\u0301rale-automatise\u0301e-320x180.jpg 320w, https:\/\/tia.fr\/wp-content\/uploads\/2017\/09\/Installation-mine\u0301rale-automatise\u0301e-160x90.jpg 160w, https:\/\/tia.fr\/wp-content\/uploads\/2017\/09\/Installation-mine\u0301rale-automatise\u0301e-768x431.jpg 768w, https:\/\/tia.fr\/wp-content\/uploads\/2017\/09\/Installation-mine\u0301rale-automatise\u0301e-1200x674.jpg 1200w, https:\/\/tia.fr\/wp-content\/uploads\/2017\/09\/Installation-mine\u0301rale-automatise\u0301e-260x146.jpg 260w\" sizes=\"auto, (max-width: 320px) 100vw, 320px\" \/><\/a><p id=\"caption-attachment-1166\" class=\"wp-caption-text\">instalaci\u00f3n mineral automatizada<\/p><\/div>\n<p><strong> TIA dimensiona, fabrica y pone en funcionamiento instalaciones industriales cuya superficie de filtro varia desde unos pocos metros cuadrados hasta varios miles de metros cuadrados de membranas <\/strong><\/p>\n<p>Una de las principales fuerzas de TIA es saber c\u00f3mo adaptar las tecnolog\u00edas de membrana a las limitaciones del proceso, al entorno t\u00e9cnico y a los problemas log\u00edsticos de sus clientes. La diversidad de nuestros clientes nos permite conocer una amplia gama de componentes y nos permite adaptarnos a las exigencias de todos los sectores industriales.<\/p>\n<p>Perfectamente informado sobre los desaf\u00edos industriales, TIA ofrece flexibilidad a sus clientes. Si estos anticipan un aumento futuro de la producci\u00f3n, les ofreceremos una instalaci\u00f3n con posibilidad de ampliaci\u00f3n. Los materiales se dimensionar\u00e1 para obtener el rendimiento esperado al inicio de la instalaci\u00f3n, pero tambi\u00e9n para anticipar un futuro aumento en la capacidad de producci\u00f3n.<br \/>\nAl final del pedido, durante las primeras fases de estudio del proyecto, el P&amp;ID (diagrama de flujo y materiales instalados) de la instalaci\u00f3n, as\u00ed como los componentes seleccionados, se validan recopilando la opini\u00f3n del cliente. El dise\u00f1o de implantaci\u00f3n en 3D de la instalaci\u00f3n est\u00e1 optimizado para adaptarse mejor a las restricciones espec\u00edficas del proyecto<span style=\"font-size: 16px\"><img loading=\"lazy\" decoding=\"async\" class=\"wp-image-660 alignright\" src=\"https:\/\/tia.fr\/wp-content\/uploads\/2018\/05\/FDA3ADINEHEDGGAMP-320x298.png\" alt=\"\" width=\"182\" height=\"170\" srcset=\"https:\/\/tia.fr\/wp-content\/uploads\/2018\/05\/FDA3ADINEHEDGGAMP-320x298.png 320w, https:\/\/tia.fr\/wp-content\/uploads\/2018\/05\/FDA3ADINEHEDGGAMP-160x149.png 160w, https:\/\/tia.fr\/wp-content\/uploads\/2018\/05\/FDA3ADINEHEDGGAMP-260x242.png 260w, https:\/\/tia.fr\/wp-content\/uploads\/2018\/05\/FDA3ADINEHEDGGAMP.png 332w\" sizes=\"auto, (max-width: 182px) 100vw, 182px\" \/><\/span><\/p>\n<div id=\"attachment_1167\" style=\"width: 330px\" class=\"wp-caption alignleft\"><a href=\"https:\/\/tia.fr\/wp-content\/uploads\/2017\/09\/Installation-organique-automatise\u0301e.jpg\"><img loading=\"lazy\" decoding=\"async\" aria-describedby=\"caption-attachment-1167\" class=\"wp-image-1167 size-medium\" src=\"https:\/\/tia.fr\/wp-content\/uploads\/2017\/09\/Installation-organique-automatise\u0301e-320x180.jpg\" alt=\"\" width=\"320\" height=\"180\" srcset=\"https:\/\/tia.fr\/wp-content\/uploads\/2017\/09\/Installation-organique-automatise\u0301e-320x180.jpg 320w, https:\/\/tia.fr\/wp-content\/uploads\/2017\/09\/Installation-organique-automatise\u0301e-160x90.jpg 160w, https:\/\/tia.fr\/wp-content\/uploads\/2017\/09\/Installation-organique-automatise\u0301e-768x431.jpg 768w, https:\/\/tia.fr\/wp-content\/uploads\/2017\/09\/Installation-organique-automatise\u0301e-1200x673.jpg 1200w, https:\/\/tia.fr\/wp-content\/uploads\/2017\/09\/Installation-organique-automatise\u0301e-260x146.jpg 260w\" sizes=\"auto, (max-width: 320px) 100vw, 320px\" \/><\/a><p id=\"caption-attachment-1167\" class=\"wp-caption-text\">Installation organique automatise\u0301e<\/p><\/div>\n<p>La fabricaci\u00f3n de la unidad puede ser efectuada en el taller de TIA o subcontratada a las empresas que hemos seleccionado. Adem\u00e1s de nuestros propios controles internos, proponemos a nuestros clientes la posibilidad de venir y efectuar una FAT (Factory Acceptance Test) antes del env\u00edo la instalaci\u00f3n a la planta del cliente. El montaje generalmente es supervisado por una persona de TIA.<\/p>\n<p>La puesta en funcionamiento la realiza un ingeniero de TIA acompa\u00f1ado de un ingeniero de automatizaci\u00f3n. Luego, las pruebas en agua con el producto a tratar completan la etapa de puesta en funcionamiento de la unidad, que se integrara perfectamente a tu proceso industrial.<\/p>\n<p style=\"padding-left: 80px\"><img loading=\"lazy\" decoding=\"async\" class=\"alignnone  wp-image-4149\" src=\"https:\/\/tia.fr\/wp-content\/uploads\/2019\/09\/photo-MF-1-235x320.jpg\" alt=\"\" width=\"236\" height=\"320\" srcset=\"https:\/\/tia.fr\/wp-content\/uploads\/2019\/09\/photo-MF-1-235x320.jpg 235w, https:\/\/tia.fr\/wp-content\/uploads\/2019\/09\/photo-MF-1-118x160.jpg 118w, https:\/\/tia.fr\/wp-content\/uploads\/2019\/09\/photo-MF-1-768x1044.jpg 768w, https:\/\/tia.fr\/wp-content\/uploads\/2019\/09\/photo-MF-1-883x1200.jpg 883w, https:\/\/tia.fr\/wp-content\/uploads\/2019\/09\/photo-MF-1-191x260.jpg 191w, https:\/\/tia.fr\/wp-content\/uploads\/2019\/09\/photo-MF-1.jpg 1970w\" sizes=\"auto, (max-width: 236px) 100vw, 236px\" \/> <img loading=\"lazy\" decoding=\"async\" class=\"alignnone  wp-image-4152\" src=\"https:\/\/tia.fr\/wp-content\/uploads\/2019\/09\/photo-OI-1-320x189.jpg\" alt=\"\" width=\"542\" height=\"320\" srcset=\"https:\/\/tia.fr\/wp-content\/uploads\/2019\/09\/photo-OI-1-320x189.jpg 320w, https:\/\/tia.fr\/wp-content\/uploads\/2019\/09\/photo-OI-1-160x95.jpg 160w, https:\/\/tia.fr\/wp-content\/uploads\/2019\/09\/photo-OI-1-768x454.jpg 768w, https:\/\/tia.fr\/wp-content\/uploads\/2019\/09\/photo-OI-1-1200x710.jpg 1200w, https:\/\/tia.fr\/wp-content\/uploads\/2019\/09\/photo-OI-1-260x154.jpg 260w\" sizes=\"auto, (max-width: 542px) 100vw, 542px\" \/><img loading=\"lazy\" decoding=\"async\" class=\"alignnone  wp-image-4155\" src=\"https:\/\/tia.fr\/wp-content\/uploads\/2019\/09\/photo-OI-2-320x246.jpg\" alt=\"\" width=\"373\" height=\"286\" srcset=\"https:\/\/tia.fr\/wp-content\/uploads\/2019\/09\/photo-OI-2-320x246.jpg 320w, https:\/\/tia.fr\/wp-content\/uploads\/2019\/09\/photo-OI-2-160x123.jpg 160w, https:\/\/tia.fr\/wp-content\/uploads\/2019\/09\/photo-OI-2-768x590.jpg 768w, https:\/\/tia.fr\/wp-content\/uploads\/2019\/09\/photo-OI-2-1200x923.jpg 1200w, https:\/\/tia.fr\/wp-content\/uploads\/2019\/09\/photo-OI-2-260x200.jpg 260w\" sizes=\"auto, (max-width: 373px) 100vw, 373px\" \/><img loading=\"lazy\" decoding=\"async\" class=\"alignnone  wp-image-4159\" src=\"https:\/\/tia.fr\/wp-content\/uploads\/2019\/09\/photo-UF-1-320x224.jpg\" alt=\"\" width=\"409\" height=\"286\" srcset=\"https:\/\/tia.fr\/wp-content\/uploads\/2019\/09\/photo-UF-1-320x224.jpg 320w, https:\/\/tia.fr\/wp-content\/uploads\/2019\/09\/photo-UF-1-160x112.jpg 160w, https:\/\/tia.fr\/wp-content\/uploads\/2019\/09\/photo-UF-1-768x537.jpg 768w, https:\/\/tia.fr\/wp-content\/uploads\/2019\/09\/photo-UF-1-1200x839.jpg 1200w, https:\/\/tia.fr\/wp-content\/uploads\/2019\/09\/photo-UF-1-260x182.jpg 260w\" sizes=\"auto, (max-width: 409px) 100vw, 409px\" \/><\/p>\n","protected":false},"excerpt":{"rendered":"<p>TIA dimensiona, fabrica y pone en funcionamiento instalaciones industriales cuya superficie de filtro varia desde unos pocos metros cuadrados hasta varios miles de metros cuadrados<br \/><a class=\"excerpt-read-more bouton\" href=\"https:\/\/tia.fr\/es\/conocimientos\/fabricacion-de-instalacion\/\" title=\"Fabricaci\u00f3n de instalaci\u00f3n\">M\u00e1s informaci\u00f3n<\/a><\/p>\n","protected":false},"author":12,"featured_media":0,"parent":1269,"menu_order":0,"comment_status":"closed","ping_status":"closed","template":"","meta":{"_acf_changed":false,"footnotes":""},"class_list":["post-1256","page","type-page","status-publish","hentry"],"acf":[],"yoast_head":"<!-- This site is optimized with the Yoast SEO plugin v26.9 - https:\/\/yoast.com\/product\/yoast-seo-wordpress\/ -->\n<title>Fabricaci\u00f3n de instalaci\u00f3n - TIA<\/title>\n<meta name=\"robots\" content=\"index, follow, max-snippet:-1, max-image-preview:large, max-video-preview:-1\" \/>\n<link rel=\"canonical\" href=\"https:\/\/tia.fr\/es\/conocimientos\/fabricacion-de-instalacion\/\" \/>\n<meta property=\"og:locale\" content=\"es_ES\" \/>\n<meta property=\"og:type\" content=\"article\" \/>\n<meta property=\"og:title\" content=\"Fabricaci\u00f3n de instalaci\u00f3n - TIA\" \/>\n<meta property=\"og:description\" content=\"TIA dimensiona, fabrica y pone en funcionamiento instalaciones industriales cuya superficie de filtro varia desde unos pocos metros cuadrados hasta varios miles de metros cuadradosM\u00e1s informaci\u00f3n\" \/>\n<meta property=\"og:url\" content=\"https:\/\/tia.fr\/es\/conocimientos\/fabricacion-de-instalacion\/\" \/>\n<meta property=\"og:site_name\" content=\"TIA\" \/>\n<meta property=\"article:modified_time\" content=\"2019-10-01T08:21:49+00:00\" \/>\n<meta property=\"og:image\" content=\"https:\/\/tia.fr\/wp-content\/uploads\/2017\/09\/Installation-mine\u0301rale-automatise\u0301e-320x180.jpg\" \/>\n<meta name=\"twitter:card\" content=\"summary_large_image\" \/>\n<meta name=\"twitter:label1\" content=\"Tiempo de lectura\" \/>\n\t<meta name=\"twitter:data1\" content=\"2 minutos\" \/>\n<script type=\"application\/ld+json\" class=\"yoast-schema-graph\">{\"@context\":\"https:\/\/schema.org\",\"@graph\":[{\"@type\":\"WebPage\",\"@id\":\"https:\/\/tia.fr\/es\/conocimientos\/fabricacion-de-instalacion\/\",\"url\":\"https:\/\/tia.fr\/es\/conocimientos\/fabricacion-de-instalacion\/\",\"name\":\"Fabricaci\u00f3n de instalaci\u00f3n - TIA\",\"isPartOf\":{\"@id\":\"https:\/\/tia.fr\/es\/#website\"},\"primaryImageOfPage\":{\"@id\":\"https:\/\/tia.fr\/es\/conocimientos\/fabricacion-de-instalacion\/#primaryimage\"},\"image\":{\"@id\":\"https:\/\/tia.fr\/es\/conocimientos\/fabricacion-de-instalacion\/#primaryimage\"},\"thumbnailUrl\":\"https:\/\/tia.fr\/wp-content\/uploads\/2018\/05\/FDA3ADINEHEDGGAMP-320x298.png\",\"datePublished\":\"2019-01-15T13:42:48+00:00\",\"dateModified\":\"2019-10-01T08:21:49+00:00\",\"breadcrumb\":{\"@id\":\"https:\/\/tia.fr\/es\/conocimientos\/fabricacion-de-instalacion\/#breadcrumb\"},\"inLanguage\":\"es\",\"potentialAction\":[{\"@type\":\"ReadAction\",\"target\":[\"https:\/\/tia.fr\/es\/conocimientos\/fabricacion-de-instalacion\/\"]}]},{\"@type\":\"ImageObject\",\"inLanguage\":\"es\",\"@id\":\"https:\/\/tia.fr\/es\/conocimientos\/fabricacion-de-instalacion\/#primaryimage\",\"url\":\"https:\/\/tia.fr\/wp-content\/uploads\/2018\/05\/FDA3ADINEHEDGGAMP-320x298.png\",\"contentUrl\":\"https:\/\/tia.fr\/wp-content\/uploads\/2018\/05\/FDA3ADINEHEDGGAMP-320x298.png\"},{\"@type\":\"BreadcrumbList\",\"@id\":\"https:\/\/tia.fr\/es\/conocimientos\/fabricacion-de-instalacion\/#breadcrumb\",\"itemListElement\":[{\"@type\":\"ListItem\",\"position\":1,\"name\":\"Inicio\",\"item\":\"https:\/\/tia.fr\/es\/\"},{\"@type\":\"ListItem\",\"position\":2,\"name\":\"Conocimientos\",\"item\":\"https:\/\/tia.fr\/es\/conocimientos\/\"},{\"@type\":\"ListItem\",\"position\":3,\"name\":\"Fabricaci\u00f3n de instalaci\u00f3n\"}]},{\"@type\":\"WebSite\",\"@id\":\"https:\/\/tia.fr\/es\/#website\",\"url\":\"https:\/\/tia.fr\/es\/\",\"name\":\"TIA\",\"description\":\"la filtraci\u00f3n de membrana a medida.\",\"potentialAction\":[{\"@type\":\"SearchAction\",\"target\":{\"@type\":\"EntryPoint\",\"urlTemplate\":\"https:\/\/tia.fr\/es\/?s={search_term_string}\"},\"query-input\":{\"@type\":\"PropertyValueSpecification\",\"valueRequired\":true,\"valueName\":\"search_term_string\"}}],\"inLanguage\":\"es\"}]}<\/script>\n<!-- \/ Yoast SEO plugin. -->","yoast_head_json":{"title":"Fabricaci\u00f3n de instalaci\u00f3n - TIA","robots":{"index":"index","follow":"follow","max-snippet":"max-snippet:-1","max-image-preview":"max-image-preview:large","max-video-preview":"max-video-preview:-1"},"canonical":"https:\/\/tia.fr\/es\/conocimientos\/fabricacion-de-instalacion\/","og_locale":"es_ES","og_type":"article","og_title":"Fabricaci\u00f3n de instalaci\u00f3n - TIA","og_description":"TIA dimensiona, fabrica y pone en funcionamiento instalaciones industriales cuya superficie de filtro varia desde unos pocos metros cuadrados hasta varios miles de metros cuadradosM\u00e1s informaci\u00f3n","og_url":"https:\/\/tia.fr\/es\/conocimientos\/fabricacion-de-instalacion\/","og_site_name":"TIA","article_modified_time":"2019-10-01T08:21:49+00:00","og_image":[{"url":"https:\/\/tia.fr\/wp-content\/uploads\/2017\/09\/Installation-mine\u0301rale-automatise\u0301e-320x180.jpg","type":"","width":"","height":""}],"twitter_card":"summary_large_image","twitter_misc":{"Tiempo de lectura":"2 minutos"},"schema":{"@context":"https:\/\/schema.org","@graph":[{"@type":"WebPage","@id":"https:\/\/tia.fr\/es\/conocimientos\/fabricacion-de-instalacion\/","url":"https:\/\/tia.fr\/es\/conocimientos\/fabricacion-de-instalacion\/","name":"Fabricaci\u00f3n de instalaci\u00f3n - TIA","isPartOf":{"@id":"https:\/\/tia.fr\/es\/#website"},"primaryImageOfPage":{"@id":"https:\/\/tia.fr\/es\/conocimientos\/fabricacion-de-instalacion\/#primaryimage"},"image":{"@id":"https:\/\/tia.fr\/es\/conocimientos\/fabricacion-de-instalacion\/#primaryimage"},"thumbnailUrl":"https:\/\/tia.fr\/wp-content\/uploads\/2018\/05\/FDA3ADINEHEDGGAMP-320x298.png","datePublished":"2019-01-15T13:42:48+00:00","dateModified":"2019-10-01T08:21:49+00:00","breadcrumb":{"@id":"https:\/\/tia.fr\/es\/conocimientos\/fabricacion-de-instalacion\/#breadcrumb"},"inLanguage":"es","potentialAction":[{"@type":"ReadAction","target":["https:\/\/tia.fr\/es\/conocimientos\/fabricacion-de-instalacion\/"]}]},{"@type":"ImageObject","inLanguage":"es","@id":"https:\/\/tia.fr\/es\/conocimientos\/fabricacion-de-instalacion\/#primaryimage","url":"https:\/\/tia.fr\/wp-content\/uploads\/2018\/05\/FDA3ADINEHEDGGAMP-320x298.png","contentUrl":"https:\/\/tia.fr\/wp-content\/uploads\/2018\/05\/FDA3ADINEHEDGGAMP-320x298.png"},{"@type":"BreadcrumbList","@id":"https:\/\/tia.fr\/es\/conocimientos\/fabricacion-de-instalacion\/#breadcrumb","itemListElement":[{"@type":"ListItem","position":1,"name":"Inicio","item":"https:\/\/tia.fr\/es\/"},{"@type":"ListItem","position":2,"name":"Conocimientos","item":"https:\/\/tia.fr\/es\/conocimientos\/"},{"@type":"ListItem","position":3,"name":"Fabricaci\u00f3n de instalaci\u00f3n"}]},{"@type":"WebSite","@id":"https:\/\/tia.fr\/es\/#website","url":"https:\/\/tia.fr\/es\/","name":"TIA","description":"la filtraci\u00f3n de membrana a medida.","potentialAction":[{"@type":"SearchAction","target":{"@type":"EntryPoint","urlTemplate":"https:\/\/tia.fr\/es\/?s={search_term_string}"},"query-input":{"@type":"PropertyValueSpecification","valueRequired":true,"valueName":"search_term_string"}}],"inLanguage":"es"}]}},"_links":{"self":[{"href":"https:\/\/tia.fr\/es\/wp-json\/wp\/v2\/pages\/1256","targetHints":{"allow":["GET"]}}],"collection":[{"href":"https:\/\/tia.fr\/es\/wp-json\/wp\/v2\/pages"}],"about":[{"href":"https:\/\/tia.fr\/es\/wp-json\/wp\/v2\/types\/page"}],"author":[{"embeddable":true,"href":"https:\/\/tia.fr\/es\/wp-json\/wp\/v2\/users\/12"}],"replies":[{"embeddable":true,"href":"https:\/\/tia.fr\/es\/wp-json\/wp\/v2\/comments?post=1256"}],"version-history":[{"count":3,"href":"https:\/\/tia.fr\/es\/wp-json\/wp\/v2\/pages\/1256\/revisions"}],"predecessor-version":[{"id":4280,"href":"https:\/\/tia.fr\/es\/wp-json\/wp\/v2\/pages\/1256\/revisions\/4280"}],"up":[{"embeddable":true,"href":"https:\/\/tia.fr\/es\/wp-json\/wp\/v2\/pages\/1269"}],"wp:attachment":[{"href":"https:\/\/tia.fr\/es\/wp-json\/wp\/v2\/media?parent=1256"}],"curies":[{"name":"wp","href":"https:\/\/api.w.org\/{rel}","templated":true}]}}