{"id":1257,"date":"2019-01-15T14:43:41","date_gmt":"2019-01-15T13:43:41","guid":{"rendered":"https:\/\/tia.fr\/fabricacion-piloto\/"},"modified":"2019-10-01T11:31:34","modified_gmt":"2019-10-01T09:31:34","slug":"fabricacion-piloto","status":"publish","type":"page","link":"https:\/\/tia.fr\/es\/conocimientos\/fabricacion-piloto\/","title":{"rendered":"Fabricaci\u00f3n piloto"},"content":{"rendered":"<div id=\"attachment_1169\" style=\"width: 330px\" class=\"wp-caption alignright\"><a href=\"https:\/\/tia.fr\/wp-content\/uploads\/2017\/09\/Piloto-mineral-automatizado\"><img loading=\"lazy\" decoding=\"async\" aria-describedby=\"caption-attachment-1169\" class=\"wp-image-1169 size-medium\" src=\"https:\/\/tia.fr\/wp-content\/uploads\/2017\/09\/Pilote-mine\u0301ral-automatise\u0301-320x180.jpg\" alt=\"\" width=\"320\" height=\"180\" srcset=\"https:\/\/tia.fr\/wp-content\/uploads\/2017\/09\/Pilote-mine\u0301ral-automatise\u0301-320x180.jpg 320w, https:\/\/tia.fr\/wp-content\/uploads\/2017\/09\/Pilote-mine\u0301ral-automatise\u0301-160x90.jpg 160w, https:\/\/tia.fr\/wp-content\/uploads\/2017\/09\/Pilote-mine\u0301ral-automatise\u0301-768x431.jpg 768w, https:\/\/tia.fr\/wp-content\/uploads\/2017\/09\/Pilote-mine\u0301ral-automatise\u0301-1200x673.jpg 1200w, https:\/\/tia.fr\/wp-content\/uploads\/2017\/09\/Pilote-mine\u0301ral-automatise\u0301-260x146.jpg 260w\" sizes=\"auto, (max-width: 320px) 100vw, 320px\" \/><\/a><p id=\"caption-attachment-1169\" class=\"wp-caption-text\">piloto mineral automatizado<\/p><\/div>\n<p><strong> TIA dimensiona, fabrica y pone en funcionamiento instalaciones piloto de todos los tama\u00f1os. TIA se compromete a dise\u00f1ar una soluci\u00f3n personalizada para su cliente que le permita cumplir las funciones deseadas en un mismo equipo.. <\/strong><\/p>\n<p>Nuestras instalaciones pilotos estan principalmente destinadas :<\/p>\n<ul>\n<li>a la realizaci\u00f3n de pruebas de filtraci\u00f3n<\/li>\n<li>a la relaxation de producciones de volumen reducido<\/li>\n<\/ul>\n<p>Tendremos la posibilidad de ofrecerte los pilotos con m\u00faltiples configuraciones que mejor se adapten a tus deseos de comparar diferentes tecnolog\u00edas y diferentes membranas. Los pilotos son manuales o autom\u00e1ticos seg\u00fan la elecci\u00f3n y el presupuesto que tengas. Los pilotos automatizados reducen la carga de trabajo del operador, garantizan la estabilidad de los par\u00e1metros operativos y ofrecen una mejor confort de uso.<\/p>\n<div id=\"attachment_1170\" style=\"width: 330px\" class=\"wp-caption alignleft\"><a href=\"https:\/\/tia.fr\/wp-content\/uploads\/2017\/09\/Piloto-mineral-organico-semi-automatizado\"><img loading=\"lazy\" decoding=\"async\" aria-describedby=\"caption-attachment-1170\" class=\"wp-image-1170 size-medium\" src=\"https:\/\/tia.fr\/wp-content\/uploads\/2017\/09\/Pilote-mine\u0301ral-organique-semi-automatise\u0301-320x180.jpg\" alt=\"\" width=\"320\" height=\"180\" srcset=\"https:\/\/tia.fr\/wp-content\/uploads\/2017\/09\/Pilote-mine\u0301ral-organique-semi-automatise\u0301-320x180.jpg 320w, https:\/\/tia.fr\/wp-content\/uploads\/2017\/09\/Pilote-mine\u0301ral-organique-semi-automatise\u0301-160x90.jpg 160w, https:\/\/tia.fr\/wp-content\/uploads\/2017\/09\/Pilote-mine\u0301ral-organique-semi-automatise\u0301-768x431.jpg 768w, https:\/\/tia.fr\/wp-content\/uploads\/2017\/09\/Pilote-mine\u0301ral-organique-semi-automatise\u0301-1200x673.jpg 1200w, https:\/\/tia.fr\/wp-content\/uploads\/2017\/09\/Pilote-mine\u0301ral-organique-semi-automatise\u0301-260x146.jpg 260w\" sizes=\"auto, (max-width: 320px) 100vw, 320px\" \/><\/a><p id=\"caption-attachment-1170\" class=\"wp-caption-text\">Piloto mineral organico semi automatizado<\/p><\/div>\n<p>Igualmente podremos ofrecerte varias formas de recopilar datos relevantes de los procesos implementados.<br \/>\nNos encargamos de dar el mismo cuidado a un proyecto de fabricaci\u00f3n de un piloto como lo hacemos para la fabricaci\u00f3n de una instalaci\u00f3n industrial. <span style=\"font-size: 16px\"><img loading=\"lazy\" decoding=\"async\" class=\"wp-image-660 alignright\" src=\"https:\/\/tia.fr\/wp-content\/uploads\/2018\/05\/FDA3ADINEHEDGGAMP-320x298.png\" alt=\"\" width=\"182\" height=\"170\" srcset=\"https:\/\/tia.fr\/wp-content\/uploads\/2018\/05\/FDA3ADINEHEDGGAMP-320x298.png 320w, https:\/\/tia.fr\/wp-content\/uploads\/2018\/05\/FDA3ADINEHEDGGAMP-160x149.png 160w, https:\/\/tia.fr\/wp-content\/uploads\/2018\/05\/FDA3ADINEHEDGGAMP-260x242.png 260w, https:\/\/tia.fr\/wp-content\/uploads\/2018\/05\/FDA3ADINEHEDGGAMP.png 332w\" sizes=\"auto, (max-width: 182px) 100vw, 182px\" \/><\/span>Privilegiamos los intercambios con el cliente en todas las etapas del proyecto para definir la instalaci\u00f3n, validar el P&amp;ID, los componentes y la calidad de fabricaci\u00f3n.<\/p>\n<p>La puesta en funcionamiento se puede efectuar en la planta del cliente por un ingeniero de TIA. Tambi\u00e9n es posible en algunos casos realizar la puesta en funcionamiento en TIA en presencia del cliente.<\/p>\n<p><img loading=\"lazy\" decoding=\"async\" class=\"alignnone  wp-image-4329\" src=\"https:\/\/tia.fr\/wp-content\/uploads\/2019\/10\/PILOTE-FAB-1-320x318.jpg\" alt=\"\" width=\"271\" height=\"269\" srcset=\"https:\/\/tia.fr\/wp-content\/uploads\/2019\/10\/PILOTE-FAB-1-320x318.jpg 320w, https:\/\/tia.fr\/wp-content\/uploads\/2019\/10\/PILOTE-FAB-1-160x160.jpg 160w, https:\/\/tia.fr\/wp-content\/uploads\/2019\/10\/PILOTE-FAB-1-768x764.jpg 768w, https:\/\/tia.fr\/wp-content\/uploads\/2019\/10\/PILOTE-FAB-1-1200x1194.jpg 1200w, https:\/\/tia.fr\/wp-content\/uploads\/2019\/10\/PILOTE-FAB-1-125x125.jpg 125w\" sizes=\"auto, (max-width: 271px) 100vw, 271px\" \/> \u00a0<img loading=\"lazy\" decoding=\"async\" class=\"alignnone  wp-image-4335\" src=\"https:\/\/tia.fr\/wp-content\/uploads\/2019\/10\/PILOTE-FAB-3-233x320.jpg\" alt=\"\" width=\"195\" height=\"266\" \/> \u00a0<img loading=\"lazy\" decoding=\"async\" class=\"alignnone  wp-image-4338\" src=\"https:\/\/tia.fr\/wp-content\/uploads\/2019\/10\/PILOTE-FAB-4-248x320.jpg\" alt=\"\" width=\"208\" height=\"268\" srcset=\"https:\/\/tia.fr\/wp-content\/uploads\/2019\/10\/PILOTE-FAB-4-248x320.jpg 248w, https:\/\/tia.fr\/wp-content\/uploads\/2019\/10\/PILOTE-FAB-4-124x160.jpg 124w, https:\/\/tia.fr\/wp-content\/uploads\/2019\/10\/PILOTE-FAB-4-768x992.jpg 768w, https:\/\/tia.fr\/wp-content\/uploads\/2019\/10\/PILOTE-FAB-4-929x1200.jpg 929w, https:\/\/tia.fr\/wp-content\/uploads\/2019\/10\/PILOTE-FAB-4-201x260.jpg 201w\" sizes=\"auto, (max-width: 208px) 100vw, 208px\" \/> \u00a0<img loading=\"lazy\" decoding=\"async\" class=\"alignnone  wp-image-4332\" src=\"https:\/\/tia.fr\/wp-content\/uploads\/2019\/10\/PILOTE-FAB-2-295x320.jpg\" alt=\"\" width=\"248\" height=\"268\" srcset=\"https:\/\/tia.fr\/wp-content\/uploads\/2019\/10\/PILOTE-FAB-2-295x320.jpg 295w, https:\/\/tia.fr\/wp-content\/uploads\/2019\/10\/PILOTE-FAB-2-148x160.jpg 148w, https:\/\/tia.fr\/wp-content\/uploads\/2019\/10\/PILOTE-FAB-2-768x833.jpg 768w, https:\/\/tia.fr\/wp-content\/uploads\/2019\/10\/PILOTE-FAB-2-1107x1200.jpg 1107w, https:\/\/tia.fr\/wp-content\/uploads\/2019\/10\/PILOTE-FAB-2-240x260.jpg 240w\" sizes=\"auto, (max-width: 248px) 100vw, 248px\" \/><\/p>\n","protected":false},"excerpt":{"rendered":"<p>TIA dimensiona, fabrica y pone en funcionamiento instalaciones piloto de todos los tama\u00f1os. TIA se compromete a dise\u00f1ar una soluci\u00f3n personalizada para su cliente que<br \/><a class=\"excerpt-read-more bouton\" href=\"https:\/\/tia.fr\/es\/conocimientos\/fabricacion-piloto\/\" title=\"Fabricaci\u00f3n piloto\">M\u00e1s informaci\u00f3n<\/a><\/p>\n","protected":false},"author":12,"featured_media":0,"parent":1269,"menu_order":0,"comment_status":"closed","ping_status":"closed","template":"","meta":{"_acf_changed":false,"footnotes":""},"class_list":["post-1257","page","type-page","status-publish","hentry"],"acf":[],"yoast_head":"<!-- This site is optimized with the Yoast SEO plugin v26.9 - https:\/\/yoast.com\/product\/yoast-seo-wordpress\/ -->\n<title>Fabricaci\u00f3n piloto - TIA<\/title>\n<meta name=\"robots\" content=\"index, follow, max-snippet:-1, max-image-preview:large, max-video-preview:-1\" \/>\n<link rel=\"canonical\" href=\"https:\/\/tia.fr\/es\/conocimientos\/fabricacion-piloto\/\" \/>\n<meta property=\"og:locale\" content=\"es_ES\" \/>\n<meta property=\"og:type\" content=\"article\" \/>\n<meta property=\"og:title\" content=\"Fabricaci\u00f3n piloto - TIA\" \/>\n<meta property=\"og:description\" content=\"TIA dimensiona, fabrica y pone en funcionamiento instalaciones piloto de todos los tama\u00f1os. TIA se compromete a dise\u00f1ar una soluci\u00f3n personalizada para su cliente queM\u00e1s informaci\u00f3n\" \/>\n<meta property=\"og:url\" content=\"https:\/\/tia.fr\/es\/conocimientos\/fabricacion-piloto\/\" \/>\n<meta property=\"og:site_name\" content=\"TIA\" \/>\n<meta property=\"article:modified_time\" content=\"2019-10-01T09:31:34+00:00\" \/>\n<meta property=\"og:image\" content=\"https:\/\/tia.fr\/wp-content\/uploads\/2017\/09\/Pilote-mine\u0301ral-automatise\u0301-320x180.jpg\" \/>\n<meta name=\"twitter:card\" content=\"summary_large_image\" \/>\n<meta name=\"twitter:label1\" content=\"Tiempo de lectura\" \/>\n\t<meta name=\"twitter:data1\" content=\"1 minuto\" \/>\n<script type=\"application\/ld+json\" class=\"yoast-schema-graph\">{\"@context\":\"https:\/\/schema.org\",\"@graph\":[{\"@type\":\"WebPage\",\"@id\":\"https:\/\/tia.fr\/es\/conocimientos\/fabricacion-piloto\/\",\"url\":\"https:\/\/tia.fr\/es\/conocimientos\/fabricacion-piloto\/\",\"name\":\"Fabricaci\u00f3n piloto - TIA\",\"isPartOf\":{\"@id\":\"https:\/\/tia.fr\/es\/#website\"},\"primaryImageOfPage\":{\"@id\":\"https:\/\/tia.fr\/es\/conocimientos\/fabricacion-piloto\/#primaryimage\"},\"image\":{\"@id\":\"https:\/\/tia.fr\/es\/conocimientos\/fabricacion-piloto\/#primaryimage\"},\"thumbnailUrl\":\"https:\/\/tia.fr\/wp-content\/uploads\/2018\/05\/FDA3ADINEHEDGGAMP-320x298.png\",\"datePublished\":\"2019-01-15T13:43:41+00:00\",\"dateModified\":\"2019-10-01T09:31:34+00:00\",\"breadcrumb\":{\"@id\":\"https:\/\/tia.fr\/es\/conocimientos\/fabricacion-piloto\/#breadcrumb\"},\"inLanguage\":\"es\",\"potentialAction\":[{\"@type\":\"ReadAction\",\"target\":[\"https:\/\/tia.fr\/es\/conocimientos\/fabricacion-piloto\/\"]}]},{\"@type\":\"ImageObject\",\"inLanguage\":\"es\",\"@id\":\"https:\/\/tia.fr\/es\/conocimientos\/fabricacion-piloto\/#primaryimage\",\"url\":\"https:\/\/tia.fr\/wp-content\/uploads\/2018\/05\/FDA3ADINEHEDGGAMP-320x298.png\",\"contentUrl\":\"https:\/\/tia.fr\/wp-content\/uploads\/2018\/05\/FDA3ADINEHEDGGAMP-320x298.png\"},{\"@type\":\"BreadcrumbList\",\"@id\":\"https:\/\/tia.fr\/es\/conocimientos\/fabricacion-piloto\/#breadcrumb\",\"itemListElement\":[{\"@type\":\"ListItem\",\"position\":1,\"name\":\"Inicio\",\"item\":\"https:\/\/tia.fr\/es\/\"},{\"@type\":\"ListItem\",\"position\":2,\"name\":\"Conocimientos\",\"item\":\"https:\/\/tia.fr\/es\/conocimientos\/\"},{\"@type\":\"ListItem\",\"position\":3,\"name\":\"Fabricaci\u00f3n piloto\"}]},{\"@type\":\"WebSite\",\"@id\":\"https:\/\/tia.fr\/es\/#website\",\"url\":\"https:\/\/tia.fr\/es\/\",\"name\":\"TIA\",\"description\":\"la filtraci\u00f3n de membrana a medida.\",\"potentialAction\":[{\"@type\":\"SearchAction\",\"target\":{\"@type\":\"EntryPoint\",\"urlTemplate\":\"https:\/\/tia.fr\/es\/?s={search_term_string}\"},\"query-input\":{\"@type\":\"PropertyValueSpecification\",\"valueRequired\":true,\"valueName\":\"search_term_string\"}}],\"inLanguage\":\"es\"}]}<\/script>\n<!-- \/ Yoast SEO plugin. -->","yoast_head_json":{"title":"Fabricaci\u00f3n piloto - TIA","robots":{"index":"index","follow":"follow","max-snippet":"max-snippet:-1","max-image-preview":"max-image-preview:large","max-video-preview":"max-video-preview:-1"},"canonical":"https:\/\/tia.fr\/es\/conocimientos\/fabricacion-piloto\/","og_locale":"es_ES","og_type":"article","og_title":"Fabricaci\u00f3n piloto - TIA","og_description":"TIA dimensiona, fabrica y pone en funcionamiento instalaciones piloto de todos los tama\u00f1os. TIA se compromete a dise\u00f1ar una soluci\u00f3n personalizada para su cliente queM\u00e1s informaci\u00f3n","og_url":"https:\/\/tia.fr\/es\/conocimientos\/fabricacion-piloto\/","og_site_name":"TIA","article_modified_time":"2019-10-01T09:31:34+00:00","og_image":[{"url":"https:\/\/tia.fr\/wp-content\/uploads\/2017\/09\/Pilote-mine\u0301ral-automatise\u0301-320x180.jpg","type":"","width":"","height":""}],"twitter_card":"summary_large_image","twitter_misc":{"Tiempo de lectura":"1 minuto"},"schema":{"@context":"https:\/\/schema.org","@graph":[{"@type":"WebPage","@id":"https:\/\/tia.fr\/es\/conocimientos\/fabricacion-piloto\/","url":"https:\/\/tia.fr\/es\/conocimientos\/fabricacion-piloto\/","name":"Fabricaci\u00f3n piloto - TIA","isPartOf":{"@id":"https:\/\/tia.fr\/es\/#website"},"primaryImageOfPage":{"@id":"https:\/\/tia.fr\/es\/conocimientos\/fabricacion-piloto\/#primaryimage"},"image":{"@id":"https:\/\/tia.fr\/es\/conocimientos\/fabricacion-piloto\/#primaryimage"},"thumbnailUrl":"https:\/\/tia.fr\/wp-content\/uploads\/2018\/05\/FDA3ADINEHEDGGAMP-320x298.png","datePublished":"2019-01-15T13:43:41+00:00","dateModified":"2019-10-01T09:31:34+00:00","breadcrumb":{"@id":"https:\/\/tia.fr\/es\/conocimientos\/fabricacion-piloto\/#breadcrumb"},"inLanguage":"es","potentialAction":[{"@type":"ReadAction","target":["https:\/\/tia.fr\/es\/conocimientos\/fabricacion-piloto\/"]}]},{"@type":"ImageObject","inLanguage":"es","@id":"https:\/\/tia.fr\/es\/conocimientos\/fabricacion-piloto\/#primaryimage","url":"https:\/\/tia.fr\/wp-content\/uploads\/2018\/05\/FDA3ADINEHEDGGAMP-320x298.png","contentUrl":"https:\/\/tia.fr\/wp-content\/uploads\/2018\/05\/FDA3ADINEHEDGGAMP-320x298.png"},{"@type":"BreadcrumbList","@id":"https:\/\/tia.fr\/es\/conocimientos\/fabricacion-piloto\/#breadcrumb","itemListElement":[{"@type":"ListItem","position":1,"name":"Inicio","item":"https:\/\/tia.fr\/es\/"},{"@type":"ListItem","position":2,"name":"Conocimientos","item":"https:\/\/tia.fr\/es\/conocimientos\/"},{"@type":"ListItem","position":3,"name":"Fabricaci\u00f3n piloto"}]},{"@type":"WebSite","@id":"https:\/\/tia.fr\/es\/#website","url":"https:\/\/tia.fr\/es\/","name":"TIA","description":"la filtraci\u00f3n de membrana a medida.","potentialAction":[{"@type":"SearchAction","target":{"@type":"EntryPoint","urlTemplate":"https:\/\/tia.fr\/es\/?s={search_term_string}"},"query-input":{"@type":"PropertyValueSpecification","valueRequired":true,"valueName":"search_term_string"}}],"inLanguage":"es"}]}},"_links":{"self":[{"href":"https:\/\/tia.fr\/es\/wp-json\/wp\/v2\/pages\/1257","targetHints":{"allow":["GET"]}}],"collection":[{"href":"https:\/\/tia.fr\/es\/wp-json\/wp\/v2\/pages"}],"about":[{"href":"https:\/\/tia.fr\/es\/wp-json\/wp\/v2\/types\/page"}],"author":[{"embeddable":true,"href":"https:\/\/tia.fr\/es\/wp-json\/wp\/v2\/users\/12"}],"replies":[{"embeddable":true,"href":"https:\/\/tia.fr\/es\/wp-json\/wp\/v2\/comments?post=1257"}],"version-history":[{"count":6,"href":"https:\/\/tia.fr\/es\/wp-json\/wp\/v2\/pages\/1257\/revisions"}],"predecessor-version":[{"id":4347,"href":"https:\/\/tia.fr\/es\/wp-json\/wp\/v2\/pages\/1257\/revisions\/4347"}],"up":[{"embeddable":true,"href":"https:\/\/tia.fr\/es\/wp-json\/wp\/v2\/pages\/1269"}],"wp:attachment":[{"href":"https:\/\/tia.fr\/es\/wp-json\/wp\/v2\/media?parent=1257"}],"curies":[{"name":"wp","href":"https:\/\/api.w.org\/{rel}","templated":true}]}}