{"id":1258,"date":"2019-01-15T14:45:52","date_gmt":"2019-01-15T13:45:52","guid":{"rendered":"https:\/\/tia.fr\/membranas-y-accesorios\/"},"modified":"2019-10-01T09:01:13","modified_gmt":"2019-10-01T07:01:13","slug":"membranas-y-accesorios","status":"publish","type":"page","link":"https:\/\/tia.fr\/es\/conocimientos\/membranas-y-accesorios\/","title":{"rendered":"Membranas y accesorios"},"content":{"rendered":"<p><strong> Luego de la puesta en funcionamiento de una instalaci\u00f3n, deseamos estar cerca de nuestros clientes proporcion\u00e1ndoles : <\/strong><\/p>\n<ul>\n<li>membranas nuevas<\/li>\n<li>diversas piezas de recambios: Juntas, sellos mec\u00e1nicos, instrumentaci\u00f3n &#8230;<\/li>\n<li>servicios de mantenimiento<\/li>\n<\/ul>\n<p>TIA ha elegido su independencia con respecto a los proveedores de membranas y puede suministrar a sus clientes la mayor\u00eda de las membranas disponibles en el mercado. TIA proporciona en el archivo t\u00e9cnico de la instalaci\u00f3n la lista de piezas de repuesto de los diversos componentes y puede proporcionarlos a solicitud del cliente.<\/p>\n<p>TIA puede realizar varios servicios de mantenimiento para sus clientes, como reemplazar las membranas de una instalaci\u00f3n.<\/p>\n<p>Al final de la puesta en funcionamiento de tu instalaci\u00f3n, te propondremos implementar planes de mantenimiento (preventivos y\/o curativos) que te permitan tener una instalaci\u00f3n con el mejor monitoreo.<\/p>\n<p style=\"text-align: left\">\n<p style=\"text-align: left\">\n<p style=\"text-align: left;padding-left: 120px\"><strong><img loading=\"lazy\" decoding=\"async\" class=\"alignnone  wp-image-4249\" src=\"https:\/\/tia.fr\/wp-content\/uploads\/2019\/10\/membrane-montage.png\" alt=\"\" width=\"266\" height=\"207\" srcset=\"https:\/\/tia.fr\/wp-content\/uploads\/2019\/10\/membrane-montage.png 312w, https:\/\/tia.fr\/wp-content\/uploads\/2019\/10\/membrane-montage-160x125.png 160w, https:\/\/tia.fr\/wp-content\/uploads\/2019\/10\/membrane-montage-260x203.png 260w\" sizes=\"auto, (max-width: 266px) 100vw, 266px\" \/>\u00a0 \u00a0 \u00a0 \u00a0<img loading=\"lazy\" decoding=\"async\" class=\"alignnone  wp-image-4252\" src=\"https:\/\/tia.fr\/wp-content\/uploads\/2019\/10\/montage-membrane-320x241-320x241.png\" alt=\"\" width=\"275\" height=\"207\" srcset=\"https:\/\/tia.fr\/wp-content\/uploads\/2019\/10\/montage-membrane-320x241.png 320w, https:\/\/tia.fr\/wp-content\/uploads\/2019\/10\/montage-membrane-320x241-160x121.png 160w, https:\/\/tia.fr\/wp-content\/uploads\/2019\/10\/montage-membrane-320x241-260x196.png 260w\" sizes=\"auto, (max-width: 275px) 100vw, 275px\" \/><\/strong><\/p>\n","protected":false},"excerpt":{"rendered":"<p>Luego de la puesta en funcionamiento de una instalaci\u00f3n, deseamos estar cerca de nuestros clientes proporcion\u00e1ndoles : membranas nuevas diversas piezas de recambios: Juntas, sellos<br \/><a class=\"excerpt-read-more bouton\" href=\"https:\/\/tia.fr\/es\/conocimientos\/membranas-y-accesorios\/\" title=\"Membranas y accesorios\">M\u00e1s informaci\u00f3n<\/a><\/p>\n","protected":false},"author":12,"featured_media":0,"parent":1269,"menu_order":0,"comment_status":"closed","ping_status":"closed","template":"","meta":{"_acf_changed":false,"footnotes":""},"class_list":["post-1258","page","type-page","status-publish","hentry"],"acf":[],"yoast_head":"<!-- This site is optimized with the Yoast SEO plugin v26.9 - https:\/\/yoast.com\/product\/yoast-seo-wordpress\/ -->\n<title>Membranas y accesorios - TIA<\/title>\n<meta name=\"robots\" content=\"index, follow, max-snippet:-1, max-image-preview:large, max-video-preview:-1\" \/>\n<link rel=\"canonical\" href=\"https:\/\/tia.fr\/es\/conocimientos\/membranas-y-accesorios\/\" \/>\n<meta property=\"og:locale\" content=\"es_ES\" \/>\n<meta property=\"og:type\" content=\"article\" \/>\n<meta property=\"og:title\" content=\"Membranas y accesorios - TIA\" \/>\n<meta property=\"og:description\" content=\"Luego de la puesta en funcionamiento de una instalaci\u00f3n, deseamos estar cerca de nuestros clientes proporcion\u00e1ndoles : membranas nuevas diversas piezas de recambios: Juntas, sellosM\u00e1s informaci\u00f3n\" \/>\n<meta property=\"og:url\" content=\"https:\/\/tia.fr\/es\/conocimientos\/membranas-y-accesorios\/\" \/>\n<meta property=\"og:site_name\" content=\"TIA\" \/>\n<meta property=\"article:modified_time\" content=\"2019-10-01T07:01:13+00:00\" \/>\n<meta property=\"og:image\" content=\"https:\/\/tia.fr\/wp-content\/uploads\/2019\/10\/membrane-montage.png\" \/>\n<meta name=\"twitter:card\" content=\"summary_large_image\" \/>\n<meta name=\"twitter:label1\" content=\"Tiempo de lectura\" \/>\n\t<meta name=\"twitter:data1\" content=\"1 minuto\" \/>\n<script type=\"application\/ld+json\" class=\"yoast-schema-graph\">{\"@context\":\"https:\/\/schema.org\",\"@graph\":[{\"@type\":\"WebPage\",\"@id\":\"https:\/\/tia.fr\/es\/conocimientos\/membranas-y-accesorios\/\",\"url\":\"https:\/\/tia.fr\/es\/conocimientos\/membranas-y-accesorios\/\",\"name\":\"Membranas y accesorios - TIA\",\"isPartOf\":{\"@id\":\"https:\/\/tia.fr\/es\/#website\"},\"primaryImageOfPage\":{\"@id\":\"https:\/\/tia.fr\/es\/conocimientos\/membranas-y-accesorios\/#primaryimage\"},\"image\":{\"@id\":\"https:\/\/tia.fr\/es\/conocimientos\/membranas-y-accesorios\/#primaryimage\"},\"thumbnailUrl\":\"https:\/\/tia.fr\/wp-content\/uploads\/2019\/10\/membrane-montage.png\",\"datePublished\":\"2019-01-15T13:45:52+00:00\",\"dateModified\":\"2019-10-01T07:01:13+00:00\",\"breadcrumb\":{\"@id\":\"https:\/\/tia.fr\/es\/conocimientos\/membranas-y-accesorios\/#breadcrumb\"},\"inLanguage\":\"es\",\"potentialAction\":[{\"@type\":\"ReadAction\",\"target\":[\"https:\/\/tia.fr\/es\/conocimientos\/membranas-y-accesorios\/\"]}]},{\"@type\":\"ImageObject\",\"inLanguage\":\"es\",\"@id\":\"https:\/\/tia.fr\/es\/conocimientos\/membranas-y-accesorios\/#primaryimage\",\"url\":\"https:\/\/tia.fr\/wp-content\/uploads\/2019\/10\/membrane-montage.png\",\"contentUrl\":\"https:\/\/tia.fr\/wp-content\/uploads\/2019\/10\/membrane-montage.png\"},{\"@type\":\"BreadcrumbList\",\"@id\":\"https:\/\/tia.fr\/es\/conocimientos\/membranas-y-accesorios\/#breadcrumb\",\"itemListElement\":[{\"@type\":\"ListItem\",\"position\":1,\"name\":\"Inicio\",\"item\":\"https:\/\/tia.fr\/es\/\"},{\"@type\":\"ListItem\",\"position\":2,\"name\":\"Conocimientos\",\"item\":\"https:\/\/tia.fr\/es\/conocimientos\/\"},{\"@type\":\"ListItem\",\"position\":3,\"name\":\"Membranas y accesorios\"}]},{\"@type\":\"WebSite\",\"@id\":\"https:\/\/tia.fr\/es\/#website\",\"url\":\"https:\/\/tia.fr\/es\/\",\"name\":\"TIA\",\"description\":\"la filtraci\u00f3n de membrana a medida.\",\"potentialAction\":[{\"@type\":\"SearchAction\",\"target\":{\"@type\":\"EntryPoint\",\"urlTemplate\":\"https:\/\/tia.fr\/es\/?s={search_term_string}\"},\"query-input\":{\"@type\":\"PropertyValueSpecification\",\"valueRequired\":true,\"valueName\":\"search_term_string\"}}],\"inLanguage\":\"es\"}]}<\/script>\n<!-- \/ Yoast SEO plugin. -->","yoast_head_json":{"title":"Membranas y accesorios - TIA","robots":{"index":"index","follow":"follow","max-snippet":"max-snippet:-1","max-image-preview":"max-image-preview:large","max-video-preview":"max-video-preview:-1"},"canonical":"https:\/\/tia.fr\/es\/conocimientos\/membranas-y-accesorios\/","og_locale":"es_ES","og_type":"article","og_title":"Membranas y accesorios - TIA","og_description":"Luego de la puesta en funcionamiento de una instalaci\u00f3n, deseamos estar cerca de nuestros clientes proporcion\u00e1ndoles : membranas nuevas diversas piezas de recambios: Juntas, sellosM\u00e1s informaci\u00f3n","og_url":"https:\/\/tia.fr\/es\/conocimientos\/membranas-y-accesorios\/","og_site_name":"TIA","article_modified_time":"2019-10-01T07:01:13+00:00","og_image":[{"url":"https:\/\/tia.fr\/wp-content\/uploads\/2019\/10\/membrane-montage.png","type":"","width":"","height":""}],"twitter_card":"summary_large_image","twitter_misc":{"Tiempo de lectura":"1 minuto"},"schema":{"@context":"https:\/\/schema.org","@graph":[{"@type":"WebPage","@id":"https:\/\/tia.fr\/es\/conocimientos\/membranas-y-accesorios\/","url":"https:\/\/tia.fr\/es\/conocimientos\/membranas-y-accesorios\/","name":"Membranas y accesorios - TIA","isPartOf":{"@id":"https:\/\/tia.fr\/es\/#website"},"primaryImageOfPage":{"@id":"https:\/\/tia.fr\/es\/conocimientos\/membranas-y-accesorios\/#primaryimage"},"image":{"@id":"https:\/\/tia.fr\/es\/conocimientos\/membranas-y-accesorios\/#primaryimage"},"thumbnailUrl":"https:\/\/tia.fr\/wp-content\/uploads\/2019\/10\/membrane-montage.png","datePublished":"2019-01-15T13:45:52+00:00","dateModified":"2019-10-01T07:01:13+00:00","breadcrumb":{"@id":"https:\/\/tia.fr\/es\/conocimientos\/membranas-y-accesorios\/#breadcrumb"},"inLanguage":"es","potentialAction":[{"@type":"ReadAction","target":["https:\/\/tia.fr\/es\/conocimientos\/membranas-y-accesorios\/"]}]},{"@type":"ImageObject","inLanguage":"es","@id":"https:\/\/tia.fr\/es\/conocimientos\/membranas-y-accesorios\/#primaryimage","url":"https:\/\/tia.fr\/wp-content\/uploads\/2019\/10\/membrane-montage.png","contentUrl":"https:\/\/tia.fr\/wp-content\/uploads\/2019\/10\/membrane-montage.png"},{"@type":"BreadcrumbList","@id":"https:\/\/tia.fr\/es\/conocimientos\/membranas-y-accesorios\/#breadcrumb","itemListElement":[{"@type":"ListItem","position":1,"name":"Inicio","item":"https:\/\/tia.fr\/es\/"},{"@type":"ListItem","position":2,"name":"Conocimientos","item":"https:\/\/tia.fr\/es\/conocimientos\/"},{"@type":"ListItem","position":3,"name":"Membranas y accesorios"}]},{"@type":"WebSite","@id":"https:\/\/tia.fr\/es\/#website","url":"https:\/\/tia.fr\/es\/","name":"TIA","description":"la filtraci\u00f3n de membrana a medida.","potentialAction":[{"@type":"SearchAction","target":{"@type":"EntryPoint","urlTemplate":"https:\/\/tia.fr\/es\/?s={search_term_string}"},"query-input":{"@type":"PropertyValueSpecification","valueRequired":true,"valueName":"search_term_string"}}],"inLanguage":"es"}]}},"_links":{"self":[{"href":"https:\/\/tia.fr\/es\/wp-json\/wp\/v2\/pages\/1258","targetHints":{"allow":["GET"]}}],"collection":[{"href":"https:\/\/tia.fr\/es\/wp-json\/wp\/v2\/pages"}],"about":[{"href":"https:\/\/tia.fr\/es\/wp-json\/wp\/v2\/types\/page"}],"author":[{"embeddable":true,"href":"https:\/\/tia.fr\/es\/wp-json\/wp\/v2\/users\/12"}],"replies":[{"embeddable":true,"href":"https:\/\/tia.fr\/es\/wp-json\/wp\/v2\/comments?post=1258"}],"version-history":[{"count":1,"href":"https:\/\/tia.fr\/es\/wp-json\/wp\/v2\/pages\/1258\/revisions"}],"predecessor-version":[{"id":4262,"href":"https:\/\/tia.fr\/es\/wp-json\/wp\/v2\/pages\/1258\/revisions\/4262"}],"up":[{"embeddable":true,"href":"https:\/\/tia.fr\/es\/wp-json\/wp\/v2\/pages\/1269"}],"wp:attachment":[{"href":"https:\/\/tia.fr\/es\/wp-json\/wp\/v2\/media?parent=1258"}],"curies":[{"name":"wp","href":"https:\/\/api.w.org\/{rel}","templated":true}]}}