{"id":1259,"date":"2019-01-15T14:46:36","date_gmt":"2019-01-15T13:46:36","guid":{"rendered":"https:\/\/tia.fr\/auditoria\/"},"modified":"2019-10-01T17:00:08","modified_gmt":"2019-10-01T15:00:08","slug":"auditoria","status":"publish","type":"page","link":"https:\/\/tia.fr\/es\/conocimientos\/auditoria\/","title":{"rendered":"Auditor\u00eda"},"content":{"rendered":"<p><strong>A solicitud de sus clientes TIA puede efectuar prestaciones de auditor\u00eda con el objetivo de: <\/strong><\/p>\n<ul>\n<li>analizar los fallos de las instalaciones existentes<\/li>\n<li>proponer medidas correctivas a las anomal\u00edas encontradas<\/li>\n<li>proponer soluciones de mejora de los rendimientos (proceso, limpieza, &#8230;)<\/li>\n<li>proponer servicios de rehabilitaci\u00f3n de instalaciones obsoletas<\/li>\n<li>estimar el grado de desgaste de las membranas para decidir sobre su reemplazo.<\/li>\n<\/ul>\n<p>Las relaciones existente desde hace tiempo con los mejores centros de investigaci\u00f3n y laboratorios anal\u00edticos, combinados con nuestras experiencias, nos permitir\u00e1n ofrecerte an\u00e1lisis detallados de los motivos que llevaron a la degradaci\u00f3n prematura de tus membranas.<\/p>\n<p><img loading=\"lazy\" decoding=\"async\" class=\"wp-image-4393 alignleft\" src=\"https:\/\/tia.fr\/wp-content\/uploads\/2019\/10\/AUDIT-1-320x209.jpg\" alt=\"\" width=\"542\" height=\"354\" srcset=\"https:\/\/tia.fr\/wp-content\/uploads\/2019\/10\/AUDIT-1-320x209.jpg 320w, https:\/\/tia.fr\/wp-content\/uploads\/2019\/10\/AUDIT-1-160x104.jpg 160w, https:\/\/tia.fr\/wp-content\/uploads\/2019\/10\/AUDIT-1-768x501.jpg 768w, https:\/\/tia.fr\/wp-content\/uploads\/2019\/10\/AUDIT-1-1200x783.jpg 1200w, https:\/\/tia.fr\/wp-content\/uploads\/2019\/10\/AUDIT-1-260x170.jpg 260w\" sizes=\"auto, (max-width: 542px) 100vw, 542px\" \/><\/p>\n","protected":false},"excerpt":{"rendered":"<p>A solicitud de sus clientes TIA puede efectuar prestaciones de auditor\u00eda con el objetivo de: analizar los fallos de las instalaciones existentes proponer medidas correctivas<br \/><a class=\"excerpt-read-more bouton\" href=\"https:\/\/tia.fr\/es\/conocimientos\/auditoria\/\" title=\"Auditor\u00eda\">M\u00e1s informaci\u00f3n<\/a><\/p>\n","protected":false},"author":12,"featured_media":0,"parent":1269,"menu_order":0,"comment_status":"closed","ping_status":"closed","template":"","meta":{"_acf_changed":false,"footnotes":""},"class_list":["post-1259","page","type-page","status-publish","hentry"],"acf":[],"yoast_head":"<!-- This site is optimized with the Yoast SEO plugin v26.9 - https:\/\/yoast.com\/product\/yoast-seo-wordpress\/ -->\n<title>Auditor\u00eda - TIA<\/title>\n<meta name=\"robots\" content=\"index, follow, max-snippet:-1, max-image-preview:large, max-video-preview:-1\" \/>\n<link rel=\"canonical\" href=\"https:\/\/tia.fr\/es\/conocimientos\/auditoria\/\" \/>\n<meta property=\"og:locale\" content=\"es_ES\" \/>\n<meta property=\"og:type\" content=\"article\" \/>\n<meta property=\"og:title\" content=\"Auditor\u00eda - TIA\" \/>\n<meta property=\"og:description\" content=\"A solicitud de sus clientes TIA puede efectuar prestaciones de auditor\u00eda con el objetivo de: analizar los fallos de las instalaciones existentes proponer medidas correctivasM\u00e1s informaci\u00f3n\" \/>\n<meta property=\"og:url\" content=\"https:\/\/tia.fr\/es\/conocimientos\/auditoria\/\" \/>\n<meta property=\"og:site_name\" content=\"TIA\" \/>\n<meta property=\"article:modified_time\" content=\"2019-10-01T15:00:08+00:00\" \/>\n<meta property=\"og:image\" content=\"https:\/\/tia.fr\/wp-content\/uploads\/2019\/10\/AUDIT-1-320x209.jpg\" \/>\n<meta name=\"twitter:card\" content=\"summary_large_image\" \/>\n<meta name=\"twitter:label1\" content=\"Tiempo de lectura\" \/>\n\t<meta name=\"twitter:data1\" content=\"1 minuto\" \/>\n<script type=\"application\/ld+json\" class=\"yoast-schema-graph\">{\"@context\":\"https:\/\/schema.org\",\"@graph\":[{\"@type\":\"WebPage\",\"@id\":\"https:\/\/tia.fr\/es\/conocimientos\/auditoria\/\",\"url\":\"https:\/\/tia.fr\/es\/conocimientos\/auditoria\/\",\"name\":\"Auditor\u00eda - TIA\",\"isPartOf\":{\"@id\":\"https:\/\/tia.fr\/es\/#website\"},\"primaryImageOfPage\":{\"@id\":\"https:\/\/tia.fr\/es\/conocimientos\/auditoria\/#primaryimage\"},\"image\":{\"@id\":\"https:\/\/tia.fr\/es\/conocimientos\/auditoria\/#primaryimage\"},\"thumbnailUrl\":\"https:\/\/tia.fr\/wp-content\/uploads\/2019\/10\/AUDIT-1-320x209.jpg\",\"datePublished\":\"2019-01-15T13:46:36+00:00\",\"dateModified\":\"2019-10-01T15:00:08+00:00\",\"breadcrumb\":{\"@id\":\"https:\/\/tia.fr\/es\/conocimientos\/auditoria\/#breadcrumb\"},\"inLanguage\":\"es\",\"potentialAction\":[{\"@type\":\"ReadAction\",\"target\":[\"https:\/\/tia.fr\/es\/conocimientos\/auditoria\/\"]}]},{\"@type\":\"ImageObject\",\"inLanguage\":\"es\",\"@id\":\"https:\/\/tia.fr\/es\/conocimientos\/auditoria\/#primaryimage\",\"url\":\"https:\/\/tia.fr\/wp-content\/uploads\/2019\/10\/AUDIT-1-320x209.jpg\",\"contentUrl\":\"https:\/\/tia.fr\/wp-content\/uploads\/2019\/10\/AUDIT-1-320x209.jpg\"},{\"@type\":\"BreadcrumbList\",\"@id\":\"https:\/\/tia.fr\/es\/conocimientos\/auditoria\/#breadcrumb\",\"itemListElement\":[{\"@type\":\"ListItem\",\"position\":1,\"name\":\"Inicio\",\"item\":\"https:\/\/tia.fr\/es\/\"},{\"@type\":\"ListItem\",\"position\":2,\"name\":\"Conocimientos\",\"item\":\"https:\/\/tia.fr\/es\/conocimientos\/\"},{\"@type\":\"ListItem\",\"position\":3,\"name\":\"Auditor\u00eda\"}]},{\"@type\":\"WebSite\",\"@id\":\"https:\/\/tia.fr\/es\/#website\",\"url\":\"https:\/\/tia.fr\/es\/\",\"name\":\"TIA\",\"description\":\"la filtraci\u00f3n de membrana a medida.\",\"potentialAction\":[{\"@type\":\"SearchAction\",\"target\":{\"@type\":\"EntryPoint\",\"urlTemplate\":\"https:\/\/tia.fr\/es\/?s={search_term_string}\"},\"query-input\":{\"@type\":\"PropertyValueSpecification\",\"valueRequired\":true,\"valueName\":\"search_term_string\"}}],\"inLanguage\":\"es\"}]}<\/script>\n<!-- \/ Yoast SEO plugin. -->","yoast_head_json":{"title":"Auditor\u00eda - TIA","robots":{"index":"index","follow":"follow","max-snippet":"max-snippet:-1","max-image-preview":"max-image-preview:large","max-video-preview":"max-video-preview:-1"},"canonical":"https:\/\/tia.fr\/es\/conocimientos\/auditoria\/","og_locale":"es_ES","og_type":"article","og_title":"Auditor\u00eda - TIA","og_description":"A solicitud de sus clientes TIA puede efectuar prestaciones de auditor\u00eda con el objetivo de: analizar los fallos de las instalaciones existentes proponer medidas correctivasM\u00e1s informaci\u00f3n","og_url":"https:\/\/tia.fr\/es\/conocimientos\/auditoria\/","og_site_name":"TIA","article_modified_time":"2019-10-01T15:00:08+00:00","og_image":[{"url":"https:\/\/tia.fr\/wp-content\/uploads\/2019\/10\/AUDIT-1-320x209.jpg","type":"","width":"","height":""}],"twitter_card":"summary_large_image","twitter_misc":{"Tiempo de lectura":"1 minuto"},"schema":{"@context":"https:\/\/schema.org","@graph":[{"@type":"WebPage","@id":"https:\/\/tia.fr\/es\/conocimientos\/auditoria\/","url":"https:\/\/tia.fr\/es\/conocimientos\/auditoria\/","name":"Auditor\u00eda - TIA","isPartOf":{"@id":"https:\/\/tia.fr\/es\/#website"},"primaryImageOfPage":{"@id":"https:\/\/tia.fr\/es\/conocimientos\/auditoria\/#primaryimage"},"image":{"@id":"https:\/\/tia.fr\/es\/conocimientos\/auditoria\/#primaryimage"},"thumbnailUrl":"https:\/\/tia.fr\/wp-content\/uploads\/2019\/10\/AUDIT-1-320x209.jpg","datePublished":"2019-01-15T13:46:36+00:00","dateModified":"2019-10-01T15:00:08+00:00","breadcrumb":{"@id":"https:\/\/tia.fr\/es\/conocimientos\/auditoria\/#breadcrumb"},"inLanguage":"es","potentialAction":[{"@type":"ReadAction","target":["https:\/\/tia.fr\/es\/conocimientos\/auditoria\/"]}]},{"@type":"ImageObject","inLanguage":"es","@id":"https:\/\/tia.fr\/es\/conocimientos\/auditoria\/#primaryimage","url":"https:\/\/tia.fr\/wp-content\/uploads\/2019\/10\/AUDIT-1-320x209.jpg","contentUrl":"https:\/\/tia.fr\/wp-content\/uploads\/2019\/10\/AUDIT-1-320x209.jpg"},{"@type":"BreadcrumbList","@id":"https:\/\/tia.fr\/es\/conocimientos\/auditoria\/#breadcrumb","itemListElement":[{"@type":"ListItem","position":1,"name":"Inicio","item":"https:\/\/tia.fr\/es\/"},{"@type":"ListItem","position":2,"name":"Conocimientos","item":"https:\/\/tia.fr\/es\/conocimientos\/"},{"@type":"ListItem","position":3,"name":"Auditor\u00eda"}]},{"@type":"WebSite","@id":"https:\/\/tia.fr\/es\/#website","url":"https:\/\/tia.fr\/es\/","name":"TIA","description":"la filtraci\u00f3n de membrana a medida.","potentialAction":[{"@type":"SearchAction","target":{"@type":"EntryPoint","urlTemplate":"https:\/\/tia.fr\/es\/?s={search_term_string}"},"query-input":{"@type":"PropertyValueSpecification","valueRequired":true,"valueName":"search_term_string"}}],"inLanguage":"es"}]}},"_links":{"self":[{"href":"https:\/\/tia.fr\/es\/wp-json\/wp\/v2\/pages\/1259","targetHints":{"allow":["GET"]}}],"collection":[{"href":"https:\/\/tia.fr\/es\/wp-json\/wp\/v2\/pages"}],"about":[{"href":"https:\/\/tia.fr\/es\/wp-json\/wp\/v2\/types\/page"}],"author":[{"embeddable":true,"href":"https:\/\/tia.fr\/es\/wp-json\/wp\/v2\/users\/12"}],"replies":[{"embeddable":true,"href":"https:\/\/tia.fr\/es\/wp-json\/wp\/v2\/comments?post=1259"}],"version-history":[{"count":1,"href":"https:\/\/tia.fr\/es\/wp-json\/wp\/v2\/pages\/1259\/revisions"}],"predecessor-version":[{"id":4404,"href":"https:\/\/tia.fr\/es\/wp-json\/wp\/v2\/pages\/1259\/revisions\/4404"}],"up":[{"embeddable":true,"href":"https:\/\/tia.fr\/es\/wp-json\/wp\/v2\/pages\/1269"}],"wp:attachment":[{"href":"https:\/\/tia.fr\/es\/wp-json\/wp\/v2\/media?parent=1259"}],"curies":[{"name":"wp","href":"https:\/\/api.w.org\/{rel}","templated":true}]}}