{"id":1260,"date":"2019-01-15T14:47:37","date_gmt":"2019-01-15T13:47:37","guid":{"rendered":"https:\/\/tia.fr\/glosario\/"},"modified":"2019-01-15T14:47:37","modified_gmt":"2019-01-15T13:47:37","slug":"glosario","status":"publish","type":"page","link":"https:\/\/tia.fr\/es\/glosario\/","title":{"rendered":"Glosario"},"content":{"rendered":"<p><strong>Carter<\/strong> : Espacio en el que las membranas son ensambladas y unidas para permitir la separaci\u00f3n del l\u00edquido permeado y el retenido. Es tubular, de acero inoxidable o de materiales pl\u00e1sticos con conexiones. <\/p>\n<p><strong>Colmataci\u00f3n<\/strong> : (ver Suciedad)<\/p>\n<p><strong>Concentrat<\/strong> : (ver Retenci\u00f3n)<\/p>\n<p><strong>Dalton<\/strong> :unidad de masa de \u00e1tomos (Da). Un Dalton es, con bastante precisi\u00f3n, la masa de un \u00e1tomo de hidr\u00f3geno. Su valor exacto es 1.00794 uma (uma: unidad de masa unificada de \u00e1tomos). Dalton o Kilo Dalton se usa a menudo para indicar el umbral de corte de una membrana que separa mol\u00e9culas muy peque\u00f1as.<\/p>\n<p><strong>Flujo<\/strong> : medida de volumen por unidad de tiempo ( m3\/h ou l\/h)<\/p>\n<p><strong>Flujo de agua<\/strong> : Flujo de agua limpia, expresado en l\/h \/m\u00b2, realizado en condiciones estandarizadas de temperatura y presi\u00f3n, para verificar el estado de limpieza de las membranas.<\/p>\n<p><strong>limpieza con flujo inverso <\/strong> (Back Pulse ) : flujo inverso de perm\u00e9at bajo presi\u00f3n, durante una breve secuencia (unos pocos segundos), efectuada peri\u00f3dicamente durante la producci\u00f3n para mantener el rendimiento de la filtraci\u00f3n. <\/p>\n<p><strong>Diafiltration<\/strong> :proceso que utiliza la diluci\u00f3n del r\u00e9tentat para mejorar los rendimientos separativos. <\/p>\n<p><strong>Diametro de poro <\/strong> : expresa el tama\u00f1o de los orificios de la capa de filtro de la membrana a trav\u00e9s de la cual pasar\u00e1 el permeado. Generalmente se expresa en nan\u00f3metro o micr\u00f3metro.<\/p>\n<p><strong>Diferencia de presion <\/strong> (DP) : diferencia entre la presi\u00f3n media de trabajo y la presi\u00f3n de salida perm\u00e9at (en barra)<\/p>\n<p><strong>Suciedad<\/strong> : fen\u00f3meno que se traduce por la disminuci\u00f3n de los flujos que cruzan la membrana (con par\u00e1metros constantes). En general, debido a un cierre de los poros de la membrana, ya sea en la superficie o en profundidad. La limpieza regular de las membranas ayuda a combatir los fen\u00f3menos de suciedad.<\/p>\n<p><strong>Piso<\/strong> : bucle de filtraci\u00f3n incluyendo los m\u00f3dulos, las bombas, la instrumentaci\u00f3n y los circuitos hidr\u00e1ulicos. Una instalaci\u00f3n industrial puede comprender uno o m\u00e1s pisos.<\/p>\n<p><strong>Factor de concentracion  vol\u00famica <\/strong> FCV : relaci\u00f3n del volumen inicial a tratar en el volumen final del r\u00e9tentat.<\/p>\n<p><strong>Filtrat<\/strong> : ver Perm\u00e9at<\/p>\n<p><strong>Filtraci\u00f3n tangencial <\/strong> : describe el modo de filtraci\u00f3n utilizado cuando el fluido a procesar circula en paralelo a la capa de separaci\u00f3n de la membrana con el objetivo de limitar el fen\u00f3meno de obstrucci\u00f3n de la membrana y mantener la eficiencia del proceso de separaci\u00f3n.<br \/>\n<strong>Flujo<\/strong> : medida del volumen por unidad de superficie de membrana y de tiempo ( l\/ h\/ m\u00b2 )<\/p>\n<p><strong>Membrana<\/strong> : barrera selectiva que filtra l\u00edquidos al retener part\u00edculas o mol\u00e9culas de tama\u00f1o y peso molecular mayor que el di\u00e1metro de poro<\/p>\n<p><strong> Membranas minerales o inorg\u00e1nicas <\/strong> : membranas que consisten en un soporte macroporoso que aseguran la resistencia mec\u00e1nica, sobre la cual se aplica una o m\u00e1s capas filtrantes hechas de \u00f3xidos met\u00e1licos, vidrio o carbono, cuya aplicaci\u00f3n se encuentra en los campos de MF, UF y NF.<\/p>\n<p><strong> Membranas org\u00e1nicas <\/strong> : Membranas hechas de materiales org\u00e1nicos: acetato de celulosa, polisulfona, polietersulfona, poliamida, aleaci\u00f3n de pol\u00edmeros. Estas encuentran su aplicaci\u00f3n en los campos de MF, UF, NF y OI.<\/p>\n<p><strong> Microfiltraci\u00f3n <\/strong> : t\u00e9cnica de separaci\u00f3n por membranas, implementada cuando el tama\u00f1o de las part\u00edculas o mol\u00e9culas a separar oscila entre 2 y 0.1 \u03bcm.<\/p>\n<p><strong> M\u00f3dulo <\/strong> : conjunto de membranas, juntas y carcasas.<\/p>\n<p><strong> Nanofiltraci\u00f3n <\/strong> : t\u00e9cnica de separaci\u00f3n por membrana, implementada cuando el tama\u00f1o de las part\u00edculas o mol\u00e9culas a separar oscila entre 0.01 \u03bcm y 0.001 \u03bcm.<\/p>\n<p><strong>Limpieza<\/strong> : procedimiento implementado en procesos de filtraci\u00f3n tangencial para ayudar a restaurar el rendimiento de la membrana.<\/p>\n<p><strong>Limpieza en el lugar<\/strong> (NEP) : elementos de dise\u00f1o de la instalaci\u00f3n que permiten disponer de los medios de instalaci\u00f3n para realizar la limpieza.<\/p>\n<p><strong>Osmosat<\/strong> : ver Perm\u00e9at.<\/p>\n<p><strong>Osmosis Inversa <\/strong> : t\u00e9cnica de separaci\u00f3n por membrana, implementada cuando el tama\u00f1o de las part\u00edculas o mol\u00e9culas a separar es inferior a 0.0001 \u03bcm.<\/p>\n<p><strong>Permeabilidad<\/strong> : voir Flujo<\/p>\n<p><strong>Perm\u00e9at<\/strong> : fluido que contiene sustancias que son difundidas a trav\u00e9s de la membrana.<\/p>\n<p><strong>Porosidad<\/strong> : voir Diametro de poro<\/p>\n<p><strong> Presi\u00f3n de trabajo l<\/strong> : presi\u00f3n aplicada al l\u00edquido a procesar (en barra). Esta presi\u00f3n puede variar de 1 a 80 barras dependiendo de las aplicaciones.<\/p>\n<p><strong> Presi\u00f3n transmembrana <\/strong> (PTM) : presi\u00f3n diferencial entre el lado del r\u00e9tentat y el lado del perm\u00e9at. El PTM promedio es el promedio de las presiones de entrada y salida del fluido a procesar del r\u00e9tentat, menos la presi\u00f3n de salida del perm\u00e9at.<br \/>\n<strong>PTM<\/strong> = ( ( Presi\u00f3n de entrada + Presi\u00f3n de salida) \/2 ) \u2013 Presi\u00f3n perm\u00e9at<\/p>\n<p>&nbsp;<\/p>\n<p><strong>Proceso de tipo continuo<\/strong> :<\/p>\n<p><img loading=\"lazy\" decoding=\"async\" class=\"size-full wp-image-972 aligncenter\" src=\"https:\/\/tia.fr\/wp-content\/uploads\/2017\/09\/process_type_continu.jpg\" alt=\"\" width=\"685\" height=\"235\" srcset=\"https:\/\/tia.fr\/wp-content\/uploads\/2017\/09\/process_type_continu.jpg 685w, https:\/\/tia.fr\/wp-content\/uploads\/2017\/09\/process_type_continu-160x55.jpg 160w, https:\/\/tia.fr\/wp-content\/uploads\/2017\/09\/process_type_continu-320x110.jpg 320w, https:\/\/tia.fr\/wp-content\/uploads\/2017\/09\/process_type_continu-260x89.jpg 260w\" sizes=\"auto, (max-width: 685px) 100vw, 685px\" \/><\/p>\n<p><strong>Proceso de tipo batch<\/strong> :<\/p>\n<p><img loading=\"lazy\" decoding=\"async\" class=\"size-full wp-image-971 aligncenter\" src=\"https:\/\/tia.fr\/wp-content\/uploads\/2017\/09\/process_batch.jpg\" alt=\"\" width=\"660\" height=\"193\" srcset=\"https:\/\/tia.fr\/wp-content\/uploads\/2017\/09\/process_batch.jpg 660w, https:\/\/tia.fr\/wp-content\/uploads\/2017\/09\/process_batch-160x47.jpg 160w, https:\/\/tia.fr\/wp-content\/uploads\/2017\/09\/process_batch-320x94.jpg 320w, https:\/\/tia.fr\/wp-content\/uploads\/2017\/09\/process_batch-260x76.jpg 260w\" sizes=\"auto, (max-width: 660px) 100vw, 660px\" \/><\/p>\n<p><strong>Proceso de tipo batch alimentado<\/strong> :<\/p>\n<p><img loading=\"lazy\" decoding=\"async\" class=\"size-full wp-image-970 aligncenter\" src=\"https:\/\/tia.fr\/wp-content\/uploads\/2017\/09\/process_batch_aliment.jpg\" alt=\"\" width=\"701\" height=\"193\" srcset=\"https:\/\/tia.fr\/wp-content\/uploads\/2017\/09\/process_batch_aliment.jpg 701w, https:\/\/tia.fr\/wp-content\/uploads\/2017\/09\/process_batch_aliment-160x44.jpg 160w, https:\/\/tia.fr\/wp-content\/uploads\/2017\/09\/process_batch_aliment-320x88.jpg 320w, https:\/\/tia.fr\/wp-content\/uploads\/2017\/09\/process_batch_aliment-260x72.jpg 260w\" sizes=\"auto, (max-width: 701px) 100vw, 701px\" \/><\/p>\n<p><strong>R\u00e9tentat<\/strong> : fluido que contiene las sustancias retenidas por la membrana.<\/p>\n<p><strong>Retro- lavado<\/strong> (Back Flush) : flujo de filtraci\u00f3n reenviado en contracorriente a trav\u00e9s de la membrana con el fin de despegar las materias que obstruyen de la superficie de la membrana, que  luego son arrastradas por la corriente tangencial.<\/p>\n<p><strong> Umbral de corte <\/strong> : valor, expresado en Dalton, KDalton, nan\u00f3metro o micr\u00f3metro, que indica para una membrana, en condiciones normales, el tama\u00f1o de las part\u00edculas o mol\u00e9culas que seran captadas por la capa del filtro.<\/p>\n<p><strong> Temperatura del fluido <\/strong> : factor que influye en el rendimiento de las t\u00e9cnicas de filtraci\u00f3n tangencial, este par\u00e1metro modifica la viscosidad y el flujo de fluidos en la superficie y a trav\u00e9s de la membrana.<\/p>\n<p><strong> Ultrafiltraci\u00f3n <\/strong> : t\u00e9cnica de separaci\u00f3n por membrana, implementada cuando el tama\u00f1o de las part\u00edculas o mol\u00e9culas a separar oscila entre 0.1 \u03bcm y 0.01 \u03bcm.<\/p>\n<p><strong> Velocidad de circulaci\u00f3n <\/strong> : medida de volumen por secci\u00f3n de paso unitario y unidad de tiempo (m\/s) que designa la velocidad promedio del fluido que circula en paralelo a la membrana.<\/p>\n<p><strong> Velocidad tangencial <\/strong> : (ver Velocidad de circulaci\u00f3n)<\/p>\n","protected":false},"excerpt":{"rendered":"<p>Carter : Espacio en el que las membranas son ensambladas y unidas para permitir la separaci\u00f3n del l\u00edquido permeado y el retenido. Es tubular, de<br \/><a class=\"excerpt-read-more bouton\" href=\"https:\/\/tia.fr\/es\/glosario\/\" title=\"Glosario\">M\u00e1s informaci\u00f3n<\/a><\/p>\n","protected":false},"author":12,"featured_media":0,"parent":0,"menu_order":0,"comment_status":"closed","ping_status":"closed","template":"","meta":{"_acf_changed":false,"footnotes":""},"class_list":["post-1260","page","type-page","status-publish","hentry"],"acf":[],"yoast_head":"<!-- This site is optimized with the Yoast SEO plugin v26.9 - https:\/\/yoast.com\/product\/yoast-seo-wordpress\/ -->\n<title>Glosario - TIA<\/title>\n<meta name=\"robots\" content=\"index, follow, max-snippet:-1, max-image-preview:large, max-video-preview:-1\" \/>\n<link rel=\"canonical\" href=\"https:\/\/tia.fr\/es\/glosario\/\" \/>\n<meta property=\"og:locale\" content=\"es_ES\" \/>\n<meta property=\"og:type\" content=\"article\" \/>\n<meta property=\"og:title\" content=\"Glosario - TIA\" \/>\n<meta property=\"og:description\" content=\"Carter : Espacio en el que las membranas son ensambladas y unidas para permitir la separaci\u00f3n del l\u00edquido permeado y el retenido. Es tubular, deM\u00e1s informaci\u00f3n\" \/>\n<meta property=\"og:url\" content=\"https:\/\/tia.fr\/es\/glosario\/\" \/>\n<meta property=\"og:site_name\" content=\"TIA\" \/>\n<meta property=\"og:image\" content=\"https:\/\/tia.fr\/wp-content\/uploads\/2017\/09\/process_type_continu.jpg\" \/>\n<meta name=\"twitter:card\" content=\"summary_large_image\" \/>\n<meta name=\"twitter:label1\" content=\"Tiempo de lectura\" \/>\n\t<meta name=\"twitter:data1\" content=\"5 minutos\" \/>\n<script type=\"application\/ld+json\" class=\"yoast-schema-graph\">{\"@context\":\"https:\/\/schema.org\",\"@graph\":[{\"@type\":\"WebPage\",\"@id\":\"https:\/\/tia.fr\/es\/glosario\/\",\"url\":\"https:\/\/tia.fr\/es\/glosario\/\",\"name\":\"Glosario - TIA\",\"isPartOf\":{\"@id\":\"https:\/\/tia.fr\/es\/#website\"},\"primaryImageOfPage\":{\"@id\":\"https:\/\/tia.fr\/es\/glosario\/#primaryimage\"},\"image\":{\"@id\":\"https:\/\/tia.fr\/es\/glosario\/#primaryimage\"},\"thumbnailUrl\":\"https:\/\/tia.fr\/wp-content\/uploads\/2017\/09\/process_type_continu.jpg\",\"datePublished\":\"2019-01-15T13:47:37+00:00\",\"breadcrumb\":{\"@id\":\"https:\/\/tia.fr\/es\/glosario\/#breadcrumb\"},\"inLanguage\":\"es\",\"potentialAction\":[{\"@type\":\"ReadAction\",\"target\":[\"https:\/\/tia.fr\/es\/glosario\/\"]}]},{\"@type\":\"ImageObject\",\"inLanguage\":\"es\",\"@id\":\"https:\/\/tia.fr\/es\/glosario\/#primaryimage\",\"url\":\"https:\/\/tia.fr\/wp-content\/uploads\/2017\/09\/process_type_continu.jpg\",\"contentUrl\":\"https:\/\/tia.fr\/wp-content\/uploads\/2017\/09\/process_type_continu.jpg\"},{\"@type\":\"BreadcrumbList\",\"@id\":\"https:\/\/tia.fr\/es\/glosario\/#breadcrumb\",\"itemListElement\":[{\"@type\":\"ListItem\",\"position\":1,\"name\":\"Inicio\",\"item\":\"https:\/\/tia.fr\/es\/\"},{\"@type\":\"ListItem\",\"position\":2,\"name\":\"Glosario\"}]},{\"@type\":\"WebSite\",\"@id\":\"https:\/\/tia.fr\/es\/#website\",\"url\":\"https:\/\/tia.fr\/es\/\",\"name\":\"TIA\",\"description\":\"la filtraci\u00f3n de membrana a medida.\",\"potentialAction\":[{\"@type\":\"SearchAction\",\"target\":{\"@type\":\"EntryPoint\",\"urlTemplate\":\"https:\/\/tia.fr\/es\/?s={search_term_string}\"},\"query-input\":{\"@type\":\"PropertyValueSpecification\",\"valueRequired\":true,\"valueName\":\"search_term_string\"}}],\"inLanguage\":\"es\"}]}<\/script>\n<!-- \/ Yoast SEO plugin. -->","yoast_head_json":{"title":"Glosario - TIA","robots":{"index":"index","follow":"follow","max-snippet":"max-snippet:-1","max-image-preview":"max-image-preview:large","max-video-preview":"max-video-preview:-1"},"canonical":"https:\/\/tia.fr\/es\/glosario\/","og_locale":"es_ES","og_type":"article","og_title":"Glosario - TIA","og_description":"Carter : Espacio en el que las membranas son ensambladas y unidas para permitir la separaci\u00f3n del l\u00edquido permeado y el retenido. Es tubular, deM\u00e1s informaci\u00f3n","og_url":"https:\/\/tia.fr\/es\/glosario\/","og_site_name":"TIA","og_image":[{"url":"https:\/\/tia.fr\/wp-content\/uploads\/2017\/09\/process_type_continu.jpg","type":"","width":"","height":""}],"twitter_card":"summary_large_image","twitter_misc":{"Tiempo de lectura":"5 minutos"},"schema":{"@context":"https:\/\/schema.org","@graph":[{"@type":"WebPage","@id":"https:\/\/tia.fr\/es\/glosario\/","url":"https:\/\/tia.fr\/es\/glosario\/","name":"Glosario - TIA","isPartOf":{"@id":"https:\/\/tia.fr\/es\/#website"},"primaryImageOfPage":{"@id":"https:\/\/tia.fr\/es\/glosario\/#primaryimage"},"image":{"@id":"https:\/\/tia.fr\/es\/glosario\/#primaryimage"},"thumbnailUrl":"https:\/\/tia.fr\/wp-content\/uploads\/2017\/09\/process_type_continu.jpg","datePublished":"2019-01-15T13:47:37+00:00","breadcrumb":{"@id":"https:\/\/tia.fr\/es\/glosario\/#breadcrumb"},"inLanguage":"es","potentialAction":[{"@type":"ReadAction","target":["https:\/\/tia.fr\/es\/glosario\/"]}]},{"@type":"ImageObject","inLanguage":"es","@id":"https:\/\/tia.fr\/es\/glosario\/#primaryimage","url":"https:\/\/tia.fr\/wp-content\/uploads\/2017\/09\/process_type_continu.jpg","contentUrl":"https:\/\/tia.fr\/wp-content\/uploads\/2017\/09\/process_type_continu.jpg"},{"@type":"BreadcrumbList","@id":"https:\/\/tia.fr\/es\/glosario\/#breadcrumb","itemListElement":[{"@type":"ListItem","position":1,"name":"Inicio","item":"https:\/\/tia.fr\/es\/"},{"@type":"ListItem","position":2,"name":"Glosario"}]},{"@type":"WebSite","@id":"https:\/\/tia.fr\/es\/#website","url":"https:\/\/tia.fr\/es\/","name":"TIA","description":"la filtraci\u00f3n de membrana a medida.","potentialAction":[{"@type":"SearchAction","target":{"@type":"EntryPoint","urlTemplate":"https:\/\/tia.fr\/es\/?s={search_term_string}"},"query-input":{"@type":"PropertyValueSpecification","valueRequired":true,"valueName":"search_term_string"}}],"inLanguage":"es"}]}},"_links":{"self":[{"href":"https:\/\/tia.fr\/es\/wp-json\/wp\/v2\/pages\/1260","targetHints":{"allow":["GET"]}}],"collection":[{"href":"https:\/\/tia.fr\/es\/wp-json\/wp\/v2\/pages"}],"about":[{"href":"https:\/\/tia.fr\/es\/wp-json\/wp\/v2\/types\/page"}],"author":[{"embeddable":true,"href":"https:\/\/tia.fr\/es\/wp-json\/wp\/v2\/users\/12"}],"replies":[{"embeddable":true,"href":"https:\/\/tia.fr\/es\/wp-json\/wp\/v2\/comments?post=1260"}],"version-history":[{"count":0,"href":"https:\/\/tia.fr\/es\/wp-json\/wp\/v2\/pages\/1260\/revisions"}],"wp:attachment":[{"href":"https:\/\/tia.fr\/es\/wp-json\/wp\/v2\/media?parent=1260"}],"curies":[{"name":"wp","href":"https:\/\/api.w.org\/{rel}","templated":true}]}}