{"id":1262,"date":"2019-01-15T14:49:12","date_gmt":"2019-01-15T13:49:12","guid":{"rendered":"https:\/\/tia.fr\/notas-legales\/"},"modified":"2024-09-24T09:36:01","modified_gmt":"2024-09-24T07:36:01","slug":"notas-legales","status":"publish","type":"page","link":"https:\/\/tia.fr\/es\/notas-legales\/","title":{"rendered":"Notas legales"},"content":{"rendered":"<h2>Editor de la pagina web<\/h2>\n<p>T.I.A. T\u00e9cnicas Industriales Aplicadas<br \/>\n153 Rue Robert Schumann \u2013 CS30012<br \/>\n84500 Bollene<br \/>\nFRANCIA<br \/>\nTel\u00e9fono : +33(0)4 90 30 97 70<\/p>\n<p>Director de publicaci\u00f3n: Patrice LOOT<\/p>\n<p>SAS con un capital de 100.000 \u20ac \/ RCS : 349 467 167<\/p>\n<p>N\u00b0TVA : FR02 349 467 167<\/p>\n<h2>Dise\u00f1o y concepci\u00f3n de la pagina web<\/h2>\n<p>Canop\u00e9e, agencia de dise\u00f1o global y estrategia de comunicaci\u00f3n<br \/>\nDirecci\u00f3n : 2 rue \u00c9tienne Gautier, 13200 Arles<br \/>\nTel. : 04 90 93 80 30<br \/>\nE-mail : info@canopee.cc<br \/>\nPagina web: www.canopee.cc<\/p>\n<p>&nbsp;<\/p>\n<h2>Alojamiento<\/h2>\n<p>OVH<br \/>\nRCS Roubaix \u2013 Tourcoing 424 761 419 00045<br \/>\nCodigo APE 6202A<br \/>\nN\u00b0 IVA : FR 22 424 761 419<br \/>\nDomicilio social : 2 rue Kellermann \u2013 59100 Roubaix \u2013 France.<\/p>\n<p>&nbsp;<\/p>\n<h2>Propiedad intelectual<\/h2>\n<p>Todos los contenidos del sitio <a href=\"https:\/\/tia.fr\">tia.fr<\/a> en particular todos los textos, comentarios, trabajos, ilustraciones, obras e im\u00e1genes reproducidas o representadas son estrictamente reservadas bajo derechos de autor y derechos de propiedad intelectual y por todo el mundo. Como tal y de conformidad con las disposiciones del C\u00f3digo de Propiedad Intelectual, solo se permite la utilizaci\u00f3n para uso privado bajo reservas de las disposiciones diferentes o incluso m\u00e1s restrictivas del C\u00f3digo de Propiedad Intelectual. Cualquier reproducci\u00f3n o representaci\u00f3n total o parcial de la pagina web de T.I.A. T\u00e9cnicas Industriales Aplicadas de todo o parte de los elementos que se encuentran en la pagina web <a href=\"https:\/\/tia.fr\">tia.fr<\/a> est\u00e1 estrictamente prohibida.<br \/>\nTodo uso de estos contenidos en violaci\u00f3n a los derechos detenidos por terceros es constitutivo del delito de falsificaci\u00f3n, severamente sancionado por el C\u00f3digo de la Propiedad Intelectual.<\/p>\n<p>T.I.A. T\u00e9cnicas Industriales Aplicadas no puede en modo alguno responsabilizarse de la violaci\u00f3n por parte de un usuario de los derechos de terceros y perpetrado debido a las actividades de este \u00faltimo en la pagina web.<\/p>\n<h2>Responsabilidad<\/h2>\n<p>La pagina web <a href=\"https:\/\/tia.fr\">tia.fr<\/a> puede contener enlaces a otras paginas web cuyos contenidos no est\u00e1n bajo el control de T.I.A. T\u00e9cnicas industriales Aplicadas. Por lo tanto, T.I.A. T\u00e9cnicas industriales Aplicadas no puede responsabilizarse por el contenido de estos sitios web, los enlaces que contienen, los productos o servicios que ofrecen.<\/p>\n<p>T.I.A. T\u00e9cnicas industriales Aplicadas excluye cualquier responsabilidad por cualquier da\u00f1o causado directa y\/o indirectamente, de cualquier manera, por el uso de la pagina web. T.I.A. T\u00e9cnicas industriales Aplicadas no ser\u00e1 responsable por ning\u00fan da\u00f1o causado por:<\/p>\n<ul>\n<li>hechos y acciones de terceros,<\/li>\n<li>imposibilidad de utilizar la pagina web,<\/li>\n<li>uso irregular de la pagina web y\/o de los sistemas inform\u00e1ticos de T.I.A. T\u00e9cnicas industriales Aplicadas por un tercero<\/li>\n<\/ul>\n<h2>Datos personales<\/h2>\n<p>La informaci\u00f3n recopilada en este formulario se almacena en un archivo computarizado por T.I.A. T\u00e9cnicas industriales Aplicadas para la gesti\u00f3n de nuestros clientes y el env\u00edo del bolet\u00edn T.I.A .. Se conservan durante 2 a\u00f1os y est\u00e1n destinados al servicio de facturaci\u00f3n, ventas y marketing en Francia.<\/p>\n<p>De conformidad con la ley \u00ab Inform\u00e1tica y Libertades\u00bb, puedes ejercer su derecho de acceso a los datos que le conciernen y corregirlos poni\u00e9ndose en contacto con: M. LOOT Patrice, Director de la empresa, tia@tia.fr, Rue Robert Schumann, BP 12 , 84501 Boll\u00e8ne cedex.<\/p>\n","protected":false},"excerpt":{"rendered":"<p>Editor de la pagina web T.I.A. T\u00e9cnicas Industriales Aplicadas 153 Rue Robert Schumann \u2013 CS30012 84500 Bollene FRANCIA Tel\u00e9fono : +33(0)4 90 30 97 70<br \/><a class=\"excerpt-read-more bouton\" href=\"https:\/\/tia.fr\/es\/notas-legales\/\" title=\"Notas legales\">M\u00e1s informaci\u00f3n<\/a><\/p>\n","protected":false},"author":12,"featured_media":0,"parent":0,"menu_order":0,"comment_status":"closed","ping_status":"closed","template":"","meta":{"_acf_changed":false,"footnotes":""},"class_list":["post-1262","page","type-page","status-publish","hentry"],"acf":[],"yoast_head":"<!-- This site is optimized with the Yoast SEO plugin v26.9 - https:\/\/yoast.com\/product\/yoast-seo-wordpress\/ -->\n<title>Notas legales - TIA<\/title>\n<meta name=\"robots\" content=\"index, follow, max-snippet:-1, max-image-preview:large, max-video-preview:-1\" \/>\n<link rel=\"canonical\" href=\"https:\/\/tia.fr\/es\/notas-legales\/\" \/>\n<meta property=\"og:locale\" content=\"es_ES\" \/>\n<meta property=\"og:type\" content=\"article\" \/>\n<meta property=\"og:title\" content=\"Notas legales - TIA\" \/>\n<meta property=\"og:description\" content=\"Editor de la pagina web T.I.A. T\u00e9cnicas Industriales Aplicadas 153 Rue Robert Schumann \u2013 CS30012 84500 Bollene FRANCIA Tel\u00e9fono : +33(0)4 90 30 97 70M\u00e1s informaci\u00f3n\" \/>\n<meta property=\"og:url\" content=\"https:\/\/tia.fr\/es\/notas-legales\/\" \/>\n<meta property=\"og:site_name\" content=\"TIA\" \/>\n<meta property=\"article:modified_time\" content=\"2024-09-24T07:36:01+00:00\" \/>\n<meta name=\"twitter:card\" content=\"summary_large_image\" \/>\n<meta name=\"twitter:label1\" content=\"Tiempo de lectura\" \/>\n\t<meta name=\"twitter:data1\" content=\"3 minutos\" \/>\n<script type=\"application\/ld+json\" class=\"yoast-schema-graph\">{\"@context\":\"https:\/\/schema.org\",\"@graph\":[{\"@type\":\"WebPage\",\"@id\":\"https:\/\/tia.fr\/es\/notas-legales\/\",\"url\":\"https:\/\/tia.fr\/es\/notas-legales\/\",\"name\":\"Notas legales - TIA\",\"isPartOf\":{\"@id\":\"https:\/\/tia.fr\/es\/#website\"},\"datePublished\":\"2019-01-15T13:49:12+00:00\",\"dateModified\":\"2024-09-24T07:36:01+00:00\",\"breadcrumb\":{\"@id\":\"https:\/\/tia.fr\/es\/notas-legales\/#breadcrumb\"},\"inLanguage\":\"es\",\"potentialAction\":[{\"@type\":\"ReadAction\",\"target\":[\"https:\/\/tia.fr\/es\/notas-legales\/\"]}]},{\"@type\":\"BreadcrumbList\",\"@id\":\"https:\/\/tia.fr\/es\/notas-legales\/#breadcrumb\",\"itemListElement\":[{\"@type\":\"ListItem\",\"position\":1,\"name\":\"Inicio\",\"item\":\"https:\/\/tia.fr\/es\/\"},{\"@type\":\"ListItem\",\"position\":2,\"name\":\"Notas legales\"}]},{\"@type\":\"WebSite\",\"@id\":\"https:\/\/tia.fr\/es\/#website\",\"url\":\"https:\/\/tia.fr\/es\/\",\"name\":\"TIA\",\"description\":\"la filtraci\u00f3n de membrana a medida.\",\"potentialAction\":[{\"@type\":\"SearchAction\",\"target\":{\"@type\":\"EntryPoint\",\"urlTemplate\":\"https:\/\/tia.fr\/es\/?s={search_term_string}\"},\"query-input\":{\"@type\":\"PropertyValueSpecification\",\"valueRequired\":true,\"valueName\":\"search_term_string\"}}],\"inLanguage\":\"es\"}]}<\/script>\n<!-- \/ Yoast SEO plugin. -->","yoast_head_json":{"title":"Notas legales - TIA","robots":{"index":"index","follow":"follow","max-snippet":"max-snippet:-1","max-image-preview":"max-image-preview:large","max-video-preview":"max-video-preview:-1"},"canonical":"https:\/\/tia.fr\/es\/notas-legales\/","og_locale":"es_ES","og_type":"article","og_title":"Notas legales - TIA","og_description":"Editor de la pagina web T.I.A. T\u00e9cnicas Industriales Aplicadas 153 Rue Robert Schumann \u2013 CS30012 84500 Bollene FRANCIA Tel\u00e9fono : +33(0)4 90 30 97 70M\u00e1s informaci\u00f3n","og_url":"https:\/\/tia.fr\/es\/notas-legales\/","og_site_name":"TIA","article_modified_time":"2024-09-24T07:36:01+00:00","twitter_card":"summary_large_image","twitter_misc":{"Tiempo de lectura":"3 minutos"},"schema":{"@context":"https:\/\/schema.org","@graph":[{"@type":"WebPage","@id":"https:\/\/tia.fr\/es\/notas-legales\/","url":"https:\/\/tia.fr\/es\/notas-legales\/","name":"Notas legales - TIA","isPartOf":{"@id":"https:\/\/tia.fr\/es\/#website"},"datePublished":"2019-01-15T13:49:12+00:00","dateModified":"2024-09-24T07:36:01+00:00","breadcrumb":{"@id":"https:\/\/tia.fr\/es\/notas-legales\/#breadcrumb"},"inLanguage":"es","potentialAction":[{"@type":"ReadAction","target":["https:\/\/tia.fr\/es\/notas-legales\/"]}]},{"@type":"BreadcrumbList","@id":"https:\/\/tia.fr\/es\/notas-legales\/#breadcrumb","itemListElement":[{"@type":"ListItem","position":1,"name":"Inicio","item":"https:\/\/tia.fr\/es\/"},{"@type":"ListItem","position":2,"name":"Notas legales"}]},{"@type":"WebSite","@id":"https:\/\/tia.fr\/es\/#website","url":"https:\/\/tia.fr\/es\/","name":"TIA","description":"la filtraci\u00f3n de membrana a medida.","potentialAction":[{"@type":"SearchAction","target":{"@type":"EntryPoint","urlTemplate":"https:\/\/tia.fr\/es\/?s={search_term_string}"},"query-input":{"@type":"PropertyValueSpecification","valueRequired":true,"valueName":"search_term_string"}}],"inLanguage":"es"}]}},"_links":{"self":[{"href":"https:\/\/tia.fr\/es\/wp-json\/wp\/v2\/pages\/1262","targetHints":{"allow":["GET"]}}],"collection":[{"href":"https:\/\/tia.fr\/es\/wp-json\/wp\/v2\/pages"}],"about":[{"href":"https:\/\/tia.fr\/es\/wp-json\/wp\/v2\/types\/page"}],"author":[{"embeddable":true,"href":"https:\/\/tia.fr\/es\/wp-json\/wp\/v2\/users\/12"}],"replies":[{"embeddable":true,"href":"https:\/\/tia.fr\/es\/wp-json\/wp\/v2\/comments?post=1262"}],"version-history":[{"count":3,"href":"https:\/\/tia.fr\/es\/wp-json\/wp\/v2\/pages\/1262\/revisions"}],"predecessor-version":[{"id":4917,"href":"https:\/\/tia.fr\/es\/wp-json\/wp\/v2\/pages\/1262\/revisions\/4917"}],"wp:attachment":[{"href":"https:\/\/tia.fr\/es\/wp-json\/wp\/v2\/media?parent=1262"}],"curies":[{"name":"wp","href":"https:\/\/api.w.org\/{rel}","templated":true}]}}