{"id":2012,"date":"2019-01-28T00:08:26","date_gmt":"2019-01-27T23:08:26","guid":{"rendered":"https:\/\/tia.fr\/inicio\/"},"modified":"2022-01-06T11:36:08","modified_gmt":"2022-01-06T10:36:08","slug":"inicio","status":"publish","type":"page","link":"https:\/\/tia.fr\/es\/","title":{"rendered":"Inicio"},"content":{"rendered":"<p>Desde 1989, acompa\u00f1amos nuestros clientes en sus tramites innovadores <strong> de implementaci\u00f3n de t\u00e9cnicas de filtraci\u00f3n por membrana <\/strong>.<\/p>\n<p>Hemos elegido nuestra <strong> independencia <\/strong> y por tanto podemos responder adecuadamente a tus solicitudes m\u00e1s exigentes.<\/p>\n","protected":false},"excerpt":{"rendered":"<p>Desde 1989, acompa\u00f1amos nuestros clientes en sus tramites innovadores de implementaci\u00f3n de t\u00e9cnicas de filtraci\u00f3n por membrana . Hemos elegido nuestra independencia y por tanto<br \/><a class=\"excerpt-read-more bouton\" href=\"https:\/\/tia.fr\/es\/\" title=\"Inicio\">M\u00e1s informaci\u00f3n<\/a><\/p>\n","protected":false},"author":12,"featured_media":0,"parent":0,"menu_order":0,"comment_status":"closed","ping_status":"closed","template":"","meta":{"_acf_changed":false,"footnotes":""},"class_list":["post-2012","page","type-page","status-publish","hentry"],"acf":{"lien_Intro":"https:\/\/tia.fr\/es\/la-empresa\/empresa-y-valores\/","lien_slider_1":"https:\/\/tia.fr\/es\/conocimientos\/fabricacion-de-instalacion\/","lien_slider_2":"https:\/\/tia.fr\/es\/conocimientos\/fabricacion-piloto\/","lien_slider_3":"https:\/\/tia.fr\/es\/conocimientos\/alquiler-de-pilotos\/","lien_slider_4":"https:\/\/tia.fr\/es\/conocimientos\/membranas-y-accesorios\/","nombre_logos":"6","texte_lien_Actualites":"Ver todas las actualidades","texte_lien_Intro":"Nuestra experiencia","texte_lien_Partenaires":"Todos nuestros socios","texte_lien_slider_1":"Fabricaci\u00f3n <br>de instalaci\u00f3n","texte_lien_slider_2":"Fabricaci\u00f3n <br>piloto","texte_lien_slider_3":"Alquiler <br>de pilotos","texte_lien_slider_4":"Membranas <br>y accesorios","accueil_bloc_infos":[{"titre":"TIA is celebrating its 30st anniversary ! ","image":{"ID":3517,"id":3517,"title":"30-ans","filename":"30-ans.png","filesize":5683,"url":"https:\/\/tia.fr\/wp-content\/uploads\/2019\/09\/30-ans.png","link":"https:\/\/tia.fr\/es\/inicio\/30-ans-2\/","alt":"","author":"8","description":"","caption":"","name":"30-ans-2","status":"inherit","uploaded_to":2012,"date":"2019-09-23 06:40:34","modified":"2019-09-23 06:40:34","menu_order":0,"mime_type":"image\/png","type":"image","subtype":"png","icon":"https:\/\/tia.fr\/wp-includes\/images\/media\/default.png","width":157,"height":115,"sizes":{"thumbnail":"https:\/\/tia.fr\/wp-content\/uploads\/2019\/09\/30-ans.png","thumbnail-width":157,"thumbnail-height":115,"medium":"https:\/\/tia.fr\/wp-content\/uploads\/2019\/09\/30-ans.png","medium-width":157,"medium-height":115,"medium_large":"https:\/\/tia.fr\/wp-content\/uploads\/2019\/09\/30-ans.png","medium_large-width":157,"medium_large-height":115,"large":"https:\/\/tia.fr\/wp-content\/uploads\/2019\/09\/30-ans.png","large-width":157,"large-height":115,"1536x1536":"https:\/\/tia.fr\/wp-content\/uploads\/2019\/09\/30-ans.png","1536x1536-width":157,"1536x1536-height":115,"2048x2048":"https:\/\/tia.fr\/wp-content\/uploads\/2019\/09\/30-ans.png","2048x2048-width":157,"2048x2048-height":115,"slider":"https:\/\/tia.fr\/wp-content\/uploads\/2019\/09\/30-ans.png","slider-width":157,"slider-height":115,"banniere":"https:\/\/tia.fr\/wp-content\/uploads\/2019\/09\/30-ans.png","banniere-width":157,"banniere-height":115,"grille":"https:\/\/tia.fr\/wp-content\/uploads\/2019\/09\/30-ans.png","grille-width":157,"grille-height":115,"post-thumbnail":"https:\/\/tia.fr\/wp-content\/uploads\/2019\/09\/30-ans-125x115.png","post-thumbnail-width":125,"post-thumbnail-height":115}},"description":"<p>Since 1989, we realize and implement filtration units at the core of your process. (Re)discover some marking events of our history. For this occasion we have found some archives.<\/p>\n<p>&nbsp;<\/p>\n","lien":{"title":"30 a\u00f1os de experiencia","url":"https:\/\/tia.fr\/es\/30-years-of-expertise\/","target":""}},{"titre":"TIA makes a commitment !","image":{"ID":3937,"id":3937,"title":"LOGO COMPLET projet envies","filename":"LOGO-COMPLET-projet-envies.jpg","filesize":62896,"url":"https:\/\/tia.fr\/wp-content\/uploads\/2019\/09\/LOGO-COMPLET-projet-envies.jpg","link":"https:\/\/tia.fr\/es\/30-years-of-expertise\/logo-complet-projet-envies-2\/","alt":"","author":"9","description":"","caption":"","name":"logo-complet-projet-envies-2","status":"inherit","uploaded_to":3947,"date":"2019-09-27 06:46:40","modified":"2019-09-27 06:59:39","menu_order":0,"mime_type":"image\/jpeg","type":"image","subtype":"jpeg","icon":"https:\/\/tia.fr\/wp-includes\/images\/media\/default.png","width":906,"height":692,"sizes":{"thumbnail":"https:\/\/tia.fr\/wp-content\/uploads\/2019\/09\/LOGO-COMPLET-projet-envies-160x122.jpg","thumbnail-width":160,"thumbnail-height":122,"medium":"https:\/\/tia.fr\/wp-content\/uploads\/2019\/09\/LOGO-COMPLET-projet-envies-320x244.jpg","medium-width":320,"medium-height":244,"medium_large":"https:\/\/tia.fr\/wp-content\/uploads\/2019\/09\/LOGO-COMPLET-projet-envies-768x587.jpg","medium_large-width":768,"medium_large-height":587,"large":"https:\/\/tia.fr\/wp-content\/uploads\/2019\/09\/LOGO-COMPLET-projet-envies.jpg","large-width":906,"large-height":692,"1536x1536":"https:\/\/tia.fr\/wp-content\/uploads\/2019\/09\/LOGO-COMPLET-projet-envies.jpg","1536x1536-width":906,"1536x1536-height":692,"2048x2048":"https:\/\/tia.fr\/wp-content\/uploads\/2019\/09\/LOGO-COMPLET-projet-envies.jpg","2048x2048-width":906,"2048x2048-height":692,"slider":"https:\/\/tia.fr\/wp-content\/uploads\/2019\/09\/LOGO-COMPLET-projet-envies.jpg","slider-width":906,"slider-height":692,"banniere":"https:\/\/tia.fr\/wp-content\/uploads\/2019\/09\/LOGO-COMPLET-projet-envies-906x375.jpg","banniere-width":906,"banniere-height":375,"grille":"https:\/\/tia.fr\/wp-content\/uploads\/2019\/09\/LOGO-COMPLET-projet-envies-260x199.jpg","grille-width":260,"grille-height":199,"post-thumbnail":"https:\/\/tia.fr\/wp-content\/uploads\/2019\/09\/LOGO-COMPLET-projet-envies-125x125.jpg","post-thumbnail-width":125,"post-thumbnail-height":125}},"description":"<p>Discover the 4 projects suggested and retained by the contributors of TIA and vote for the project of your choice. TIA undertakes to finance and to support the project elected by our website users.<\/p>\n<p>&nbsp;<\/p>\n","lien":{"title":"Nuestros E.N.V.I.E.S.","url":"https:\/\/tia.fr\/es\/nos-e-n-v-i-e-s\/","target":""}}],"titre_bandeau_recrutement":"RECLUTAMIENTO","texte_bandeau_recrutement":" Desde una perspectiva de desarrollo, necesitamos fortalecer nuestros equipos con regularidad. No dudes en darte a conocer.","lien_bouton_recrutement":{"title":"Reclutamiento","url":"https:\/\/tia.fr\/es\/reclutamiento\/","target":""},"texte_bouton_recrutement":"CONT\u00c1CTENOS"},"yoast_head":"<!-- This site is optimized with the Yoast SEO plugin v26.9 - https:\/\/yoast.com\/product\/yoast-seo-wordpress\/ -->\n<title>TIA, la filtraci\u00f3n de membrana a medida.<\/title>\n<meta name=\"description\" content=\"TIA, la filtraci\u00f3n de membrana a medida.\" \/>\n<meta name=\"robots\" content=\"index, follow, max-snippet:-1, max-image-preview:large, max-video-preview:-1\" \/>\n<link rel=\"canonical\" href=\"https:\/\/tia.fr\/es\/\" \/>\n<meta property=\"og:locale\" content=\"es_ES\" \/>\n<meta property=\"og:type\" content=\"article\" \/>\n<meta property=\"og:title\" content=\"TIA, la filtraci\u00f3n de membrana a medida.\" \/>\n<meta property=\"og:description\" content=\"TIA, la filtraci\u00f3n de membrana a medida.\" \/>\n<meta property=\"og:url\" content=\"https:\/\/tia.fr\/es\/\" \/>\n<meta property=\"og:site_name\" content=\"TIA\" \/>\n<meta property=\"article:modified_time\" content=\"2022-01-06T10:36:08+00:00\" \/>\n<meta name=\"twitter:card\" content=\"summary_large_image\" \/>\n<script type=\"application\/ld+json\" class=\"yoast-schema-graph\">{\"@context\":\"https:\/\/schema.org\",\"@graph\":[{\"@type\":\"WebPage\",\"@id\":\"https:\/\/tia.fr\/es\/\",\"url\":\"https:\/\/tia.fr\/es\/\",\"name\":\"TIA, la filtraci\u00f3n de membrana a medida.\",\"isPartOf\":{\"@id\":\"https:\/\/tia.fr\/es\/#website\"},\"datePublished\":\"2019-01-27T23:08:26+00:00\",\"dateModified\":\"2022-01-06T10:36:08+00:00\",\"description\":\"TIA, la filtraci\u00f3n de membrana a medida.\",\"breadcrumb\":{\"@id\":\"https:\/\/tia.fr\/es\/#breadcrumb\"},\"inLanguage\":\"es\",\"potentialAction\":[{\"@type\":\"ReadAction\",\"target\":[\"https:\/\/tia.fr\/es\/\"]}]},{\"@type\":\"BreadcrumbList\",\"@id\":\"https:\/\/tia.fr\/es\/#breadcrumb\",\"itemListElement\":[{\"@type\":\"ListItem\",\"position\":1,\"name\":\"Inicio\",\"item\":\"https:\/\/tia.fr\/es\/\"},{\"@type\":\"ListItem\",\"position\":2,\"name\":\"Inicio\"}]},{\"@type\":\"WebSite\",\"@id\":\"https:\/\/tia.fr\/es\/#website\",\"url\":\"https:\/\/tia.fr\/es\/\",\"name\":\"TIA\",\"description\":\"la filtraci\u00f3n de membrana a medida.\",\"potentialAction\":[{\"@type\":\"SearchAction\",\"target\":{\"@type\":\"EntryPoint\",\"urlTemplate\":\"https:\/\/tia.fr\/es\/?s={search_term_string}\"},\"query-input\":{\"@type\":\"PropertyValueSpecification\",\"valueRequired\":true,\"valueName\":\"search_term_string\"}}],\"inLanguage\":\"es\"}]}<\/script>\n<!-- \/ Yoast SEO plugin. -->","yoast_head_json":{"title":"TIA, la filtraci\u00f3n de membrana a medida.","description":"TIA, la filtraci\u00f3n de membrana a medida.","robots":{"index":"index","follow":"follow","max-snippet":"max-snippet:-1","max-image-preview":"max-image-preview:large","max-video-preview":"max-video-preview:-1"},"canonical":"https:\/\/tia.fr\/es\/","og_locale":"es_ES","og_type":"article","og_title":"TIA, la filtraci\u00f3n de membrana a medida.","og_description":"TIA, la filtraci\u00f3n de membrana a medida.","og_url":"https:\/\/tia.fr\/es\/","og_site_name":"TIA","article_modified_time":"2022-01-06T10:36:08+00:00","twitter_card":"summary_large_image","schema":{"@context":"https:\/\/schema.org","@graph":[{"@type":"WebPage","@id":"https:\/\/tia.fr\/es\/","url":"https:\/\/tia.fr\/es\/","name":"TIA, la filtraci\u00f3n de membrana a medida.","isPartOf":{"@id":"https:\/\/tia.fr\/es\/#website"},"datePublished":"2019-01-27T23:08:26+00:00","dateModified":"2022-01-06T10:36:08+00:00","description":"TIA, la filtraci\u00f3n de membrana a medida.","breadcrumb":{"@id":"https:\/\/tia.fr\/es\/#breadcrumb"},"inLanguage":"es","potentialAction":[{"@type":"ReadAction","target":["https:\/\/tia.fr\/es\/"]}]},{"@type":"BreadcrumbList","@id":"https:\/\/tia.fr\/es\/#breadcrumb","itemListElement":[{"@type":"ListItem","position":1,"name":"Inicio","item":"https:\/\/tia.fr\/es\/"},{"@type":"ListItem","position":2,"name":"Inicio"}]},{"@type":"WebSite","@id":"https:\/\/tia.fr\/es\/#website","url":"https:\/\/tia.fr\/es\/","name":"TIA","description":"la filtraci\u00f3n de membrana a medida.","potentialAction":[{"@type":"SearchAction","target":{"@type":"EntryPoint","urlTemplate":"https:\/\/tia.fr\/es\/?s={search_term_string}"},"query-input":{"@type":"PropertyValueSpecification","valueRequired":true,"valueName":"search_term_string"}}],"inLanguage":"es"}]}},"_links":{"self":[{"href":"https:\/\/tia.fr\/es\/wp-json\/wp\/v2\/pages\/2012","targetHints":{"allow":["GET"]}}],"collection":[{"href":"https:\/\/tia.fr\/es\/wp-json\/wp\/v2\/pages"}],"about":[{"href":"https:\/\/tia.fr\/es\/wp-json\/wp\/v2\/types\/page"}],"author":[{"embeddable":true,"href":"https:\/\/tia.fr\/es\/wp-json\/wp\/v2\/users\/12"}],"replies":[{"embeddable":true,"href":"https:\/\/tia.fr\/es\/wp-json\/wp\/v2\/comments?post=2012"}],"version-history":[{"count":10,"href":"https:\/\/tia.fr\/es\/wp-json\/wp\/v2\/pages\/2012\/revisions"}],"predecessor-version":[{"id":4881,"href":"https:\/\/tia.fr\/es\/wp-json\/wp\/v2\/pages\/2012\/revisions\/4881"}],"wp:attachment":[{"href":"https:\/\/tia.fr\/es\/wp-json\/wp\/v2\/media?parent=2012"}],"curies":[{"name":"wp","href":"https:\/\/api.w.org\/{rel}","templated":true}]}}